{"id":6199,"date":"2025-01-13T09:10:01","date_gmt":"2025-01-13T09:10:01","guid":{"rendered":"https:\/\/www.lifecitypro.com\/?post_type=product&#038;p=6199"},"modified":"2026-01-28T04:51:37","modified_gmt":"2026-01-28T04:51:37","slug":"model-3-y-chilewich-massgefertigte-fuss-und-kofferraummatten","status":"publish","type":"product","link":"https:\/\/www.lifecitypro.com\/it\/product\/model-3-y-chilewich-massgefertigte-fuss-und-kofferraummatten\/","title":{"rendered":"Model 3 \/ Y Chilewich ma\u00dfgefertigte Fu\u00df- und Kofferraummatten"},"content":{"rendered":"<div data-elementor-type=\"wp-post\" data-elementor-id=\"6199\" class=\"elementor elementor-6199\">\n\t\t\t\t<div class=\"elementor-element elementor-element-6d950cd e-flex e-con-boxed e-con e-parent\" data-id=\"6d950cd\" data-element_type=\"container\">\n\t\t\t\t\t<div class=\"e-con-inner\">\n\t\t\t\t<div class=\"elementor-element elementor-element-8145249 elementor-widget elementor-widget-text-editor\" data-id=\"8145249\" data-element_type=\"widget\" data-widget_type=\"text-editor.default\">\n\t\t\t\t<div class=\"elementor-widget-container\">\n\t\t\t\t\t\t\t\t\t<p>Jedes Muster ist so gestaltet, dass es den gesamten Innenraum abdeckt und die Oberfl\u00e4chen vor Abnutzung, Schmutz, versch\u00fctteten Fl\u00fcssigkeiten und allt\u00e4glichen Gebrauchsspuren sch\u00fctzt. Die Matten sind zudem 100 % wasserdicht und mit einem neuen, wasserabweisenden Biofilz-Polymer beschichtet, das das Durchdringen von Fl\u00fcssigkeiten, Schnee oder Schneematsch verhindert \u2013 ideal f\u00fcr jedes Klima.<\/p><p>Neben dem Schutz bieten die Matten eine gepolsterte, ger\u00e4uschd\u00e4mpfende Schicht, die zu einer ruhigeren und komfortableren Fahrgastzelle beitr\u00e4gt. Hohe Strapazierf\u00e4higkeit und Fleckenbest\u00e4ndigkeit gew\u00e4hrleisten, dass die Matten auch unter den anspruchsvollen Bedingungen des t\u00e4glichen Tesla-Einsatzes ihr Aussehen und ihre Leistungsf\u00e4higkeit behalten.<\/p><p>Die Kofferraummatten k\u00f6nnen dauerhaft im Fahrzeug verbleiben oder bei Bedarf einfach zusammengerollt und verstaut werden. Sie verhindern, dass Gep\u00e4ck und Ausr\u00fcstung verrutschen, und sch\u00fctzen den Originalteppich vor Besch\u00e4digungen. Auch im Alltag sind sie praktisch \u2013 zum Beispiel f\u00fcr kurze Kinderbetreuungsmomente, Aktivit\u00e4ten im Freien oder Picknicks. Alle Matten lassen sich einfach mit Wasser absp\u00fclen, mit einem milden Reinigungsmittel waschen und an der Sonne trocknen.<\/p><h3>Personalisierungsm\u00f6glichkeiten<\/h3><p>Wir fertigen Ihnen ein individuelles Fu\u00dfmatten-Set speziell f\u00fcr Ihr Tesla Model 3 oder Y an. So erhalten Sie ein einzigartiges Premium-Erlebnis. Bitte beachten Sie, dass die Anfertigung von Sonderanfertigungen bis zu 4 Wochen dauern kann.<\/p>\t\t\t\t\t\t\t\t<\/div>\n\t\t\t\t<\/div>\n\t\t\t\t\t<\/div>\n\t\t\t\t<\/div>\n\t\t<div class=\"elementor-element elementor-element-5f35ce6 e-flex e-con-boxed e-con e-parent\" data-id=\"5f35ce6\" data-element_type=\"container\">\n\t\t\t\t\t<div class=\"e-con-inner\">\n\t\t\t\t<div class=\"elementor-element elementor-element-b608990 elementor-widget elementor-widget-image-gallery\" data-id=\"b608990\" data-element_type=\"widget\" data-widget_type=\"image-gallery.default\">\n\t\t\t\t<div class=\"elementor-widget-container\">\n\t\t\t\t\t\t\t<div class=\"elementor-image-gallery\">\n\t\t\t<div id='gallery-1' class='gallery galleryid-6199 gallery-columns-3 gallery-size-medium_large'><figure class='gallery-item'>\n\t\t\t<div class='gallery-icon landscape'>\n\t\t\t\t<img fetchpriority=\"high\" decoding=\"async\" width=\"768\" height=\"512\" src=\"https:\/\/www.lifecitypro.com\/wp-content\/uploads\/2025\/12\/Tesla-Model-3-Y-Chilewich-Custom-Fit-Floor-and-Cargo-Mats-7--768x512.jpg\" class=\"attachment-medium_large size-medium_large\" alt=\"Model 3 \/ Y Chilewich ma\u00dfgefertigte Fu\u00df- und Kofferraummatten-Tesla Model 3 Y Chilewich Custom Fit Floor and Cargo Mats 7\" aria-describedby=\"gallery-1-6202\" srcset=\"https:\/\/www.lifecitypro.com\/wp-content\/uploads\/2025\/12\/Tesla-Model-3-Y-Chilewich-Custom-Fit-Floor-and-Cargo-Mats-7--768x512.jpg 768w, https:\/\/www.lifecitypro.com\/wp-content\/uploads\/2025\/12\/Tesla-Model-3-Y-Chilewich-Custom-Fit-Floor-and-Cargo-Mats-7--300x200.jpg 300w, https:\/\/www.lifecitypro.com\/wp-content\/uploads\/2025\/12\/Tesla-Model-3-Y-Chilewich-Custom-Fit-Floor-and-Cargo-Mats-7--1024x682.jpg 1024w, https:\/\/www.lifecitypro.com\/wp-content\/uploads\/2025\/12\/Tesla-Model-3-Y-Chilewich-Custom-Fit-Floor-and-Cargo-Mats-7--18x12.jpg 18w, https:\/\/www.lifecitypro.com\/wp-content\/uploads\/2025\/12\/Tesla-Model-3-Y-Chilewich-Custom-Fit-Floor-and-Cargo-Mats-7--600x400.jpg 600w, https:\/\/www.lifecitypro.com\/wp-content\/uploads\/2025\/12\/Tesla-Model-3-Y-Chilewich-Custom-Fit-Floor-and-Cargo-Mats-7-.jpg 1280w\" sizes=\"(max-width: 768px) 100vw, 768px\" \/>\n\t\t\t<\/div>\n\t\t\t\t<figcaption class='wp-caption-text gallery-caption' id='gallery-1-6202'>\n\t\t\t\tModel 3 \/ Y Chilewich ma\u00dfgefertigte Fu\u00df- und Kofferraummatten-Tesla Model 3 Y Chilewich Custom Fit Floor and Cargo Mats 7\n\t\t\t\t<\/figcaption><\/figure><figure class='gallery-item'>\n\t\t\t<div class='gallery-icon landscape'>\n\t\t\t\t<img decoding=\"async\" width=\"768\" height=\"512\" src=\"https:\/\/www.lifecitypro.com\/wp-content\/uploads\/2025\/12\/Tesla-Model-3-Y-Chilewich-Custom-Fit-Floor-and-Cargo-Mats-8--768x512.jpg\" class=\"attachment-medium_large size-medium_large\" alt=\"Model 3 \/ Y Chilewich ma\u00dfgefertigte Fu\u00df- und Kofferraummatten-Tesla Model 3 Y Chilewich Custom Fit Floor and Cargo Mats 8\" aria-describedby=\"gallery-1-6203\" srcset=\"https:\/\/www.lifecitypro.com\/wp-content\/uploads\/2025\/12\/Tesla-Model-3-Y-Chilewich-Custom-Fit-Floor-and-Cargo-Mats-8--768x512.jpg 768w, https:\/\/www.lifecitypro.com\/wp-content\/uploads\/2025\/12\/Tesla-Model-3-Y-Chilewich-Custom-Fit-Floor-and-Cargo-Mats-8--300x200.jpg 300w, https:\/\/www.lifecitypro.com\/wp-content\/uploads\/2025\/12\/Tesla-Model-3-Y-Chilewich-Custom-Fit-Floor-and-Cargo-Mats-8--1024x682.jpg 1024w, https:\/\/www.lifecitypro.com\/wp-content\/uploads\/2025\/12\/Tesla-Model-3-Y-Chilewich-Custom-Fit-Floor-and-Cargo-Mats-8--18x12.jpg 18w, https:\/\/www.lifecitypro.com\/wp-content\/uploads\/2025\/12\/Tesla-Model-3-Y-Chilewich-Custom-Fit-Floor-and-Cargo-Mats-8--600x400.jpg 600w, https:\/\/www.lifecitypro.com\/wp-content\/uploads\/2025\/12\/Tesla-Model-3-Y-Chilewich-Custom-Fit-Floor-and-Cargo-Mats-8-.jpg 1280w\" sizes=\"(max-width: 768px) 100vw, 768px\" \/>\n\t\t\t<\/div>\n\t\t\t\t<figcaption class='wp-caption-text gallery-caption' id='gallery-1-6203'>\n\t\t\t\tModel 3 \/ Y Chilewich ma\u00dfgefertigte Fu\u00df- und Kofferraummatten-Tesla Model 3 Y Chilewich Custom Fit Floor and Cargo Mats 8\n\t\t\t\t<\/figcaption><\/figure><figure class='gallery-item'>\n\t\t\t<div class='gallery-icon landscape'>\n\t\t\t\t<img decoding=\"async\" width=\"768\" height=\"512\" src=\"https:\/\/www.lifecitypro.com\/wp-content\/uploads\/2025\/12\/Tesla-Model-3-Y-Chilewich-Custom-Fit-Floor-and-Cargo-Mats-9--768x512.jpg\" class=\"attachment-medium_large size-medium_large\" alt=\"Model 3 \/ Y Chilewich ma\u00dfgefertigte Fu\u00df- und Kofferraummatten-Tesla Model 3 Y Chilewich Custom Fit Floor and Cargo Mats 9\" aria-describedby=\"gallery-1-6204\" srcset=\"https:\/\/www.lifecitypro.com\/wp-content\/uploads\/2025\/12\/Tesla-Model-3-Y-Chilewich-Custom-Fit-Floor-and-Cargo-Mats-9--768x512.jpg 768w, https:\/\/www.lifecitypro.com\/wp-content\/uploads\/2025\/12\/Tesla-Model-3-Y-Chilewich-Custom-Fit-Floor-and-Cargo-Mats-9--300x200.jpg 300w, https:\/\/www.lifecitypro.com\/wp-content\/uploads\/2025\/12\/Tesla-Model-3-Y-Chilewich-Custom-Fit-Floor-and-Cargo-Mats-9--1024x682.jpg 1024w, https:\/\/www.lifecitypro.com\/wp-content\/uploads\/2025\/12\/Tesla-Model-3-Y-Chilewich-Custom-Fit-Floor-and-Cargo-Mats-9--18x12.jpg 18w, https:\/\/www.lifecitypro.com\/wp-content\/uploads\/2025\/12\/Tesla-Model-3-Y-Chilewich-Custom-Fit-Floor-and-Cargo-Mats-9--600x400.jpg 600w, https:\/\/www.lifecitypro.com\/wp-content\/uploads\/2025\/12\/Tesla-Model-3-Y-Chilewich-Custom-Fit-Floor-and-Cargo-Mats-9-.jpg 1280w\" sizes=\"(max-width: 768px) 100vw, 768px\" \/>\n\t\t\t<\/div>\n\t\t\t\t<figcaption class='wp-caption-text gallery-caption' id='gallery-1-6204'>\n\t\t\t\tModel 3 \/ Y Chilewich ma\u00dfgefertigte Fu\u00df- und Kofferraummatten-Tesla Model 3 Y Chilewich Custom Fit Floor and Cargo Mats 9\n\t\t\t\t<\/figcaption><\/figure>\n\t\t<\/div>\n\t\t<\/div>\n\t\t\t\t\t\t<\/div>\n\t\t\t\t<\/div>\n\t\t\t\t\t<\/div>\n\t\t\t\t<\/div>\n\t\t<div class=\"elementor-element elementor-element-b89b94a e-flex e-con-boxed e-con e-parent\" data-id=\"b89b94a\" data-element_type=\"container\">\n\t\t\t\t\t<div class=\"e-con-inner\">\n\t\t<div class=\"elementor-element elementor-element-e6d9438 e-con-full e-flex e-con e-child\" data-id=\"e6d9438\" data-element_type=\"container\">\n\t\t\t\t<div class=\"elementor-element elementor-element-77b4c66 elementor-widget elementor-widget-text-editor\" data-id=\"77b4c66\" data-element_type=\"widget\" data-widget_type=\"text-editor.default\">\n\t\t\t\t<div class=\"elementor-widget-container\">\n\t\t\t\t\t\t\t\t\t<h3>Spezifikationen<\/h3><p>Fahrzeugspezifische Designs: Einzigartige Muster f\u00fcr Tesla Model 3 und Model Y<br \/>Material: Original Gewebe<br \/>Individualisierung: Webart und Farbe w\u00e4hlbar (Anfertigung innerhalb von 4 Wochen)<br \/>R\u00fcckseite: Wasserfeste Biofilz-Polymer-R\u00fcckseite<br \/>Langlebigkeit: Entwickelt f\u00fcr jahrelangen Farberhalt<\/p><h3>Umweltfreundliche Herstellung:<\/h3><ul><li>Phthalat- und bleifreie Garne<\/li><li>18 % nachwachsender Rohstoffe<\/li><li>Frei von Schwermetallen und herk\u00f6mmlichen Weichmachern<\/li><\/ul><h3>Pflege:<\/h3><ul><li>Einfache Reinigung mit milder Seife und Wasser<\/li><li>Bleichmittelbest\u00e4ndig \u2013 farbecht<\/li><li>Schimmel- und mehltaufest<\/li><li>Ger\u00e4uschreduzierende Innenraumleistung<\/li><\/ul><h3>Qualit\u00e4tsgarantie:<\/h3><p>F\u00fcnf Jahre Garantie auf hochwertige Materialien und Verarbeitung<\/p>\t\t\t\t\t\t\t\t<\/div>\n\t\t\t\t<\/div>\n\t\t\t\t<\/div>\n\t\t<div class=\"elementor-element elementor-element-7520d47 e-con-full e-flex e-con e-child\" data-id=\"7520d47\" data-element_type=\"container\">\n\t\t\t\t<div class=\"elementor-element elementor-element-5ef38b3 elementor-widget elementor-widget-image-gallery\" data-id=\"5ef38b3\" data-element_type=\"widget\" data-widget_type=\"image-gallery.default\">\n\t\t\t\t<div class=\"elementor-widget-container\">\n\t\t\t\t\t\t\t<div class=\"elementor-image-gallery\">\n\t\t\t<div id='gallery-2' class='gallery galleryid-6199 gallery-columns-1 gallery-size-medium_large'><figure class='gallery-item'>\n\t\t\t<div class='gallery-icon landscape'>\n\t\t\t\t<img loading=\"lazy\" decoding=\"async\" width=\"768\" height=\"512\" src=\"https:\/\/www.lifecitypro.com\/wp-content\/uploads\/2025\/12\/Tesla-Model-3-Y-Chilewich-Custom-Fit-Floor-and-Cargo-Mats-768x512.jpg\" class=\"attachment-medium_large size-medium_large\" alt=\"Model 3 \/ Y Chilewich ma\u00dfgefertigte Fu\u00df- und Kofferraummatten-Tesla Model 3 Y Chilewich Custom Fit Floor and Cargo Mats\" aria-describedby=\"gallery-2-6193\" srcset=\"https:\/\/www.lifecitypro.com\/wp-content\/uploads\/2025\/12\/Tesla-Model-3-Y-Chilewich-Custom-Fit-Floor-and-Cargo-Mats-768x512.jpg 768w, https:\/\/www.lifecitypro.com\/wp-content\/uploads\/2025\/12\/Tesla-Model-3-Y-Chilewich-Custom-Fit-Floor-and-Cargo-Mats-300x200.jpg 300w, https:\/\/www.lifecitypro.com\/wp-content\/uploads\/2025\/12\/Tesla-Model-3-Y-Chilewich-Custom-Fit-Floor-and-Cargo-Mats-1024x682.jpg 1024w, https:\/\/www.lifecitypro.com\/wp-content\/uploads\/2025\/12\/Tesla-Model-3-Y-Chilewich-Custom-Fit-Floor-and-Cargo-Mats-18x12.jpg 18w, https:\/\/www.lifecitypro.com\/wp-content\/uploads\/2025\/12\/Tesla-Model-3-Y-Chilewich-Custom-Fit-Floor-and-Cargo-Mats-600x400.jpg 600w, https:\/\/www.lifecitypro.com\/wp-content\/uploads\/2025\/12\/Tesla-Model-3-Y-Chilewich-Custom-Fit-Floor-and-Cargo-Mats.jpg 1280w\" sizes=\"(max-width: 768px) 100vw, 768px\" \/>\n\t\t\t<\/div>\n\t\t\t\t<figcaption class='wp-caption-text gallery-caption' id='gallery-2-6193'>\n\t\t\t\tModel 3 \/ Y Chilewich ma\u00dfgefertigte Fu\u00df- und Kofferraummatten-Tesla Model 3 Y Chilewich Custom Fit Floor and Cargo Mats\n\t\t\t\t<\/figcaption><\/figure><figure class='gallery-item'>\n\t\t\t<div class='gallery-icon landscape'>\n\t\t\t\t<img loading=\"lazy\" decoding=\"async\" width=\"768\" height=\"512\" src=\"https:\/\/www.lifecitypro.com\/wp-content\/uploads\/2025\/12\/Tesla-Model-3-Y-Chilewich-Custom-Fit-Floor-and-Cargo-Mats-1--768x512.jpg\" class=\"attachment-medium_large size-medium_large\" alt=\"Model 3 \/ Y Chilewich ma\u00dfgefertigte Fu\u00df- und Kofferraummatten-Tesla Model 3 Y Chilewich Custom Fit Floor and Cargo Mats 1\" aria-describedby=\"gallery-2-6194\" srcset=\"https:\/\/www.lifecitypro.com\/wp-content\/uploads\/2025\/12\/Tesla-Model-3-Y-Chilewich-Custom-Fit-Floor-and-Cargo-Mats-1--768x512.jpg 768w, https:\/\/www.lifecitypro.com\/wp-content\/uploads\/2025\/12\/Tesla-Model-3-Y-Chilewich-Custom-Fit-Floor-and-Cargo-Mats-1--300x200.jpg 300w, https:\/\/www.lifecitypro.com\/wp-content\/uploads\/2025\/12\/Tesla-Model-3-Y-Chilewich-Custom-Fit-Floor-and-Cargo-Mats-1--1024x682.jpg 1024w, https:\/\/www.lifecitypro.com\/wp-content\/uploads\/2025\/12\/Tesla-Model-3-Y-Chilewich-Custom-Fit-Floor-and-Cargo-Mats-1--18x12.jpg 18w, https:\/\/www.lifecitypro.com\/wp-content\/uploads\/2025\/12\/Tesla-Model-3-Y-Chilewich-Custom-Fit-Floor-and-Cargo-Mats-1--600x400.jpg 600w, https:\/\/www.lifecitypro.com\/wp-content\/uploads\/2025\/12\/Tesla-Model-3-Y-Chilewich-Custom-Fit-Floor-and-Cargo-Mats-1-.jpg 1280w\" sizes=\"(max-width: 768px) 100vw, 768px\" \/>\n\t\t\t<\/div>\n\t\t\t\t<figcaption class='wp-caption-text gallery-caption' id='gallery-2-6194'>\n\t\t\t\tModel 3 \/ Y Chilewich ma\u00dfgefertigte Fu\u00df- und Kofferraummatten-Tesla Model 3 Y Chilewich Custom Fit Floor and Cargo Mats 1\n\t\t\t\t<\/figcaption><\/figure>\n\t\t<\/div>\n\t\t<\/div>\n\t\t\t\t\t\t<\/div>\n\t\t\t\t<\/div>\n\t\t\t\t<\/div>\n\t\t\t\t\t<\/div>\n\t\t\t\t<\/div>\n\t\t<div class=\"elementor-element elementor-element-195ec25 e-flex e-con-boxed e-con e-parent\" data-id=\"195ec25\" data-element_type=\"container\">\n\t\t\t\t\t<div class=\"e-con-inner\">\n\t\t\t\t<div class=\"elementor-element elementor-element-8856814 elementor-widget elementor-widget-text-editor\" data-id=\"8856814\" data-element_type=\"widget\" data-widget_type=\"text-editor.default\">\n\t\t\t\t<div class=\"elementor-widget-container\">\n\t\t\t\t\t\t\t\t\t<h3>Model Y Matten-Sets<\/h3><p><strong>Master-Set (5 Matten)<\/strong><br \/>Fahrermatte \/ Beifahrermatte \/ Fu\u00dfmatte hinten \/ Kofferraummatte \/ Laderaummatte + Getr\u00e4nkehalter-Einsatz<br \/>Hinweis: Die Laderaummatte ist nicht mit dem 7-Sitzer Model Y kompatibel.<\/p><h3>Model 3 Matten-Sets (2017\u20132023)<\/h3><p><strong>Master-Set (5 Matten)<\/strong><br \/>Fahrermatte \/ Beifahrermatte \/ Fu\u00dfmatte hinten \/ Kofferraummatte \/ Laderaummatte + Getr\u00e4nkehalter-Einsatz<\/p><h3>Model 3 Matten-Sets (ab 2024 Highland)<\/h3><p><strong>Master-Set (5 Matten)<\/strong><br \/>Fahrermatte \/ Beifahrermatte \/ Fu\u00dfmatte hinten \/ Kofferraummatte \/ Laderaummatte + Getr\u00e4nkehalter-Einsatz<\/p><h3>Pflegehinweise<\/h3><p>Die gewebte Oberfl\u00e4che bei Bedarf absaugen oder waschen. Versch\u00fcttete Fl\u00fcssigkeiten sofort abtupfen. Flecken mit einer weichen B\u00fcrste und Seifenwasser oder einem chlorhaltigen Reiniger entfernen. Vor dem Wiedereinbau vollst\u00e4ndig an der Luft trocknen lassen.<\/p><h3>Langlebigkeit und Leistung<\/h3><p>Chilewich-Textilien sind so konzipiert, dass sie ihr edles Aussehen \u00fcber Jahrzehnte hinweg bewahren. Kontinuierliche Innovationen seit \u00fcber 20 Jahren gew\u00e4hrleisten maximale Leistung, minimale Umweltbelastung und integrierten antimikrobiellen Schutz, um Funktionalit\u00e4t und \u00c4sthetik zu erhalten und gleichzeitig den Bedarf an Ersatzteilen zu reduzieren.<\/p>\t\t\t\t\t\t\t\t<\/div>\n\t\t\t\t<\/div>\n\t\t\t\t\t<\/div>\n\t\t\t\t<\/div>\n\t\t\t\t<\/div>","protected":false},"excerpt":{"rendered":"<p>Jedes Muster ist so gestaltet, dass es den gesamten Innenraum abdeckt und die Oberfl\u00e4chen vor Abnutzung, Schmutz, versch\u00fctteten Fl\u00fcssigkeiten und allt\u00e4glichen Gebrauchsspuren sch\u00fctzt. Die Matten sind zudem 100 % wasserdicht und mit einem neuen, wasserabweisenden Biofilz-Polymer beschichtet, das das Durchdringen von Fl\u00fcssigkeiten, Schnee oder Schneematsch verhindert \u2013 ideal f\u00fcr jedes Klima.<\/p>\n<p>Neben dem Schutz bieten die Matten eine gepolsterte, ger\u00e4uschd\u00e4mpfende Schicht, die zu einer ruhigeren und komfortableren Fahrgastzelle beitr\u00e4gt. Hohe Strapazierf\u00e4higkeit und Fleckenbest\u00e4ndigkeit gew\u00e4hrleisten, dass die Matten auch unter den anspruchsvollen Bedingungen des t\u00e4glichen Tesla-Einsatzes ihr Aussehen und ihre Leistungsf\u00e4higkeit behalten.<\/p>\n<p>Die Kofferraummatten k\u00f6nnen dauerhaft im Fahrzeug verbleiben oder bei Bedarf einfach zusammengerollt und verstaut werden. Sie verhindern, dass Gep\u00e4ck und Ausr\u00fcstung verrutschen, und sch\u00fctzen den Teppichboden vor Besch\u00e4digungen. Auch im Alltag sind sie praktisch \u2013 zum Beispiel f\u00fcr die schnelle Kinderbetreuung, Aktivit\u00e4ten im Freien oder beim Grillen im Freien. Alle Matten lassen sich einfach mit Wasser absp\u00fclen, mit einem milden Reinigungsmittel waschen und an der Luft in der Sonne trocknen.<\/p>","protected":false},"featured_media":6193,"comment_status":"open","ping_status":"closed","template":"","meta":{"site-sidebar-layout":"default","site-content-layout":"","ast-site-content-layout":"default","site-content-style":"default","site-sidebar-style":"default","ast-global-header-display":"","ast-banner-title-visibility":"","ast-main-header-display":"","ast-hfb-above-header-display":"","ast-hfb-below-header-display":"","ast-hfb-mobile-header-display":"","site-post-title":"","ast-breadcrumbs-content":"","ast-featured-img":"","footer-sml-layout":"","theme-transparent-header-meta":"default","adv-header-id-meta":"","stick-header-meta":"default","header-above-stick-meta":"","header-main-stick-meta":"","header-below-stick-meta":"","astra-migrate-meta-layouts":"set","ast-page-background-enabled":"default","ast-page-background-meta":{"desktop":{"background-color":"","background-image":"","background-repeat":"repeat","background-position":"center center","background-size":"auto","background-attachment":"scroll","background-type":"","background-media":"","overlay-type":"","overlay-color":"","overlay-opacity":"","overlay-gradient":""},"tablet":{"background-color":"","background-image":"","background-repeat":"repeat","background-position":"center center","background-size":"auto","background-attachment":"scroll","background-type":"","background-media":"","overlay-type":"","overlay-color":"","overlay-opacity":"","overlay-gradient":""},"mobile":{"background-color":"","background-image":"","background-repeat":"repeat","background-position":"center center","background-size":"auto","background-attachment":"scroll","background-type":"","background-media":"","overlay-type":"","overlay-color":"","overlay-opacity":"","overlay-gradient":""}},"ast-content-background-meta":{"desktop":{"background-color":"var(--ast-global-color-5)","background-image":"","background-repeat":"repeat","background-position":"center center","background-size":"auto","background-attachment":"scroll","background-type":"","background-media":"","overlay-type":"","overlay-color":"","overlay-opacity":"","overlay-gradient":""},"tablet":{"background-color":"var(--ast-global-color-5)","background-image":"","background-repeat":"repeat","background-position":"center center","background-size":"auto","background-attachment":"scroll","background-type":"","background-media":"","overlay-type":"","overlay-color":"","overlay-opacity":"","overlay-gradient":""},"mobile":{"background-color":"var(--ast-global-color-5)","background-image":"","background-repeat":"repeat","background-position":"center center","background-size":"auto","background-attachment":"scroll","background-type":"","background-media":"","overlay-type":"","overlay-color":"","overlay-opacity":"","overlay-gradient":""}}},"product_brand":[],"product_cat":[92],"product_tag":[],"class_list":{"0":"post-6199","1":"product","2":"type-product","3":"status-publish","4":"has-post-thumbnail","6":"product_cat-autoteile","7":"desktop-align-center","8":"tablet-align-center","9":"mobile-align-center","10":"ast-product-gallery-layout-horizontal-slider","11":"ast-product-single-variable","12":"ast-product-tabs-layout-horizontal","13":"ast-qv-on-image","15":"first","16":"instock","17":"sale","18":"shipping-taxable","19":"purchasable","20":"product-type-variable","21":"has-default-attributes"},"tiered_pricing_type":"fixed","tiered_pricing_fixed_rules":[],"tiered_pricing_product_settings":{"layout":"default","base_unit_name":{"singular":null,"plural":null},"default_variation":null},"tiered_pricing_minimum_quantity":null,"tiered_pricing_roles_data":[],"tiered_pricing_percentage_rules":[],"_links":{"self":[{"href":"https:\/\/www.lifecitypro.com\/it\/wp-json\/wp\/v2\/product\/6199","targetHints":{"allow":["GET"]}}],"collection":[{"href":"https:\/\/www.lifecitypro.com\/it\/wp-json\/wp\/v2\/product"}],"about":[{"href":"https:\/\/www.lifecitypro.com\/it\/wp-json\/wp\/v2\/types\/product"}],"replies":[{"embeddable":true,"href":"https:\/\/www.lifecitypro.com\/it\/wp-json\/wp\/v2\/comments?post=6199"}],"version-history":[{"count":8,"href":"https:\/\/www.lifecitypro.com\/it\/wp-json\/wp\/v2\/product\/6199\/revisions"}],"predecessor-version":[{"id":6215,"href":"https:\/\/www.lifecitypro.com\/it\/wp-json\/wp\/v2\/product\/6199\/revisions\/6215"}],"wp:featuredmedia":[{"embeddable":true,"href":"https:\/\/www.lifecitypro.com\/it\/wp-json\/wp\/v2\/media\/6193"}],"wp:attachment":[{"href":"https:\/\/www.lifecitypro.com\/it\/wp-json\/wp\/v2\/media?parent=6199"}],"wp:term":[{"taxonomy":"product_brand","embeddable":true,"href":"https:\/\/www.lifecitypro.com\/it\/wp-json\/wp\/v2\/product_brand?post=6199"},{"taxonomy":"product_cat","embeddable":true,"href":"https:\/\/www.lifecitypro.com\/it\/wp-json\/wp\/v2\/product_cat?post=6199"},{"taxonomy":"product_tag","embeddable":true,"href":"https:\/\/www.lifecitypro.com\/it\/wp-json\/wp\/v2\/product_tag?post=6199"}],"curies":[{"name":"wp","href":"https:\/\/api.w.org\/{rel}","templated":true}]}}