{"id":6114,"date":"2025-01-13T05:23:28","date_gmt":"2025-01-13T05:23:28","guid":{"rendered":"https:\/\/www.lifecitypro.com\/?post_type=product&#038;p=6114"},"modified":"2026-01-28T04:50:37","modified_gmt":"2026-01-28T04:50:37","slug":"s3xy-rgb-led-lichtleiste-fuer-das-armaturenbrett-des-model-3-y-bluetooth-app-steuerungsset","status":"publish","type":"product","link":"https:\/\/www.lifecitypro.com\/it\/product\/s3xy-rgb-led-lichtleiste-fuer-das-armaturenbrett-des-model-3-y-bluetooth-app-steuerungsset\/","title":{"rendered":"S3XY RGB-LED-Lichtleiste f\u00fcr das Armaturenbrett des Model 3\/Y \u2013 Bluetooth-App-Steuerungsset"},"content":{"rendered":"<div data-elementor-type=\"wp-post\" data-elementor-id=\"6114\" class=\"elementor elementor-6114\">\n\t\t\t\t<div class=\"elementor-element elementor-element-6d950cd e-flex e-con-boxed e-con e-parent\" data-id=\"6d950cd\" data-element_type=\"container\">\n\t\t\t\t\t<div class=\"e-con-inner\">\n\t\t\t\t<div class=\"elementor-element elementor-element-8145249 elementor-widget elementor-widget-text-editor\" data-id=\"8145249\" data-element_type=\"widget\" data-widget_type=\"text-editor.default\">\n\t\t\t\t<div class=\"elementor-widget-container\">\n\t\t\t\t\t\t\t\t\t<h2>Verleihen Sie Ihrem Tesla mit dem S3XY LED-RGB-Lichtstreifen von Enhance ein atemberaubendes Ambiente!<\/h2><p>Verwandeln Sie Ihren Tesla mit dem S3XY LED-RGB-Lichtstreifen von Enhance in einen echten Hingucker bei Nacht! Dieses Premium-Beleuchtungssystem wurde f\u00fcr Model 3, Y, S und X entwickelt und bietet anpassbare Farben, dynamische Effekte und intelligente Funktionen f\u00fcr den Innenraum, die T\u00fcren und den Unterboden Ihres Fahrzeugs. Der S3XY-Streifen ist wasserdicht und hitzebest\u00e4ndig und l\u00e4sst sich m\u00fchelos installieren \u2013 ganz ohne Verkabelung oder komplizierte Einrichtung. Einfach anschlie\u00dfen, koppeln und personalisieren.<\/p><p>Mit Musik-Synchronisation, Fahrmodus-Effekten, Bluetooth-\/WLAN-Steuerung und Zugriff auf 16 Millionen Farben in verschiedenen dynamischen Modi wird Ihr Tesla zur Leinwand f\u00fcr ausdrucksstarke Ambientebeleuchtung. Der sichere Niederspannungsbetrieb sorgt f\u00fcr mehr Stil ohne Ablenkung \u2013 pure, immersive Brillanz.<\/p>\t\t\t\t\t\t\t\t<\/div>\n\t\t\t\t<\/div>\n\t\t\t\t\t<\/div>\n\t\t\t\t<\/div>\n\t\t<div class=\"elementor-element elementor-element-5f35ce6 e-flex e-con-boxed e-con e-parent\" data-id=\"5f35ce6\" data-element_type=\"container\">\n\t\t\t\t\t<div class=\"e-con-inner\">\n\t\t\t\t<div class=\"elementor-element elementor-element-b608990 elementor-widget elementor-widget-image-gallery\" data-id=\"b608990\" data-element_type=\"widget\" data-widget_type=\"image-gallery.default\">\n\t\t\t\t<div class=\"elementor-widget-container\">\n\t\t\t\t\t\t\t<div class=\"elementor-image-gallery\">\n\t\t\t<div id='gallery-1' class='gallery galleryid-6114 gallery-columns-3 gallery-size-medium_large'><figure class='gallery-item'>\n\t\t\t<div class='gallery-icon landscape'>\n\t\t\t\t<img fetchpriority=\"high\" decoding=\"async\" width=\"768\" height=\"512\" src=\"https:\/\/www.lifecitypro.com\/wp-content\/uploads\/2025\/12\/S3XY-RGB-LED-Light-Strip-for-Tesla-Model-3-Y-Dashboard-\u2013-Bluetooth-App-Control-Kit-768x512.jpg\" class=\"attachment-medium_large size-medium_large\" alt=\"S3XY RGB-LED-Lichtleiste f\u00fcr das Armaturenbrett des Model 3\/Y \u2013 Bluetooth-App-Steuerungsset-S3XY RGB LED Light Strip for Tesla Model 3 Y Dashboard \u2013 Bluetooth App Control Kit\" aria-describedby=\"gallery-1-6116\" srcset=\"https:\/\/www.lifecitypro.com\/wp-content\/uploads\/2025\/12\/S3XY-RGB-LED-Light-Strip-for-Tesla-Model-3-Y-Dashboard-\u2013-Bluetooth-App-Control-Kit-768x512.jpg 768w, https:\/\/www.lifecitypro.com\/wp-content\/uploads\/2025\/12\/S3XY-RGB-LED-Light-Strip-for-Tesla-Model-3-Y-Dashboard-\u2013-Bluetooth-App-Control-Kit-300x200.jpg 300w, https:\/\/www.lifecitypro.com\/wp-content\/uploads\/2025\/12\/S3XY-RGB-LED-Light-Strip-for-Tesla-Model-3-Y-Dashboard-\u2013-Bluetooth-App-Control-Kit-1024x682.jpg 1024w, https:\/\/www.lifecitypro.com\/wp-content\/uploads\/2025\/12\/S3XY-RGB-LED-Light-Strip-for-Tesla-Model-3-Y-Dashboard-\u2013-Bluetooth-App-Control-Kit-18x12.jpg 18w, https:\/\/www.lifecitypro.com\/wp-content\/uploads\/2025\/12\/S3XY-RGB-LED-Light-Strip-for-Tesla-Model-3-Y-Dashboard-\u2013-Bluetooth-App-Control-Kit-600x400.jpg 600w, https:\/\/www.lifecitypro.com\/wp-content\/uploads\/2025\/12\/S3XY-RGB-LED-Light-Strip-for-Tesla-Model-3-Y-Dashboard-\u2013-Bluetooth-App-Control-Kit.jpg 1280w\" sizes=\"(max-width: 768px) 100vw, 768px\" \/>\n\t\t\t<\/div>\n\t\t\t\t<figcaption class='wp-caption-text gallery-caption' id='gallery-1-6116'>\n\t\t\t\tS3XY RGB-LED-Lichtleiste f\u00fcr das Armaturenbrett des Model 3\/Y \u2013 Bluetooth-App-Steuerungsset-S3XY RGB LED Light Strip for Tesla Model 3 Y Dashboard \u2013 Bluetooth App Control Kit\n\t\t\t\t<\/figcaption><\/figure><figure class='gallery-item'>\n\t\t\t<div class='gallery-icon landscape'>\n\t\t\t\t<img decoding=\"async\" width=\"768\" height=\"512\" src=\"https:\/\/www.lifecitypro.com\/wp-content\/uploads\/2025\/12\/S3XY-RGB-LED-Light-Strip-for-Tesla-Model-3-Y-Dashboard-\u2013-Bluetooth-App-Control-Kit-1--768x512.jpg\" class=\"attachment-medium_large size-medium_large\" alt=\"S3XY RGB-LED-Lichtleiste f\u00fcr das Armaturenbrett des Model 3\/Y \u2013 Bluetooth-App-Steuerungsset-S3XY RGB LED Light Strip for Tesla Model 3 Y Dashboard \u2013 Bluetooth App Control Kit 1\" aria-describedby=\"gallery-1-6117\" srcset=\"https:\/\/www.lifecitypro.com\/wp-content\/uploads\/2025\/12\/S3XY-RGB-LED-Light-Strip-for-Tesla-Model-3-Y-Dashboard-\u2013-Bluetooth-App-Control-Kit-1--768x512.jpg 768w, https:\/\/www.lifecitypro.com\/wp-content\/uploads\/2025\/12\/S3XY-RGB-LED-Light-Strip-for-Tesla-Model-3-Y-Dashboard-\u2013-Bluetooth-App-Control-Kit-1--300x200.jpg 300w, https:\/\/www.lifecitypro.com\/wp-content\/uploads\/2025\/12\/S3XY-RGB-LED-Light-Strip-for-Tesla-Model-3-Y-Dashboard-\u2013-Bluetooth-App-Control-Kit-1--1024x682.jpg 1024w, https:\/\/www.lifecitypro.com\/wp-content\/uploads\/2025\/12\/S3XY-RGB-LED-Light-Strip-for-Tesla-Model-3-Y-Dashboard-\u2013-Bluetooth-App-Control-Kit-1--18x12.jpg 18w, https:\/\/www.lifecitypro.com\/wp-content\/uploads\/2025\/12\/S3XY-RGB-LED-Light-Strip-for-Tesla-Model-3-Y-Dashboard-\u2013-Bluetooth-App-Control-Kit-1--600x400.jpg 600w, https:\/\/www.lifecitypro.com\/wp-content\/uploads\/2025\/12\/S3XY-RGB-LED-Light-Strip-for-Tesla-Model-3-Y-Dashboard-\u2013-Bluetooth-App-Control-Kit-1-.jpg 1280w\" sizes=\"(max-width: 768px) 100vw, 768px\" \/>\n\t\t\t<\/div>\n\t\t\t\t<figcaption class='wp-caption-text gallery-caption' id='gallery-1-6117'>\n\t\t\t\tS3XY RGB-LED-Lichtleiste f\u00fcr das Armaturenbrett des Model 3\/Y \u2013 Bluetooth-App-Steuerungsset-S3XY RGB LED Light Strip for Tesla Model 3 Y Dashboard \u2013 Bluetooth App Control Kit 1\n\t\t\t\t<\/figcaption><\/figure><figure class='gallery-item'>\n\t\t\t<div class='gallery-icon landscape'>\n\t\t\t\t<img decoding=\"async\" width=\"768\" height=\"512\" src=\"https:\/\/www.lifecitypro.com\/wp-content\/uploads\/2025\/12\/S3XY-RGB-LED-Light-Strip-for-Tesla-Model-3-Y-Dashboard-\u2013-Bluetooth-App-Control-Kit-2--768x512.jpg\" class=\"attachment-medium_large size-medium_large\" alt=\"S3XY RGB-LED-Lichtleiste f\u00fcr das Armaturenbrett des Model 3\/Y \u2013 Bluetooth-App-Steuerungsset-S3XY RGB LED Light Strip for Tesla Model 3 Y Dashboard \u2013 Bluetooth App Control Kit 2\" aria-describedby=\"gallery-1-6118\" srcset=\"https:\/\/www.lifecitypro.com\/wp-content\/uploads\/2025\/12\/S3XY-RGB-LED-Light-Strip-for-Tesla-Model-3-Y-Dashboard-\u2013-Bluetooth-App-Control-Kit-2--768x512.jpg 768w, https:\/\/www.lifecitypro.com\/wp-content\/uploads\/2025\/12\/S3XY-RGB-LED-Light-Strip-for-Tesla-Model-3-Y-Dashboard-\u2013-Bluetooth-App-Control-Kit-2--300x200.jpg 300w, https:\/\/www.lifecitypro.com\/wp-content\/uploads\/2025\/12\/S3XY-RGB-LED-Light-Strip-for-Tesla-Model-3-Y-Dashboard-\u2013-Bluetooth-App-Control-Kit-2--1024x682.jpg 1024w, https:\/\/www.lifecitypro.com\/wp-content\/uploads\/2025\/12\/S3XY-RGB-LED-Light-Strip-for-Tesla-Model-3-Y-Dashboard-\u2013-Bluetooth-App-Control-Kit-2--18x12.jpg 18w, https:\/\/www.lifecitypro.com\/wp-content\/uploads\/2025\/12\/S3XY-RGB-LED-Light-Strip-for-Tesla-Model-3-Y-Dashboard-\u2013-Bluetooth-App-Control-Kit-2--600x400.jpg 600w, https:\/\/www.lifecitypro.com\/wp-content\/uploads\/2025\/12\/S3XY-RGB-LED-Light-Strip-for-Tesla-Model-3-Y-Dashboard-\u2013-Bluetooth-App-Control-Kit-2-.jpg 1280w\" sizes=\"(max-width: 768px) 100vw, 768px\" \/>\n\t\t\t<\/div>\n\t\t\t\t<figcaption class='wp-caption-text gallery-caption' id='gallery-1-6118'>\n\t\t\t\tS3XY RGB-LED-Lichtleiste f\u00fcr das Armaturenbrett des Model 3\/Y \u2013 Bluetooth-App-Steuerungsset-S3XY RGB LED Light Strip for Tesla Model 3 Y Dashboard \u2013 Bluetooth App Control Kit 2\n\t\t\t\t<\/figcaption><\/figure>\n\t\t<\/div>\n\t\t<\/div>\n\t\t\t\t\t\t<\/div>\n\t\t\t\t<\/div>\n\t\t\t\t\t<\/div>\n\t\t\t\t<\/div>\n\t\t<div class=\"elementor-element elementor-element-b89b94a e-flex e-con-boxed e-con e-parent\" data-id=\"b89b94a\" data-element_type=\"container\">\n\t\t\t\t\t<div class=\"e-con-inner\">\n\t\t<div class=\"elementor-element elementor-element-e6d9438 e-con-full e-flex e-con e-child\" data-id=\"e6d9438\" data-element_type=\"container\">\n\t\t\t\t<div class=\"elementor-element elementor-element-77b4c66 elementor-widget elementor-widget-text-editor\" data-id=\"77b4c66\" data-element_type=\"widget\" data-widget_type=\"text-editor.default\">\n\t\t\t\t<div class=\"elementor-widget-container\">\n\t\t\t\t\t\t\t\t\t<h2>Hauptmerkmale<\/h2><ul><li>M\u00fchelose Installation<br \/>Plug-and-Play-Einrichtung f\u00fcr alle Tesla-Modelle.<\/li><li>Intelligente RGB-Steuerung<br \/>Lebendige Farben, sanfte Farbverl\u00e4ufe und intelligentes Lichtverhalten.<\/li><li>Visuelle Warnmeldungen<br \/>Lichtsignale unterst\u00fctzen ein sichereres und intuitiveres Fahrerlebnis.<\/li><li>Vollst\u00e4ndig anpassbar<br \/>Steuern Sie jedes Detail \u00fcber die S3XY App \u2013 mit regelm\u00e4\u00dfigen Updates.<\/li><\/ul><h2>Intelligente visuelle Benachrichtigungen<\/h2><ul><li>Totwinkelwarnung<\/li><li>Geschwindigkeitsbegrenzungswarnung<\/li><li>W\u00e4chter-Modus-Pulse<\/li><li>Begr\u00fc\u00dfungslichtanimation<\/li><li>\u2026und vieles mehr!<\/li><\/ul>\t\t\t\t\t\t\t\t<\/div>\n\t\t\t\t<\/div>\n\t\t\t\t<\/div>\n\t\t<div class=\"elementor-element elementor-element-7520d47 e-con-full e-flex e-con e-child\" data-id=\"7520d47\" data-element_type=\"container\">\n\t\t\t\t<div class=\"elementor-element elementor-element-5ef38b3 elementor-widget elementor-widget-image-gallery\" data-id=\"5ef38b3\" data-element_type=\"widget\" data-widget_type=\"image-gallery.default\">\n\t\t\t\t<div class=\"elementor-widget-container\">\n\t\t\t\t\t\t\t<div class=\"elementor-image-gallery\">\n\t\t\t<div id='gallery-2' class='gallery galleryid-6114 gallery-columns-1 gallery-size-medium_large'><figure class='gallery-item'>\n\t\t\t<div class='gallery-icon landscape'>\n\t\t\t\t<img loading=\"lazy\" decoding=\"async\" width=\"768\" height=\"512\" src=\"https:\/\/www.lifecitypro.com\/wp-content\/uploads\/2025\/12\/S3XY-RGB-LED-Light-Strip-for-Tesla-Model-3-Y-Dashboard-\u2013-Bluetooth-App-Control-Kit-2--768x512.jpg\" class=\"attachment-medium_large size-medium_large\" alt=\"S3XY RGB-LED-Lichtleiste f\u00fcr das Armaturenbrett des Model 3\/Y \u2013 Bluetooth-App-Steuerungsset-S3XY RGB LED Light Strip for Tesla Model 3 Y Dashboard \u2013 Bluetooth App Control Kit 2\" aria-describedby=\"gallery-2-6118\" srcset=\"https:\/\/www.lifecitypro.com\/wp-content\/uploads\/2025\/12\/S3XY-RGB-LED-Light-Strip-for-Tesla-Model-3-Y-Dashboard-\u2013-Bluetooth-App-Control-Kit-2--768x512.jpg 768w, https:\/\/www.lifecitypro.com\/wp-content\/uploads\/2025\/12\/S3XY-RGB-LED-Light-Strip-for-Tesla-Model-3-Y-Dashboard-\u2013-Bluetooth-App-Control-Kit-2--300x200.jpg 300w, https:\/\/www.lifecitypro.com\/wp-content\/uploads\/2025\/12\/S3XY-RGB-LED-Light-Strip-for-Tesla-Model-3-Y-Dashboard-\u2013-Bluetooth-App-Control-Kit-2--1024x682.jpg 1024w, https:\/\/www.lifecitypro.com\/wp-content\/uploads\/2025\/12\/S3XY-RGB-LED-Light-Strip-for-Tesla-Model-3-Y-Dashboard-\u2013-Bluetooth-App-Control-Kit-2--18x12.jpg 18w, https:\/\/www.lifecitypro.com\/wp-content\/uploads\/2025\/12\/S3XY-RGB-LED-Light-Strip-for-Tesla-Model-3-Y-Dashboard-\u2013-Bluetooth-App-Control-Kit-2--600x400.jpg 600w, https:\/\/www.lifecitypro.com\/wp-content\/uploads\/2025\/12\/S3XY-RGB-LED-Light-Strip-for-Tesla-Model-3-Y-Dashboard-\u2013-Bluetooth-App-Control-Kit-2-.jpg 1280w\" sizes=\"(max-width: 768px) 100vw, 768px\" \/>\n\t\t\t<\/div>\n\t\t\t\t<figcaption class='wp-caption-text gallery-caption' id='gallery-2-6118'>\n\t\t\t\tS3XY RGB-LED-Lichtleiste f\u00fcr das Armaturenbrett des Model 3\/Y \u2013 Bluetooth-App-Steuerungsset-S3XY RGB LED Light Strip for Tesla Model 3 Y Dashboard \u2013 Bluetooth App Control Kit 2\n\t\t\t\t<\/figcaption><\/figure><figure class='gallery-item'>\n\t\t\t<div class='gallery-icon landscape'>\n\t\t\t\t<img loading=\"lazy\" decoding=\"async\" width=\"768\" height=\"512\" src=\"https:\/\/www.lifecitypro.com\/wp-content\/uploads\/2025\/12\/S3XY-RGB-LED-Light-Strip-for-Tesla-Model-3-Y-Dashboard-\u2013-Bluetooth-App-Control-Kit-1--768x512.jpg\" class=\"attachment-medium_large size-medium_large\" alt=\"S3XY RGB-LED-Lichtleiste f\u00fcr das Armaturenbrett des Model 3\/Y \u2013 Bluetooth-App-Steuerungsset-S3XY RGB LED Light Strip for Tesla Model 3 Y Dashboard \u2013 Bluetooth App Control Kit 1\" aria-describedby=\"gallery-2-6117\" srcset=\"https:\/\/www.lifecitypro.com\/wp-content\/uploads\/2025\/12\/S3XY-RGB-LED-Light-Strip-for-Tesla-Model-3-Y-Dashboard-\u2013-Bluetooth-App-Control-Kit-1--768x512.jpg 768w, https:\/\/www.lifecitypro.com\/wp-content\/uploads\/2025\/12\/S3XY-RGB-LED-Light-Strip-for-Tesla-Model-3-Y-Dashboard-\u2013-Bluetooth-App-Control-Kit-1--300x200.jpg 300w, https:\/\/www.lifecitypro.com\/wp-content\/uploads\/2025\/12\/S3XY-RGB-LED-Light-Strip-for-Tesla-Model-3-Y-Dashboard-\u2013-Bluetooth-App-Control-Kit-1--1024x682.jpg 1024w, https:\/\/www.lifecitypro.com\/wp-content\/uploads\/2025\/12\/S3XY-RGB-LED-Light-Strip-for-Tesla-Model-3-Y-Dashboard-\u2013-Bluetooth-App-Control-Kit-1--18x12.jpg 18w, https:\/\/www.lifecitypro.com\/wp-content\/uploads\/2025\/12\/S3XY-RGB-LED-Light-Strip-for-Tesla-Model-3-Y-Dashboard-\u2013-Bluetooth-App-Control-Kit-1--600x400.jpg 600w, https:\/\/www.lifecitypro.com\/wp-content\/uploads\/2025\/12\/S3XY-RGB-LED-Light-Strip-for-Tesla-Model-3-Y-Dashboard-\u2013-Bluetooth-App-Control-Kit-1-.jpg 1280w\" sizes=\"(max-width: 768px) 100vw, 768px\" \/>\n\t\t\t<\/div>\n\t\t\t\t<figcaption class='wp-caption-text gallery-caption' id='gallery-2-6117'>\n\t\t\t\tS3XY RGB-LED-Lichtleiste f\u00fcr das Armaturenbrett des Model 3\/Y \u2013 Bluetooth-App-Steuerungsset-S3XY RGB LED Light Strip for Tesla Model 3 Y Dashboard \u2013 Bluetooth App Control Kit 1\n\t\t\t\t<\/figcaption><\/figure>\n\t\t<\/div>\n\t\t<\/div>\n\t\t\t\t\t\t<\/div>\n\t\t\t\t<\/div>\n\t\t\t\t<\/div>\n\t\t\t\t\t<\/div>\n\t\t\t\t<\/div>\n\t\t<div class=\"elementor-element elementor-element-195ec25 e-flex e-con-boxed e-con e-parent\" data-id=\"195ec25\" data-element_type=\"container\">\n\t\t\t\t\t<div class=\"e-con-inner\">\n\t\t\t\t<div class=\"elementor-element elementor-element-8856814 elementor-widget elementor-widget-text-editor\" data-id=\"8856814\" data-element_type=\"widget\" data-widget_type=\"text-editor.default\">\n\t\t\t\t<div class=\"elementor-widget-container\">\n\t\t\t\t\t\t\t\t\t<p>Passen Sie Farben, Helligkeit, Effekte und Benachrichtigungen \u00fcber die intuitive S3XY App an. Dank regelm\u00e4\u00dfiger Funktionsupdates, die auf dem Feedback der Community basieren, wird Ihr Beleuchtungserlebnis mit der Zeit immer besser. Kein Commander oder zus\u00e4tzliche Hardware erforderlich \u2013 dieses eigenst\u00e4ndige System ist mit allen Tesla-Modellen kompatibel und enth\u00e4lt Schritt-f\u00fcr-Schritt-Installationsvideos auf der S3XY Strip-Produktseite.<\/p><p>Verleihen Sie jeder Fahrt Pers\u00f6nlichkeit, Flair und futuristische Beleuchtung \u2013 markant, brillant und elegant einfach.<\/p>\t\t\t\t\t\t\t\t<\/div>\n\t\t\t\t<\/div>\n\t\t\t\t\t<\/div>\n\t\t\t\t<\/div>\n\t\t\t\t<\/div>","protected":false},"excerpt":{"rendered":"<p>Verwandeln Sie Ihren Tesla mit dem S3XY LED-RGB-Lichtstreifen von Enhance in einen atemberaubenden Blickfang bei Nacht! Dieses Premium-Beleuchtungssystem wurde speziell f\u00fcr Model 3, Y, S und X entwickelt und bietet individuell anpassbare Farben, dynamische Effekte und smarte Funktionen f\u00fcr den Innenraum, die T\u00fcren und den Unterboden Ihres Fahrzeugs. Dank seiner wasserdichten und hitzebest\u00e4ndigen Konstruktion l\u00e4sst sich der S3XY Strip m\u00fchelos installieren \u2013 ganz ohne Verkabelung oder komplizierte Einrichtung. Einfach einstecken, koppeln und personalisieren.<\/p>\n<p>Mit Musik-Synchronisation, Fahrmodus-Effekten, Bluetooth-\/WLAN-Steuerung und Zugriff auf 16 Millionen Farben in verschiedenen dynamischen Modi wird Ihr Tesla zur Leinwand f\u00fcr ausdrucksstarke Ambientebeleuchtung. Der sichere Niederspannungsbetrieb sorgt f\u00fcr ein stilvolles Ambiente ohne Ablenkung \u2013 pure, faszinierende Brillanz.<\/p>","protected":false},"featured_media":6116,"comment_status":"open","ping_status":"closed","template":"","meta":{"site-sidebar-layout":"default","site-content-layout":"","ast-site-content-layout":"default","site-content-style":"default","site-sidebar-style":"default","ast-global-header-display":"","ast-banner-title-visibility":"","ast-main-header-display":"","ast-hfb-above-header-display":"","ast-hfb-below-header-display":"","ast-hfb-mobile-header-display":"","site-post-title":"","ast-breadcrumbs-content":"","ast-featured-img":"","footer-sml-layout":"","theme-transparent-header-meta":"default","adv-header-id-meta":"","stick-header-meta":"default","header-above-stick-meta":"","header-main-stick-meta":"","header-below-stick-meta":"","astra-migrate-meta-layouts":"set","ast-page-background-enabled":"default","ast-page-background-meta":{"desktop":{"background-color":"","background-image":"","background-repeat":"repeat","background-position":"center center","background-size":"auto","background-attachment":"scroll","background-type":"","background-media":"","overlay-type":"","overlay-color":"","overlay-opacity":"","overlay-gradient":""},"tablet":{"background-color":"","background-image":"","background-repeat":"repeat","background-position":"center center","background-size":"auto","background-attachment":"scroll","background-type":"","background-media":"","overlay-type":"","overlay-color":"","overlay-opacity":"","overlay-gradient":""},"mobile":{"background-color":"","background-image":"","background-repeat":"repeat","background-position":"center center","background-size":"auto","background-attachment":"scroll","background-type":"","background-media":"","overlay-type":"","overlay-color":"","overlay-opacity":"","overlay-gradient":""}},"ast-content-background-meta":{"desktop":{"background-color":"var(--ast-global-color-5)","background-image":"","background-repeat":"repeat","background-position":"center center","background-size":"auto","background-attachment":"scroll","background-type":"","background-media":"","overlay-type":"","overlay-color":"","overlay-opacity":"","overlay-gradient":""},"tablet":{"background-color":"var(--ast-global-color-5)","background-image":"","background-repeat":"repeat","background-position":"center center","background-size":"auto","background-attachment":"scroll","background-type":"","background-media":"","overlay-type":"","overlay-color":"","overlay-opacity":"","overlay-gradient":""},"mobile":{"background-color":"var(--ast-global-color-5)","background-image":"","background-repeat":"repeat","background-position":"center center","background-size":"auto","background-attachment":"scroll","background-type":"","background-media":"","overlay-type":"","overlay-color":"","overlay-opacity":"","overlay-gradient":""}}},"product_brand":[],"product_cat":[92],"product_tag":[],"class_list":{"0":"post-6114","1":"product","2":"type-product","3":"status-publish","4":"has-post-thumbnail","6":"product_cat-autoteile","7":"desktop-align-center","8":"tablet-align-center","9":"mobile-align-center","10":"ast-product-gallery-layout-horizontal-slider","11":"ast-product-single-variable","12":"ast-product-tabs-layout-horizontal","13":"ast-qv-on-image","15":"first","16":"instock","17":"sale","18":"shipping-taxable","19":"purchasable","20":"product-type-variable","21":"has-default-attributes"},"tiered_pricing_type":"fixed","tiered_pricing_fixed_rules":[],"tiered_pricing_product_settings":{"layout":"default","base_unit_name":{"singular":null,"plural":null},"default_variation":null},"tiered_pricing_minimum_quantity":null,"tiered_pricing_roles_data":[],"tiered_pricing_percentage_rules":[],"_links":{"self":[{"href":"https:\/\/www.lifecitypro.com\/it\/wp-json\/wp\/v2\/product\/6114","targetHints":{"allow":["GET"]}}],"collection":[{"href":"https:\/\/www.lifecitypro.com\/it\/wp-json\/wp\/v2\/product"}],"about":[{"href":"https:\/\/www.lifecitypro.com\/it\/wp-json\/wp\/v2\/types\/product"}],"replies":[{"embeddable":true,"href":"https:\/\/www.lifecitypro.com\/it\/wp-json\/wp\/v2\/comments?post=6114"}],"version-history":[{"count":9,"href":"https:\/\/www.lifecitypro.com\/it\/wp-json\/wp\/v2\/product\/6114\/revisions"}],"predecessor-version":[{"id":6220,"href":"https:\/\/www.lifecitypro.com\/it\/wp-json\/wp\/v2\/product\/6114\/revisions\/6220"}],"wp:featuredmedia":[{"embeddable":true,"href":"https:\/\/www.lifecitypro.com\/it\/wp-json\/wp\/v2\/media\/6116"}],"wp:attachment":[{"href":"https:\/\/www.lifecitypro.com\/it\/wp-json\/wp\/v2\/media?parent=6114"}],"wp:term":[{"taxonomy":"product_brand","embeddable":true,"href":"https:\/\/www.lifecitypro.com\/it\/wp-json\/wp\/v2\/product_brand?post=6114"},{"taxonomy":"product_cat","embeddable":true,"href":"https:\/\/www.lifecitypro.com\/it\/wp-json\/wp\/v2\/product_cat?post=6114"},{"taxonomy":"product_tag","embeddable":true,"href":"https:\/\/www.lifecitypro.com\/it\/wp-json\/wp\/v2\/product_tag?post=6114"}],"curies":[{"name":"wp","href":"https:\/\/api.w.org\/{rel}","templated":true}]}}