{"id":96,"date":"2018-06-18T06:57:57","date_gmt":"2018-06-18T06:57:57","guid":{"rendered":"https:\/\/www.lifecitypro.com\/about\/"},"modified":"2024-07-01T14:28:16","modified_gmt":"2024-07-01T14:28:16","slug":"about","status":"publish","type":"page","link":"https:\/\/www.lifecitypro.com\/it\/about\/","title":{"rendered":"Informazioni su LifeCityPro"},"content":{"rendered":"<div data-elementor-type=\"wp-post\" data-elementor-id=\"96\" class=\"elementor elementor-96\">\n\t\t\t\t<div class=\"elementor-element elementor-element-dfdc5a6 e-flex e-con-boxed e-con e-parent\" data-id=\"dfdc5a6\" data-element_type=\"container\" data-settings=\"{&quot;background_background&quot;:&quot;classic&quot;}\">\n\t\t\t\t\t<div class=\"e-con-inner\">\n\t\t<div class=\"elementor-element elementor-element-1eaf493 e-con-full e-flex e-con e-child\" data-id=\"1eaf493\" data-element_type=\"container\">\n\t\t\t\t<div class=\"elementor-element elementor-element-2ea6a7d elementor-widget elementor-widget-heading\" data-id=\"2ea6a7d\" data-element_type=\"widget\" data-widget_type=\"heading.default\">\n\t\t\t\t<div class=\"elementor-widget-container\">\n\t\t\t\t\t<h1 class=\"elementor-heading-title elementor-size-default\">Chi siamo<\/h1>\t\t\t\t<\/div>\n\t\t\t\t<\/div>\n\t\t\t\t<\/div>\n\t\t\t\t\t<\/div>\n\t\t\t\t<\/div>\n\t\t<div class=\"elementor-element elementor-element-6578245 e-flex e-con-boxed e-con e-parent\" data-id=\"6578245\" data-element_type=\"container\">\n\t\t\t\t\t<div class=\"e-con-inner\">\n\t\t<div class=\"elementor-element elementor-element-625da73 e-con-full e-flex e-con e-child\" data-id=\"625da73\" data-element_type=\"container\">\n\t\t\t\t<div class=\"elementor-element elementor-element-d62b39a elementor-widget elementor-widget-image\" data-id=\"d62b39a\" data-element_type=\"widget\" data-widget_type=\"image.default\">\n\t\t\t\t<div class=\"elementor-widget-container\">\n\t\t\t\t\t\t\t\t\t\t\t\t\t\t\t<img decoding=\"async\" width=\"209\" height=\"90\" src=\"https:\/\/www.lifecitypro.com\/wp-content\/uploads\/2021\/03\/basil-leaf.png\" class=\"attachment-full size-full wp-image-4204\" alt=\"Foglia di basilico\" \/>\t\t\t\t\t\t\t\t\t\t\t\t\t\t\t<\/div>\n\t\t\t\t<\/div>\n\t\t\t\t<\/div>\n\t\t\t\t\t<\/div>\n\t\t\t\t<\/div>\n\t\t<div class=\"elementor-element elementor-element-748980c e-flex e-con-boxed e-con e-parent\" data-id=\"748980c\" data-element_type=\"container\">\n\t\t\t\t\t<div class=\"e-con-inner\">\n\t\t<div class=\"elementor-element elementor-element-9945606 e-con-full e-flex e-con e-child\" data-id=\"9945606\" data-element_type=\"container\">\n\t\t\t\t<div class=\"elementor-element elementor-element-fe4d709 elementor-widget elementor-widget-text-editor\" data-id=\"fe4d709\" data-element_type=\"widget\" data-widget_type=\"text-editor.default\">\n\t\t\t\t<div class=\"elementor-widget-container\">\n\t\t\t\t\t\t\t\t\tOffriamo offerte personalizzate e all'ingrosso per una variet\u00e0 di beni di uso quotidiano per soddisfare al meglio le vostre esigenze!<br><br>\n\nAzienda: Shenzhen Jinruijie Electronic Commerce Co., Ltd.<br><br>\n\nLa nostra e-mail: <a href=\"mailto:lifecitypro@outlook.com\" rel=\"nofollow\">lifecitypro@outlook.com<\/a>\t\t\t\t\t\t\t\t<\/div>\n\t\t\t\t<\/div>\n\t\t\t\t<div class=\"elementor-element elementor-element-2c7a0f8 elementor-widget elementor-widget-image-box\" data-id=\"2c7a0f8\" data-element_type=\"widget\" data-widget_type=\"image-box.default\">\n\t\t\t\t<div class=\"elementor-widget-container\">\n\t\t\t\t\t<div class=\"elementor-image-box-wrapper\"><div class=\"elementor-image-box-content\"><h2 class=\"elementor-image-box-title\">Siamo il vostro negozio preferito.<\/h2><p class=\"elementor-image-box-description\">Benvenuti su lifecitypro.com, la vostra destinazione unica per gli articoli di uso quotidiano e non solo. Siamo una piattaforma di e-commerce leader con sede in Europa che mira a fornire un'esperienza di acquisto senza soluzione di continuit\u00e0 con un'ampia gamma di prodotti per soddisfare le vostre esigenze quotidiane.<br><br>\n\n<h3>il nostro compito<\/h3>\n\nLa missione di lifecitypro.com \u00e8 quella di semplificare la vostra vita offrendovi un'ampia selezione di prodotti di uso quotidiano accuratamente selezionati. Capiamo l'importanza della convenienza e della qualit\u00e0 e ci sforziamo di offrirvi i migliori prodotti in ogni categoria, dagli articoli per la casa ai prodotti per la cura della persona.<br><br>\n\n<h3>Il nostro vantaggio<\/h3>\n\nAmpia gamma di prodotti: sfogliate il nostro ampio catalogo di prodotti, che comprende una gamma completa di prodotti in varie categorie come articoli per la casa, cura della persona, elettronica e altro ancora. Qualsiasi cosa vi serva, noi l'abbiamo.<br><br>\nGaranzia di qualit\u00e0: ci impegniamo a fornire prodotti della massima qualit\u00e0. Il nostro team seleziona e testa accuratamente ogni prodotto per garantire che soddisfi i nostri rigorosi standard, in modo che possiate stare tranquilli ad ogni acquisto.<br><br>\nComodit\u00e0 a portata di mano: godetevi la comodit\u00e0 dello shopping online con la nostra interfaccia user-friendly. Sfogliate facilmente le categorie, trovate ci\u00f2 che cercate e sperimentate un processo di pagamento senza problemi, comodamente da casa vostra.<br><br>\n\nSpedizione veloce e affidabile: il vostro tempo \u00e8 prezioso e noi lo sappiamo. Il nostro servizio di consegna veloce e affidabile garantisce che i vostri articoli pi\u00f9 importanti arrivino in tempo.<br><br>\n\n<h3>La nostra promessa a voi<\/h3>\n\nApproccio incentrato sul cliente: la vostra soddisfazione \u00e8 la nostra massima priorit\u00e0. Il nostro team di assistenza clienti dedicato \u00e8 a disposizione per rispondere a qualsiasi domanda o dubbio o per fornire assistenza se necessario.<br><br>\nTransazioni sicure: Acquistate con fiducia e sappiate che le vostre transazioni sono sicure. Attribuiamo grande importanza alla privacy e alla sicurezza dei vostri dati personali.<br><br>\nMiglioramento continuo: ci impegniamo a soddisfare le vostre esigenze. Il vostro feedback \u00e8 molto prezioso e pu\u00f2 aiutarci a migliorare continuamente i nostri servizi e a fornirvi servizi migliori.<br><br>\n\n<h3>Unisciti alla comunit\u00e0 di lifecitypro<\/h3>\n\nEntra a far parte della famiglia di lifecitypro.com! Seguiteci sui social media, iscrivetevi alla nostra newsletter e unitevi a una comunit\u00e0 che condivide la vostra passione per il comfort e la qualit\u00e0.<br><br>\n\nGrazie per aver scelto lifecitypro.com come partner di e-commerce di fiducia. Non vediamo l'ora di far parte del vostro viaggio quotidiano e di rendere lo shopping un piacere e la vita pi\u00f9 piacevole. Buon shopping!<\/p><\/div><\/div>\t\t\t\t<\/div>\n\t\t\t\t<\/div>\n\t\t\t\t<\/div>\n\t\t<div class=\"elementor-element elementor-element-f499284 e-con-full e-flex e-con e-child\" data-id=\"f499284\" data-element_type=\"container\">\n\t\t\t\t<div class=\"elementor-element elementor-element-12d7e03 elementor-widget elementor-widget-image\" data-id=\"12d7e03\" data-element_type=\"widget\" data-widget_type=\"image.default\">\n\t\t\t\t<div class=\"elementor-widget-container\">\n\t\t\t\t\t\t\t\t\t\t\t\t\t\t\t<img fetchpriority=\"high\" decoding=\"async\" width=\"640\" height=\"640\" src=\"https:\/\/ae01.alicdn.com\/kf\/S1e6c84c5d4fb4f768619b365f9d32471e\/Verl-ngerte-verdickte-Fleece-Haushalts-handschuhe-K-che-Geschirrs-p-l-kleidung-Waschen-wasserdichten-Frostschutz-mittel.png_640x640.png_640x640.png\" class=\"attachment-large size-large wp-image-5631\" alt=\"Allungato ispessito vello guanti domestici cucina lavaggio stoviglie vestiti lavaggio antigelo impermeabile medio plastica resistente all&#039;usura allungato ispessito vello guanti domestici cucina lavaggio stoviglie vestiti lavaggio antigelo impermeabile medio.png 640x640\" srcset=\"https:\/\/ae01.alicdn.com\/kf\/S1e6c84c5d4fb4f768619b365f9d32471e\/Verl-ngerte-verdickte-Fleece-Haushalts-handschuhe-K-che-Geschirrs-p-l-kleidung-Waschen-wasserdichten-Frostschutz-mittel.png_640x640.png 640w, https:\/\/ae01.alicdn.com\/kf\/S1e6c84c5d4fb4f768619b365f9d32471e\/Verl-ngerte-verdickte-Fleece-Haushalts-handschuhe-K-che-Geschirrs-p-l-kleidung-Waschen-wasserdichten-Frostschutz-mittel.png_640x640.png_200x200.png 200w, https:\/\/ae01.alicdn.com\/kf\/S1e6c84c5d4fb4f768619b365f9d32471e\/Verl-ngerte-verdickte-Fleece-Haushalts-handschuhe-K-che-Geschirrs-p-l-kleidung-Waschen-wasserdichten-Frostschutz-mittel.png_640x640.png_350x350.png 350w, https:\/\/ae01.alicdn.com\/kf\/S1e6c84c5d4fb4f768619b365f9d32471e\/Verl-ngerte-verdickte-Fleece-Haushalts-handschuhe-K-che-Geschirrs-p-l-kleidung-Waschen-wasserdichten-Frostschutz-mittel.png_640x640.png_100x100.png 100w\" sizes=\"(max-width: 640px) 100vw, 640px\" \/>\t\t\t\t\t\t\t\t\t\t\t\t\t\t\t<\/div>\n\t\t\t\t<\/div>\n\t\t\t\t<div class=\"elementor-element elementor-element-faeb515 elementor-widget elementor-widget-image\" data-id=\"faeb515\" data-element_type=\"widget\" data-widget_type=\"image.default\">\n\t\t\t\t<div class=\"elementor-widget-container\">\n\t\t\t\t\t\t\t\t\t\t\t\t\t\t\t<img decoding=\"async\" width=\"790\" height=\"872\" src=\"https:\/\/ae01.alicdn.com\/kf\/S4d1a5442a994429ca758efcdb9b2c012b\/Verl-ngerte-verdickte-Fleece-Haushalts-handschuhe-K-che-Geschirrs-p-l-kleidung-Waschen-wasserdichten-Frostschutz-mittel.png\" class=\"attachment-large size-large wp-image-5534\" alt=\"Guanti in pile addensati per la casa guanti da cucina lavaggio stoviglie lavaggio impermeabile protezione antigelo medio plastica resistente all&#039;usura estesa guanti in pile addensati per la casa guanti da cucina lavaggio stoviglie lavaggio impermeabile protezione antigelo medio\" \/>\t\t\t\t\t\t\t\t\t\t\t\t\t\t\t<\/div>\n\t\t\t\t<\/div>\n\t\t\t\t<div class=\"elementor-element elementor-element-45b61a1 elementor-widget elementor-widget-image\" data-id=\"45b61a1\" data-element_type=\"widget\" data-widget_type=\"image.default\">\n\t\t\t\t<div class=\"elementor-widget-container\">\n\t\t\t\t\t\t\t\t\t\t\t\t\t\t\t<img loading=\"lazy\" decoding=\"async\" width=\"640\" height=\"640\" src=\"https:\/\/ae01.alicdn.com\/kf\/Se64860d0ae364440af0578bed8c2dd46l\/Winter-wasserdichte-Herren-handschuhe-Touchscreen-wind-dichte-Sport-fischerei-fahren-Motorrad-Ski-rutsch-feste-warme-Fahrrad.jpg_640x640.jpg_640x640.jpg\" class=\"attachment-large size-large wp-image-5659\" alt=\"inverno impermeabile uomini guanti touchscreen antivento sport pesca guida moto sci antiscivolo bici caldo donne guanti- inverno impermeabile uomini guanti touchscreen antivento sport pesca guida moto sci antiscivolo bici caldo.jpg 640x640\" srcset=\"https:\/\/ae01.alicdn.com\/kf\/Se64860d0ae364440af0578bed8c2dd46l\/Winter-wasserdichte-Herren-handschuhe-Touchscreen-wind-dichte-Sport-fischerei-fahren-Motorrad-Ski-rutsch-feste-warme-Fahrrad.jpg_640x640.jpg 640w, https:\/\/ae01.alicdn.com\/kf\/Se64860d0ae364440af0578bed8c2dd46l\/Winter-wasserdichte-Herren-handschuhe-Touchscreen-wind-dichte-Sport-fischerei-fahren-Motorrad-Ski-rutsch-feste-warme-Fahrrad.jpg_640x640.jpg_200x200.jpg 200w, https:\/\/ae01.alicdn.com\/kf\/Se64860d0ae364440af0578bed8c2dd46l\/Winter-wasserdichte-Herren-handschuhe-Touchscreen-wind-dichte-Sport-fischerei-fahren-Motorrad-Ski-rutsch-feste-warme-Fahrrad.jpg_640x640.jpg_350x350.jpg 350w, https:\/\/ae01.alicdn.com\/kf\/Se64860d0ae364440af0578bed8c2dd46l\/Winter-wasserdichte-Herren-handschuhe-Touchscreen-wind-dichte-Sport-fischerei-fahren-Motorrad-Ski-rutsch-feste-warme-Fahrrad.jpg_640x640.jpg_100x100.jpg 100w\" sizes=\"(max-width: 640px) 100vw, 640px\" \/>\t\t\t\t\t\t\t\t\t\t\t\t\t\t\t<\/div>\n\t\t\t\t<\/div>\n\t\t\t\t<\/div>\n\t\t\t\t\t<\/div>\n\t\t\t\t<\/div>\n\t\t<div class=\"elementor-element elementor-element-ca03802 e-flex e-con-boxed e-con e-parent\" data-id=\"ca03802\" data-element_type=\"container\" data-settings=\"{&quot;background_background&quot;:&quot;classic&quot;}\">\n\t\t\t\t\t<div class=\"e-con-inner\">\n\t\t<div class=\"elementor-element elementor-element-0d4186e e-con-full e-flex e-con e-child\" data-id=\"0d4186e\" data-element_type=\"container\">\n\t\t\t\t<div class=\"elementor-element elementor-element-487df91 elementor-widget elementor-widget-heading\" data-id=\"487df91\" data-element_type=\"widget\" data-widget_type=\"heading.default\">\n\t\t\t\t<div class=\"elementor-widget-container\">\n\t\t\t\t\t<h4 class=\"elementor-heading-title elementor-size-default\">Prodotti di alta qualit\u00e0<\/h4>\t\t\t\t<\/div>\n\t\t\t\t<\/div>\n\t\t\t\t<\/div>\n\t\t<div class=\"elementor-element elementor-element-ee6f4f5 e-con-full e-flex e-con e-child\" data-id=\"ee6f4f5\" data-element_type=\"container\">\n\t\t\t\t<div class=\"elementor-element elementor-element-877f9c4 elementor-widget elementor-widget-counter\" data-id=\"877f9c4\" data-element_type=\"widget\" data-widget_type=\"counter.default\">\n\t\t\t\t<div class=\"elementor-widget-container\">\n\t\t\t\t\t\t\t<div class=\"elementor-counter\">\n\t\t\t<div class=\"elementor-counter-title\">SPEDIZIONE GRATUITA<\/div>\t\t\t<div class=\"elementor-counter-number-wrapper\">\n\t\t\t\t<span class=\"elementor-counter-number-prefix\"><\/span>\n\t\t\t\t<span class=\"elementor-counter-number\" data-duration=\"2000\" data-to-value=\"100\" data-from-value=\"10\" data-delimiter=\",\">10<\/span>\n\t\t\t\t<span class=\"elementor-counter-number-suffix\">+<\/span>\n\t\t\t<\/div>\n\t\t<\/div>\n\t\t\t\t\t\t<\/div>\n\t\t\t\t<\/div>\n\t\t\t\t<\/div>\n\t\t<div class=\"elementor-element elementor-element-401c905 e-con-full e-flex e-con e-child\" data-id=\"401c905\" data-element_type=\"container\">\n\t\t\t\t<div class=\"elementor-element elementor-element-5f36df3 elementor-widget elementor-widget-counter\" data-id=\"5f36df3\" data-element_type=\"widget\" data-widget_type=\"counter.default\">\n\t\t\t\t<div class=\"elementor-widget-container\">\n\t\t\t\t\t\t\t<div class=\"elementor-counter\">\n\t\t\t<div class=\"elementor-counter-title\">PAGAMENTO ONLINE<\/div>\t\t\t<div class=\"elementor-counter-number-wrapper\">\n\t\t\t\t<span class=\"elementor-counter-number-prefix\"><\/span>\n\t\t\t\t<span class=\"elementor-counter-number\" data-duration=\"2000\" data-to-value=\"100\" data-from-value=\"10\" data-delimiter=\",\">10<\/span>\n\t\t\t\t<span class=\"elementor-counter-number-suffix\">+<\/span>\n\t\t\t<\/div>\n\t\t<\/div>\n\t\t\t\t\t\t<\/div>\n\t\t\t\t<\/div>\n\t\t\t\t<\/div>\n\t\t<div class=\"elementor-element elementor-element-20ce247 e-con-full e-flex e-con e-child\" data-id=\"20ce247\" data-element_type=\"container\">\n\t\t\t\t<div class=\"elementor-element elementor-element-0cf57ae elementor-widget elementor-widget-counter\" data-id=\"0cf57ae\" data-element_type=\"widget\" data-widget_type=\"counter.default\">\n\t\t\t\t<div class=\"elementor-widget-container\">\n\t\t\t\t\t\t\t<div class=\"elementor-counter\">\n\t\t\t<div class=\"elementor-counter-title\">SUPPORTO 24\/7<\/div>\t\t\t<div class=\"elementor-counter-number-wrapper\">\n\t\t\t\t<span class=\"elementor-counter-number-prefix\"><\/span>\n\t\t\t\t<span class=\"elementor-counter-number\" data-duration=\"2000\" data-to-value=\"100\" data-from-value=\"10\" data-delimiter=\",\">10<\/span>\n\t\t\t\t<span class=\"elementor-counter-number-suffix\">+<\/span>\n\t\t\t<\/div>\n\t\t<\/div>\n\t\t\t\t\t\t<\/div>\n\t\t\t\t<\/div>\n\t\t\t\t<\/div>\n\t\t\t\t\t<\/div>\n\t\t\t\t<\/div>\n\t\t\t\t<\/div>","protected":false},"excerpt":{"rendered":"<p>About Us Wir bieten ma\u00dfgeschneiderte und Gro\u00dfhandelsangebote f\u00fcr eine Vielzahl von Dingen des t\u00e4glichen Bedarfs, um Ihren Bed\u00fcrfnissen so weit wie m\u00f6glich gerecht zu werden! Unternehmen: Shenzhen Jinruijie Electronic Commerce Co., Ltd. Unsere E-Mail: lifecitypro@outlook.com We Are Your Favourite Store. Willkommen bei lifecitypro.com, Ihrem One-Stop-Ziel f\u00fcr Dinge des t\u00e4glichen Bedarfs und mehr. Wir sind eine [&hellip;]<\/p>","protected":false},"author":1,"featured_media":0,"parent":0,"menu_order":0,"comment_status":"closed","ping_status":"closed","template":"","meta":{"site-sidebar-layout":"no-sidebar","site-content-layout":"page-builder","ast-site-content-layout":"full-width-container","site-content-style":"unboxed","site-sidebar-style":"unboxed","ast-global-header-display":"","ast-banner-title-visibility":"","ast-main-header-display":"","ast-hfb-above-header-display":"","ast-hfb-below-header-display":"","ast-hfb-mobile-header-display":"","site-post-title":"disabled","ast-breadcrumbs-content":"","ast-featured-img":"disabled","footer-sml-layout":"","theme-transparent-header-meta":"enabled","adv-header-id-meta":"","stick-header-meta":"","header-above-stick-meta":"","header-main-stick-meta":"","header-below-stick-meta":"","astra-migrate-meta-layouts":"set","ast-page-background-enabled":"default","ast-page-background-meta":{"desktop":{"background-color":"","background-image":"","background-repeat":"repeat","background-position":"center center","background-size":"auto","background-attachment":"scroll","background-type":"","background-media":"","overlay-type":"","overlay-color":"","overlay-opacity":"","overlay-gradient":""},"tablet":{"background-color":"","background-image":"","background-repeat":"repeat","background-position":"center center","background-size":"auto","background-attachment":"scroll","background-type":"","background-media":"","overlay-type":"","overlay-color":"","overlay-opacity":"","overlay-gradient":""},"mobile":{"background-color":"","background-image":"","background-repeat":"repeat","background-position":"center center","background-size":"auto","background-attachment":"scroll","background-type":"","background-media":"","overlay-type":"","overlay-color":"","overlay-opacity":"","overlay-gradient":""}},"ast-content-background-meta":{"desktop":{"background-color":"var(--ast-global-color-5)","background-image":"","background-repeat":"repeat","background-position":"center center","background-size":"auto","background-attachment":"scroll","background-type":"","background-media":"","overlay-type":"","overlay-color":"","overlay-opacity":"","overlay-gradient":""},"tablet":{"background-color":"var(--ast-global-color-5)","background-image":"","background-repeat":"repeat","background-position":"center center","background-size":"auto","background-attachment":"scroll","background-type":"","background-media":"","overlay-type":"","overlay-color":"","overlay-opacity":"","overlay-gradient":""},"mobile":{"background-color":"var(--ast-global-color-5)","background-image":"","background-repeat":"repeat","background-position":"center center","background-size":"auto","background-attachment":"scroll","background-type":"","background-media":"","overlay-type":"","overlay-color":"","overlay-opacity":"","overlay-gradient":""}},"footnotes":""},"class_list":["post-96","page","type-page","status-publish","hentry"],"_links":{"self":[{"href":"https:\/\/www.lifecitypro.com\/it\/wp-json\/wp\/v2\/pages\/96","targetHints":{"allow":["GET"]}}],"collection":[{"href":"https:\/\/www.lifecitypro.com\/it\/wp-json\/wp\/v2\/pages"}],"about":[{"href":"https:\/\/www.lifecitypro.com\/it\/wp-json\/wp\/v2\/types\/page"}],"author":[{"embeddable":true,"href":"https:\/\/www.lifecitypro.com\/it\/wp-json\/wp\/v2\/users\/1"}],"replies":[{"embeddable":true,"href":"https:\/\/www.lifecitypro.com\/it\/wp-json\/wp\/v2\/comments?post=96"}],"version-history":[{"count":18,"href":"https:\/\/www.lifecitypro.com\/it\/wp-json\/wp\/v2\/pages\/96\/revisions"}],"predecessor-version":[{"id":5801,"href":"https:\/\/www.lifecitypro.com\/it\/wp-json\/wp\/v2\/pages\/96\/revisions\/5801"}],"wp:attachment":[{"href":"https:\/\/www.lifecitypro.com\/it\/wp-json\/wp\/v2\/media?parent=96"}],"curies":[{"name":"wp","href":"https:\/\/api.w.org\/{rel}","templated":true}]}}