{"id":5552,"date":"2024-02-18T11:20:25","date_gmt":"2024-02-18T11:20:25","guid":{"rendered":"https:\/\/www.lifecitypro.com\/?post_type=product&#038;p=5552"},"modified":"2024-02-18T11:56:22","modified_gmt":"2024-02-18T11:56:22","slug":"neue-winter-handschuhe-manner-frauen-beruhren-kalte-wasserdichte-motorrad-fahrrad-handschuhe-mannliche-outdoor-sportarten-plus-samt-warm-laufender-ski-handschuh","status":"publish","type":"product","link":"https:\/\/www.lifecitypro.com\/fr\/product\/neue-winter-handschuhe-manner-frauen-beruhren-kalte-wasserdichte-motorrad-fahrrad-handschuhe-mannliche-outdoor-sportarten-plus-samt-warm-laufender-ski-handschuh\/","title":{"rendered":"Nouveaux gants d'hiver hommes femmes toucher froids imperm\u00e9ables moto v\u00e9lo gants masculins sports de plein air plus velours chaud courant ski gant"},"content":{"rendered":"<div class=\"product-specs-list-container\">\n<ul class=\"product-specs-list util-clearfix\">\n<li class=\"product-prop line-limit-length\"><span class=\"property-title\">Lieu d'origine :&nbsp;<\/span><span class=\"property-desc line-limit-length\">Chine (continentale)<\/span>\n\t\t\t\t\t\t<\/li>\n<li class=\"product-prop line-limit-length\"><span class=\"property-title\">Type de motif :&nbsp;<\/span><span class=\"property-desc line-limit-length\">Fixe<\/span>\n\t\t\t\t\t\t<\/li>\n<li class=\"product-prop line-limit-length\"><span class=\"property-title\">Longueur du gant :&nbsp;<\/span><span class=\"property-desc line-limit-length\">Wrist<\/span>\n\t\t\t\t\t\t<\/li>\n<li class=\"product-prop line-limit-length\"><span class=\"property-title\">Art :&nbsp;<\/span><span class=\"property-desc line-limit-length\">Mode<\/span>\n\t\t\t\t\t\t<\/li>\n<li class=\"product-prop line-limit-length\"><span class=\"property-title\">le sexe :&nbsp;<\/span><span class=\"property-desc line-limit-length\">Unisexe<\/span>\n\t\t\t\t\t\t<\/li>\n<li class=\"product-prop line-limit-length\"><span class=\"property-title\">Nom du d\u00e9partement :&nbsp;<\/span><span class=\"property-desc line-limit-length\">Adulte<\/span>\n\t\t\t\t\t\t<\/li>\n<li class=\"product-prop line-limit-length\"><span class=\"property-title\">mat\u00e9riel :&nbsp;<\/span><span class=\"property-desc line-limit-length\">NYLON,polyester<\/span>\n\t\t\t\t\t\t<\/li>\n<li class=\"product-prop line-limit-length\"><span class=\"property-title\">Nom de marque :&nbsp;<\/span><span class=\"property-desc line-limit-length\">GAFASTWO<\/span>\n\t\t\t\t\t\t<\/li>\n<li class=\"product-prop line-limit-length\"><span class=\"property-title\">Origine :&nbsp;<\/span><span class=\"property-desc line-limit-length\">CN (origine)<\/span>\n\t\t\t\t\t\t<\/li>\n<li class=\"product-prop line-limit-length\"><span class=\"property-title\">CN :&nbsp;<\/span><span class=\"property-desc line-limit-length\">Zhejiang<\/span>\n\t\t\t\t\t\t<\/li>\n<li class=\"product-prop line-limit-length\"><span class=\"property-title\">Type d'article :&nbsp;<\/span><span class=\"property-desc line-limit-length\">Gants<\/span>\n\t\t\t\t\t\t<\/li>\n<li class=\"product-prop line-limit-length\"><span class=\"property-title\">Nom du produit :&nbsp;<\/span><span class=\"property-desc line-limit-length\">Gants d'\u00e9quitation de sport<\/span>\n\t\t\t\t\t\t<\/li>\n<li class=\"product-prop line-limit-length\"><span class=\"property-title\">Size :&nbsp;<\/span><span class=\"property-desc line-limit-length\">S\/ M\/L\/XL\/XXL<\/span>\n\t\t\t\t\t\t<\/li>\n<li class=\"product-prop line-limit-length\"><span class=\"property-title\">Couleur :&nbsp;<\/span><span class=\"property-desc line-limit-length\">7 couleurs<\/span>\n\t\t\t\t\t\t<\/li>\n<li class=\"product-prop line-limit-length\"><span class=\"property-title\">Port\u00e9e de l'application :&nbsp;<\/span><span class=\"property-desc line-limit-length\">Plein air \/ Cyclisme<\/span>\n\t\t\t\t\t\t<\/li>\n<li class=\"product-prop line-limit-length\"><span class=\"property-title\">mat\u00e9riel :&nbsp;<\/span><span class=\"property-desc line-limit-length\">polyester\/nylon<\/span>\n\t\t\t\t\t\t<\/li>\n<li class=\"product-prop line-limit-length\"><span class=\"property-title\">Caract\u00e9ristiques :&nbsp;<\/span><span class=\"property-desc line-limit-length\">Anti slip\/\u00e9cran tactile\/chaud<\/span>\n\t\t\t\t\t\t<\/li>\n<li class=\"product-prop line-limit-length\"><span class=\"property-title\">Styles :&nbsp;<\/span><span class=\"property-desc line-limit-length\">Court\/r\u00e9gulier<\/span>\n\t\t\t\t\t\t<\/li>\n<\/ul><\/div>\n<div class=\"detailmodule_html\">\n<div class=\"detail-desc-decorate-richtext\">\n<div class=\"detailmodule_text\">\n<div>\n  <span style=\"font-size:20px;font-family:arial, helvetica, sans-serif\" id=\"tl_1\">couleur : noir\/rose\/bleu\/violet\/gris\/orange\/bleu fonc\u00e9<\/span>\n <\/div>\n<\/div>\n<div class=\"detailmodule_text\">\n<p><span style=\"font-size:20px;font-family:arial, helvetica, sans-serif\" id=\"tl_2\">Poids : env. 80g\/90g<\/span><\/p>\n<p><span style=\"font-size:20px;font-family:arial, helvetica, sans-serif\" id=\"tl_3\">Sexe : unisexe<\/span><\/p>\n<p><span style=\"font-size:20px;font-family:arial, helvetica, sans-serif\" id=\"tl_4\">Saison : hiver<\/span><\/p>\n<p><span style=\"font-size:20px;font-family:arial, helvetica, sans-serif\" id=\"tl_5\">Fonction : imperm\u00e9able\/\u00e9tanche au vent\/\u00e9cran tactile\/chaud<\/span><\/p>\n<p><span style=\"font-size:20px;font-family:arial, helvetica, sans-serif\" id=\"tl_6\">Sc\u00e8ne applicable : conduite\/v\u00e9lo\/escalade<\/span><\/p>\n<p><span style=\"font-size:20px;font-family:arial, helvetica, sans-serif\" id=\"tl_7\">Style de gants : gants de v\u00e9lo\/gants d'hiver<\/span><\/p>\n<p><span style=\"font-size:20px;font-family:arial, helvetica, sans-serif\" id=\"tl_8\">Taille : s\/m\/l\/xl\/xxl<\/span><\/p>\n<p><span style=\"font-size:20px;font-family:arial, helvetica, sans-serif\" id=\"tl_9\">Temp\u00e9rature appropri\u00e9e : -10 \u2103<\/span><\/p>\n<p><span style=\"font-size:20px;font-family:arial, helvetica, sans-serif\" id=\"tl_10\">M\u00e9thode de vente : vente au d\u00e9tail\/drops hipping\/vente en gros<\/span><\/p>\n<div>\n  <br \/> \n <\/div>\n<p style=\"font-family:OpenSans;font-size:14px;font-weight:300;line-height:20px;margin-bottom:12px\" class=\"detail-desc-decorate-content\"><img decoding=\"async\" alt=\"Nouveaux gants d&#039;hiver hommes femmes toucher froids imperm\u00e9ables moto v\u00e9lo gants hommes sports de plein air plus velours chaud courant ski gant-S62b76eb35992461a859ccc06236a4ff94\" title=\"Nouveaux gants d&#039;hiver hommes femmes toucher froids imperm\u00e9ables moto v\u00e9lo gants hommes sports de plein air plus velours chaud courant ski gant-S62b76eb35992461a859ccc06236a4ff94\" src=\"https:\/\/ae01.alicdn.com\/kf\/S62b76eb35992461a859ccc06236a4ff94.jpg\" \/><\/p>\n<p style=\"font-family:OpenSans;font-size:14px;font-weight:300;line-height:20px;margin-bottom:12px\" class=\"detail-desc-decorate-content\"><img decoding=\"async\" alt=\"Nouveaux gants d&#039;hiver hommes femmes toucher froids imperm\u00e9ables moto v\u00e9lo gants hommes sports de plein air plus velours chaud courant ski gant-S5b1211b463a94842812592e4df89c61bI\" title=\"Nouveaux gants d&#039;hiver hommes femmes toucher froids imperm\u00e9ables moto v\u00e9lo gants hommes sports de plein air plus velours chaud courant ski gant-S5b1211b463a94842812592e4df89c61bI\" src=\"https:\/\/ae01.alicdn.com\/kf\/S5b1211b463a94842812592e4df89c61bI.jpg\" \/><img decoding=\"async\" alt=\"Nouveaux gants d&#039;hiver hommes femmes toucher froids imperm\u00e9ables moto v\u00e9lo gants hommes sports de plein air plus velours chaud courant ski gant-Sa8d63ba79a72486c8c56b739318ce4b82\" title=\"Nouveaux gants d&#039;hiver hommes femmes toucher froids imperm\u00e9ables moto v\u00e9lo gants hommes sports de plein air plus velours chaud courant ski gant-Sa8d63ba79a72486c8c56b739318ce4b82\" src=\"https:\/\/ae01.alicdn.com\/kf\/Sa8d63ba79a72486c8c56b739318ce4b82.jpg\" \/><img decoding=\"async\" alt=\"Nouveaux gants d&#039;hiver hommes femmes toucher froids imperm\u00e9ables moto v\u00e9lo gants hommes sports de plein air plus velours chaud courant ski gant-Sf8217e5189354a60aac7be2135556792l\" title=\"Nouveaux gants d&#039;hiver hommes femmes toucher froids imperm\u00e9ables moto v\u00e9lo gants hommes sports de plein air plus velours chaud courant ski gant-Sf8217e5189354a60aac7be2135556792l\" src=\"https:\/\/ae01.alicdn.com\/kf\/Sf8217e5189354a60aac7be2135556792l.jpg\" \/><img decoding=\"async\" alt=\"Nouveaux gants d&#039;hiver hommes femmes toucher froids imperm\u00e9ables moto v\u00e9lo gants hommes sports de plein air plus velours chaud courant ski gant-S4159077d8e5c41e0a9dc7fee5e678aefH\" title=\"Nouveaux gants d&#039;hiver hommes femmes toucher froids imperm\u00e9ables moto v\u00e9lo gants hommes sports de plein air plus velours chaud courant ski gant-S4159077d8e5c41e0a9dc7fee5e678aefH\" src=\"https:\/\/ae01.alicdn.com\/kf\/S4159077d8e5c41e0a9dc7fee5e678aefH.jpg\" \/><img decoding=\"async\" alt=\"Nouveaux gants d&#039;hiver hommes femmes toucher froids imperm\u00e9ables moto v\u00e9lo gants hommes sports de plein air plus velours chaud courant ski gant-Sd92704ec33b242a8b934066ff0cb8036W\" title=\"Nouveaux gants d&#039;hiver hommes femmes toucher froids imperm\u00e9ables moto v\u00e9lo gants hommes sports de plein air plus velours chaud courant ski gant-Sd92704ec33b242a8b934066ff0cb8036W\" src=\"https:\/\/ae01.alicdn.com\/kf\/Sd92704ec33b242a8b934066ff0cb8036W.jpg\" \/><img decoding=\"async\" alt=\"Nouveaux gants d&#039;hiver hommes femmes toucher froids imperm\u00e9ables moto v\u00e9lo gants hommes sports de plein air plus velours chaud courant ski gant-S0d0c7707ea6c4587814970a3ed6d0595g\" title=\"Nouveaux gants d&#039;hiver hommes femmes toucher froids imperm\u00e9ables moto v\u00e9lo gants hommes sports de plein air plus velours chaud courant ski gant-S0d0c7707ea6c4587814970a3ed6d0595g\" src=\"https:\/\/ae01.alicdn.com\/kf\/S0d0c7707ea6c4587814970a3ed6d0595g.jpg\" \/><img decoding=\"async\" alt=\"Nouveaux gants d&#039;hiver hommes femmes toucher froids imperm\u00e9ables moto v\u00e9lo gants hommes sports de plein air plus velours chaud courant ski gant-Sb5ad0025f0ce4b8ea07fac4f65e33741B\" title=\"Nouveaux gants d&#039;hiver hommes femmes toucher froids imperm\u00e9ables moto v\u00e9lo gants hommes sports de plein air plus velours chaud courant ski gant-Sb5ad0025f0ce4b8ea07fac4f65e33741B\" src=\"https:\/\/ae01.alicdn.com\/kf\/Sb5ad0025f0ce4b8ea07fac4f65e33741B.jpg\" \/><img decoding=\"async\" alt=\"Nouveaux gants d&#039;hiver hommes femmes toucher froids imperm\u00e9ables moto v\u00e9lo gants hommes sports de plein air plus velours chaud courant ski gant-S2cb98204e461441b8bb9eafe7136d25J\" title=\"Nouveaux gants d&#039;hiver hommes femmes toucher froids imperm\u00e9ables moto v\u00e9lo gants hommes sports de plein air plus velours chaud courant ski gant-S2cb98204e461441b8bb9eafe7136d25J\" src=\"https:\/\/ae01.alicdn.com\/kf\/S2cb98204e461441b8bbb9eafe7136d25J.jpg\" \/><img decoding=\"async\" alt=\"Nouveaux gants d&#039;hiver hommes femmes toucher froids imperm\u00e9ables moto v\u00e9lo gants hommes sports de plein air plus velours chaud courant ski gant-Sc107decdfcd14fc49a280e79f916f1c2K\" title=\"Nouveaux gants d&#039;hiver hommes femmes toucher froids imperm\u00e9ables moto v\u00e9lo gants hommes sports de plein air plus velours chaud courant ski gant-Sc107decdfcd14fc49a280e79f916f1c2K\" src=\"https:\/\/ae01.alicdn.com\/kf\/Sc107decdfcd14fc49a280e79f916f1c2K.jpg\" \/><\/p>\n<\/div>\n<div class=\"detailmodule_image\">\n <img decoding=\"async\" alt=\"Nouveaux gants d&#039;hiver hommes femmes toucher froids imperm\u00e9ables moto v\u00e9lo gants masculins sports de plein air plus velours chaud courant gant de ski-H6bffeac7c6084eb8b5b0c3cec69b0f1cL\" title=\"Nouveaux gants d&#039;hiver hommes femmes toucher froids imperm\u00e9ables moto v\u00e9lo gants masculins sports de plein air plus velours chaud courant gant de ski-H6bffeac7c6084eb8b5b0c3cec69b0f1cL\" src=\"https:\/\/ae01.alicdn.com\/kf\/H6bffeac7c6084eb8b5b0c3cec69b0f1cL.jpg\" \/><br \/>\n <img decoding=\"async\" alt=\"Nouveaux gants d&#039;hiver hommes femmes toucher froids imperm\u00e9ables moto v\u00e9lo gants hommes sports de plein air plus velours chaud courant ski gant-H8ac10e15f1194a109f34038591687b9a5\" title=\"Nouveaux gants d&#039;hiver hommes femmes toucher froids imperm\u00e9ables moto v\u00e9lo gants hommes sports de plein air plus velours chaud courant ski gant-H8ac10e15f1194a109f34038591687b9a5\" src=\"https:\/\/ae01.alicdn.com\/kf\/H8ac10e15f1194a109f34038591687b9a5.jpg\" \/><br \/>\n <img decoding=\"async\" alt=\"Nouveaux gants d&#039;hiver hommes femmes toucher froids imperm\u00e9ables moto v\u00e9lo gants masculins sports de plein air plus velours chaud courant gant de ski-Hbb23c81e5d0c47b7aa56a85fe3791d3cC\" title=\"Nouveaux gants d&#039;hiver hommes femmes toucher froids imperm\u00e9ables moto v\u00e9lo gants masculins sports de plein air plus velours chaud courant gant de ski-Hbb23c81e5d0c47b7aa56a85fe3791d3cC\" src=\"https:\/\/ae01.alicdn.com\/kf\/Hbb23c81e5d0c47b7aa56a85fe3791d3cC.jpg\" \/><br \/>\n <img decoding=\"async\" alt=\"Nouveaux gants d&#039;hiver hommes femmes toucher froids imperm\u00e9ables moto v\u00e9lo gants hommes sports de plein air plus velours chaud courant ski gant-H0ad99149444a4743ab16d7bb43900ea3w\" title=\"Nouveaux gants d&#039;hiver hommes femmes toucher froids imperm\u00e9ables moto v\u00e9lo gants hommes sports de plein air plus velours chaud courant ski gant-H0ad99149444a4743ab16d7bb43900ea3w\" src=\"https:\/\/ae01.alicdn.com\/kf\/H0ad99149444a4743ab16d7bb43900ea3w.jpg\" \/>\n<\/div>\n<div class=\"detailmodule_text\">\n<p><img decoding=\"async\" alt=\"Nouveaux gants d&#039;hiver hommes femmes toucher froids imperm\u00e9ables moto v\u00e9lo gants hommes sports de plein air plus velours chaud courant ski gant-S31df001f1e5f4bd289fc352901075c2d9\" title=\"Nouveaux gants d&#039;hiver hommes femmes toucher froids imperm\u00e9ables moto v\u00e9lo gants hommes sports de plein air plus velours chaud courant ski gant-S31df001f1e5f4bd289fc352901075c2d9\" src=\"https:\/\/ae01.alicdn.com\/kf\/S31df001f1e5f4bd289fc352901075c2d9.jpg\" \/><img decoding=\"async\" alt=\"Nouveaux gants d&#039;hiver hommes femmes toucher froids imperm\u00e9ables moto v\u00e9lo gants hommes sports de plein air plus velours chaud courant ski gant-seb0d81d7c02449edb014c365e75ff42d5\" title=\"Nouveaux gants d&#039;hiver hommes femmes toucher froids imperm\u00e9ables moto v\u00e9lo gants hommes sports de plein air plus velours chaud courant ski gant-seb0d81d7c02449edb014c365e75ff42d5\" src=\"https:\/\/ae01.alicdn.com\/kf\/Seb0d81d7c02449edb014c365e75ff42d5.jpg\" \/><img decoding=\"async\" alt=\"Nouveaux gants d&#039;hiver hommes femmes toucher froids imperm\u00e9ables moto v\u00e9lo gants hommes sports de plein air plus velours chaud courant ski gant-S91501ca2385049eda63eaf4ace8f6bd5Z\" title=\"Nouveaux gants d&#039;hiver hommes femmes toucher froids imperm\u00e9ables moto v\u00e9lo gants hommes sports de plein air plus velours chaud courant ski gant-S91501ca2385049eda63eaf4ace8f6bd5Z\" src=\"https:\/\/ae01.alicdn.com\/kf\/S91501ca2385049eda63eaf4ace8f6bd5Z.jpg\" \/><img decoding=\"async\" alt=\"Nouveaux gants d&#039;hiver hommes femmes toucher froids imperm\u00e9ables moto v\u00e9lo gants hommes sports de plein air plus velours chaud courant ski gant-S5b6e58d410c942278b5bd3c16aeae762d\" title=\"Nouveaux gants d&#039;hiver hommes femmes toucher froids imperm\u00e9ables moto v\u00e9lo gants hommes sports de plein air plus velours chaud courant ski gant-S5b6e58d410c942278b5bd3c16aeae762d\" src=\"https:\/\/ae01.alicdn.com\/kf\/S5b6e58d410c942278b5bd3c16aeae762d.jpg\" \/><\/p>\n<\/div>\n<p><\/p>\n<\/div>\n<\/div>","protected":false},"excerpt":{"rendered":"<p>Lieu d'origine : Chine (continentale) Type de motif : Fixe Longueur des gants : Wrist Type : Mode Sexe : Unisexe Nom du d\u00e9partement : Adulte Mat\u00e9riel : NYLON,Polyester Nom de marque : GAFASTWO Origine : CN (origine) CN : Zhejiang Type d'article : Gants Nom du produit : Sports Riding Gloves Size : S\/ M\/L\/XL\/XXL Color : 7 Colors Port\u00e9e de l'application : Ext\u00e9rieur \/ Cycling Mat\u00e9riel : Polyester\/Nylon Caract\u00e9ristiques : Anti slip\/Touch screen\/Warm Styles : Short\/Regular Couleur : noir\/rose\/bleu\/lilas\/gris\/orange\/bleu fonc\u00e9 Poids : environ 80g\/90g Sexe : unisexe Saison : hiver Fonction : imperm\u00e9able\/\u00e9tanche au vent\/\u00e9cran tactile\/chaud Sc\u00e8ne applicable : conduite\/cyclisme\/escalade Gants Style : gants de v\u00e9lo\/gants d'hiver Taille : s\/m\/l\/xl\/xxl Temp\u00e9rature adapt\u00e9e : [...] [D\u00e9tail<\/p>","protected":false},"featured_media":5553,"comment_status":"open","ping_status":"closed","template":"","meta":{"site-sidebar-layout":"default","site-content-layout":"","ast-site-content-layout":"","site-content-style":"default","site-sidebar-style":"default","ast-global-header-display":"","ast-banner-title-visibility":"","ast-main-header-display":"","ast-hfb-above-header-display":"","ast-hfb-below-header-display":"","ast-hfb-mobile-header-display":"","site-post-title":"","ast-breadcrumbs-content":"","ast-featured-img":"","footer-sml-layout":"","theme-transparent-header-meta":"","adv-header-id-meta":"","stick-header-meta":"","header-above-stick-meta":"","header-main-stick-meta":"","header-below-stick-meta":"","astra-migrate-meta-layouts":"default","ast-page-background-enabled":"default","ast-page-background-meta":{"desktop":{"background-color":"","background-image":"","background-repeat":"repeat","background-position":"center center","background-size":"auto","background-attachment":"scroll","background-type":"","background-media":"","overlay-type":"","overlay-color":"","overlay-opacity":"","overlay-gradient":""},"tablet":{"background-color":"","background-image":"","background-repeat":"repeat","background-position":"center center","background-size":"auto","background-attachment":"scroll","background-type":"","background-media":"","overlay-type":"","overlay-color":"","overlay-opacity":"","overlay-gradient":""},"mobile":{"background-color":"","background-image":"","background-repeat":"repeat","background-position":"center center","background-size":"auto","background-attachment":"scroll","background-type":"","background-media":"","overlay-type":"","overlay-color":"","overlay-opacity":"","overlay-gradient":""}},"ast-content-background-meta":{"desktop":{"background-color":"var(--ast-global-color-5)","background-image":"","background-repeat":"repeat","background-position":"center center","background-size":"auto","background-attachment":"scroll","background-type":"","background-media":"","overlay-type":"","overlay-color":"","overlay-opacity":"","overlay-gradient":""},"tablet":{"background-color":"var(--ast-global-color-5)","background-image":"","background-repeat":"repeat","background-position":"center center","background-size":"auto","background-attachment":"scroll","background-type":"","background-media":"","overlay-type":"","overlay-color":"","overlay-opacity":"","overlay-gradient":""},"mobile":{"background-color":"var(--ast-global-color-5)","background-image":"","background-repeat":"repeat","background-position":"center center","background-size":"auto","background-attachment":"scroll","background-type":"","background-media":"","overlay-type":"","overlay-color":"","overlay-opacity":"","overlay-gradient":""}}},"product_brand":[],"product_cat":[15],"product_tag":[],"class_list":{"0":"post-5552","1":"product","2":"type-product","3":"status-publish","4":"has-post-thumbnail","6":"product_cat-handschuhe","7":"desktop-align-center","8":"tablet-align-center","9":"mobile-align-center","10":"ast-product-gallery-layout-horizontal-slider","11":"ast-product-single-variable","12":"ast-product-tabs-layout-horizontal","13":"ast-qv-on-image","15":"first","16":"instock","17":"shipping-taxable","18":"purchasable","19":"product-type-variable"},"tiered_pricing_type":"fixed","tiered_pricing_fixed_rules":[],"tiered_pricing_product_settings":{"layout":"default","base_unit_name":{"singular":null,"plural":null},"default_variation":null},"tiered_pricing_minimum_quantity":null,"tiered_pricing_roles_data":[],"tiered_pricing_percentage_rules":[],"_links":{"self":[{"href":"https:\/\/www.lifecitypro.com\/fr\/wp-json\/wp\/v2\/product\/5552","targetHints":{"allow":["GET"]}}],"collection":[{"href":"https:\/\/www.lifecitypro.com\/fr\/wp-json\/wp\/v2\/product"}],"about":[{"href":"https:\/\/www.lifecitypro.com\/fr\/wp-json\/wp\/v2\/types\/product"}],"replies":[{"embeddable":true,"href":"https:\/\/www.lifecitypro.com\/fr\/wp-json\/wp\/v2\/comments?post=5552"}],"version-history":[{"count":0,"href":"https:\/\/www.lifecitypro.com\/fr\/wp-json\/wp\/v2\/product\/5552\/revisions"}],"wp:featuredmedia":[{"embeddable":true,"href":"https:\/\/www.lifecitypro.com\/fr\/wp-json\/wp\/v2\/media\/5553"}],"wp:attachment":[{"href":"https:\/\/www.lifecitypro.com\/fr\/wp-json\/wp\/v2\/media?parent=5552"}],"wp:term":[{"taxonomy":"product_brand","embeddable":true,"href":"https:\/\/www.lifecitypro.com\/fr\/wp-json\/wp\/v2\/product_brand?post=5552"},{"taxonomy":"product_cat","embeddable":true,"href":"https:\/\/www.lifecitypro.com\/fr\/wp-json\/wp\/v2\/product_cat?post=5552"},{"taxonomy":"product_tag","embeddable":true,"href":"https:\/\/www.lifecitypro.com\/fr\/wp-json\/wp\/v2\/product_tag?post=5552"}],"curies":[{"name":"wp","href":"https:\/\/api.w.org\/{rel}","templated":true}]}}