{"id":5532,"date":"2024-02-18T11:20:25","date_gmt":"2024-02-18T11:20:25","guid":{"rendered":"https:\/\/www.lifecitypro.com\/?post_type=product&#038;p=5532"},"modified":"2024-02-18T11:56:22","modified_gmt":"2024-02-18T11:56:22","slug":"winter-wasserdichte-herren-handschuhe-touchscreen-wind-dichte-sport-fischerei-fahren-motorrad-ski-rutsch-feste-warme-fahrrad-frauen-handschuhe","status":"publish","type":"product","link":"https:\/\/www.lifecitypro.com\/fr\/product\/winter-wasserdichte-herren-handschuhe-touchscreen-wind-dichte-sport-fischerei-fahren-motorrad-ski-rutsch-feste-warme-fahrrad-frauen-handschuhe\/","title":{"rendered":"hiver imperm\u00e9able hommes \u00e9cran tactile vent \u00e9tanche sport p\u00eache conduite moto ski glisse solide chaud v\u00e9lo femmes gants"},"content":{"rendered":"<div class=\"product-specs-list-container\">\n<ul class=\"product-specs-list util-clearfix\">\n<li class=\"product-prop line-limit-length\"><span class=\"property-title\">Lieu d'origine :&nbsp;<\/span><span class=\"property-desc line-limit-length\">Chine (continentale)<\/span>\n\t\t\t\t\t\t<\/li>\n<li class=\"product-prop line-limit-length\"><span class=\"property-title\">Type de motif :&nbsp;<\/span><span class=\"property-desc line-limit-length\">Fixe<\/span>\n\t\t\t\t\t\t<\/li>\n<li class=\"product-prop line-limit-length\"><span class=\"property-title\">Longueur du gant :&nbsp;<\/span><span class=\"property-desc line-limit-length\">Wrist<\/span>\n\t\t\t\t\t\t<\/li>\n<li class=\"product-prop line-limit-length\"><span class=\"property-title\">Art :&nbsp;<\/span><span class=\"property-desc line-limit-length\">Mode<\/span>\n\t\t\t\t\t\t<\/li>\n<li class=\"product-prop line-limit-length\"><span class=\"property-title\">le sexe :&nbsp;<\/span><span class=\"property-desc line-limit-length\">Unisexe<\/span>\n\t\t\t\t\t\t<\/li>\n<li class=\"product-prop line-limit-length\"><span class=\"property-title\">Nom du d\u00e9partement :&nbsp;<\/span><span class=\"property-desc line-limit-length\">Adulte<\/span>\n\t\t\t\t\t\t<\/li>\n<li class=\"product-prop line-limit-length\"><span class=\"property-title\">mat\u00e9riel :&nbsp;<\/span><span class=\"property-desc line-limit-length\">acide acrylique,NYLON,polyester<\/span>\n\t\t\t\t\t\t<\/li>\n<li class=\"product-prop line-limit-length\"><span class=\"property-title\">Origine :&nbsp;<\/span><span class=\"property-desc line-limit-length\">CN (origine)<\/span>\n\t\t\t\t\t\t<\/li>\n<li class=\"product-prop line-limit-length\"><span class=\"property-title\">CN :&nbsp;<\/span><span class=\"property-desc line-limit-length\">Zhejiang<\/span>\n\t\t\t\t\t\t<\/li>\n<li class=\"product-prop line-limit-length\"><span class=\"property-title\">Type d'article :&nbsp;<\/span><span class=\"property-desc line-limit-length\">Gants<\/span>\n\t\t\t\t\t\t<\/li>\n<\/ul><\/div>\n<div class=\"detailmodule_html\">\n<div class=\"detail-desc-decorate-richtext\">\n<p><\/p>\n<div class=\"detailmodule_html\">\n<div class=\"detail-desc-decorate-richtext\">\n<div class=\"detailmodule_text\">\n<p style=\"font-family:OpenSans;font-size:20px;font-weight:900;line-height:28px;margin-bottom:12px\" class=\"detail-desc-decorate-title\">Description<\/p>\n<p style=\"font-family:OpenSans;font-size:14px;font-weight:300;line-height:20px;margin-bottom:12px\" class=\"detail-desc-decorate-content\">Mati\u00e8re : Polyester Taille : m\/l\/xl\/xxl<\/p>\n<p style=\"font-family:OpenSans;font-size:14px;font-weight:300;line-height:20px;margin-bottom:12px\" class=\"detail-desc-decorate-content\">couleur : noir, gris, gris clair, gris fonc\u00e9, bleu marine<\/p>\n<p style=\"font-family:OpenSans;font-size:14px;font-weight:300;line-height:20px;margin-bottom:12px\" class=\"detail-desc-decorate-content\">Caract\u00e9ristique : 1. Gants chauds en polaire double : doublure en polaire doublement \u00e9paissie qui vous permet de rester au chaud par temps froid 2. Respirant &amp; chaud : respirant, prot\u00e8ge vos mains du vent et vous permet de rester au chaud<\/p>\n<p style=\"font-family:OpenSans;font-size:14px;font-weight:300;line-height:20px;margin-bottom:12px\" class=\"detail-desc-decorate-content\">3. Gants sensibles pour \u00e9cran tactile : gants en tissu conducteur sur les index et les pouces,<\/p>\n<p style=\"font-family:OpenSans;font-size:14px;font-weight:300;line-height:20px;margin-bottom:12px\" class=\"detail-desc-decorate-content\">4. Paume antid\u00e9rapante : les gants sont dot\u00e9s d'une impression en silicone sur la paume, ce qui augmente efficacement la force de pr\u00e9hension et la r\u00e9sistance \u00e0 l'abrasion des gants,<\/p>\n<p style=\"font-family:OpenSans;font-size:14px;font-weight:300;line-height:20px;margin-bottom:12px\" class=\"detail-desc-decorate-content\">5. \u00e9tanche \u00e0 l'eau et au vent : mat\u00e9riau de couture TPU \u00e9tanche de haute qualit\u00e9.<\/p>\n<\/div>\n<div class=\"detailmodule_image\"><img decoding=\"async\" alt=\"Hiver \u00e9tanche hommes gants \u00e9cran tactile vent \u00e9tanche sport p\u00eache conduite moto ski glisse solide chaud v\u00e9lo femmes gants-H1079a9cdaae04a899496b3cc5d1c8438c\" title=\"Hiver \u00e9tanche hommes gants \u00e9cran tactile vent \u00e9tanche sport p\u00eache conduite moto ski glisse solide chaud v\u00e9lo femmes gants-H1079a9cdaae04a899496b3cc5d1c8438c\" style=\"margin-bottom:10px\" class=\"detail-desc-decorate-image\" src=\"https:\/\/ae04.alicdn.com\/kf\/H1079a9cdaae04a899496b3cc5d1c8438c.jpg\" \/><img decoding=\"async\" alt=\"Hiver imperm\u00e9able hommes \u00e9cran tactile vent \u00e9tanche sport p\u00eache conduite moto ski glisse solide chaud v\u00e9lo femmes gants-Hf5e2919085cb48cb96c2fea66c34f095w\" title=\"Hiver imperm\u00e9able hommes \u00e9cran tactile vent \u00e9tanche sport p\u00eache conduite moto ski glisse solide chaud v\u00e9lo femmes gants-Hf5e2919085cb48cb96c2fea66c34f095w\" src=\"https:\/\/ae01.alicdn.com\/kf\/Hf5e2919085cb48cb96c2fea66c34f095w.jpg\" \/><img decoding=\"async\" alt=\"Hiver \u00e9tanche hommes gants \u00e9cran tactile vent \u00e9tanche sport p\u00eache conduite moto ski glisse solide chaud v\u00e9lo femmes gants-H7911fdbf68964efda8d3fbdb560ea52dy\" title=\"Hiver \u00e9tanche hommes gants \u00e9cran tactile vent \u00e9tanche sport p\u00eache conduite moto ski glisse solide chaud v\u00e9lo femmes gants-H7911fdbf68964efda8d3fbdb560ea52dy\" class=\"detail-desc-decorate-image\" src=\"https:\/\/ae01.alicdn.com\/kf\/H7911fdbf68964efda8d3fbdb560ea52dy.jpg\" \/><img decoding=\"async\" alt=\"Hiver \u00e9tanche hommes gants \u00e9cran tactile vent \u00e9tanche sport p\u00eache conduite moto ski glisse solide chaud v\u00e9lo femmes gants-H76bcf20fb77491c9bac2e29f514b5534\" title=\"Hiver \u00e9tanche hommes gants \u00e9cran tactile vent \u00e9tanche sport p\u00eache conduite moto ski glisse solide chaud v\u00e9lo femmes gants-H76bcf20fb77491c9bac2e29f514b5534\" style=\"margin-bottom:10px\" class=\"detail-desc-decorate-image\" src=\"https:\/\/ae04.alicdn.com\/kf\/H76bcf20fbf77491c9bac2e29f514b5534.jpg\" \/><img decoding=\"async\" alt=\"Hiver imperm\u00e9able hommes \u00e9cran tactile vent \u00e9tanche sport p\u00eache conduite moto ski glisse solide chaud v\u00e9lo femmes gants-H61176410906c4bbf959b01ca0aac2797w\" title=\"Hiver imperm\u00e9able hommes \u00e9cran tactile vent \u00e9tanche sport p\u00eache conduite moto ski glisse solide chaud v\u00e9lo femmes gants-H61176410906c4bbf959b01ca0aac2797w\" class=\"detail-desc-decorate-image\" src=\"https:\/\/ae01.alicdn.com\/kf\/H61176410906c4bbf959b01ca0aac2797w.jpg\" \/><img decoding=\"async\" alt=\"Hiver \u00e9tanche hommes gants \u00e9cran tactile vent \u00e9tanche sport p\u00eache conduite moto ski glisse solide chaud v\u00e9lo femmes gants-Hd95280b4d5f64c30b0a5aeba524636aas\" title=\"Hiver \u00e9tanche hommes gants \u00e9cran tactile vent \u00e9tanche sport p\u00eache conduite moto ski glisse solide chaud v\u00e9lo femmes gants-Hd95280b4d5f64c30b0a5aeba524636aas\" class=\"detail-desc-decorate-image\" src=\"https:\/\/ae01.alicdn.com\/kf\/Hd95280b4d5f64c30b0a5aeba524636aas.jpg\" \/><img decoding=\"async\" alt=\"Hiver \u00e9tanche hommes gants \u00e9cran tactile vent \u00e9tanche sport p\u00eache conduite moto ski glisse solide chaud v\u00e9lo femmes gants-H914ecdf7bfc54431a1bf6bbefb15c981k\" title=\"Hiver \u00e9tanche hommes gants \u00e9cran tactile vent \u00e9tanche sport p\u00eache conduite moto ski glisse solide chaud v\u00e9lo femmes gants-H914ecdf7bfc54431a1bf6bbefb15c981k\" src=\"https:\/\/ae01.alicdn.com\/kf\/H914ecdf7bfc54431a1bf6bbefb15c981k.jpg\" \/><img decoding=\"async\" alt=\"hiver imperm\u00e9able hommes \u00e9cran tactile vent \u00e9tanche sport p\u00eache conduite moto ski glisse solide chaud v\u00e9lo femmes gants-He33cec130562414085d65d75847fdb7et\" title=\"hiver imperm\u00e9able hommes \u00e9cran tactile vent \u00e9tanche sport p\u00eache conduite moto ski glisse solide chaud v\u00e9lo femmes gants-He33cec130562414085d65d75847fdb7et\" style=\"margin-bottom:10px\" class=\"detail-desc-decorate-image\" src=\"https:\/\/ae04.alicdn.com\/kf\/He33cec130562414085d65d75847fdb7et.jpg\" \/><img decoding=\"async\" alt=\"hiver imperm\u00e9able hommes gants \u00e9cran tactile vent \u00e9tanche sport p\u00eache conduite moto ski glisse solide chaud v\u00e9lo femmes gants-H1bad5918b84b41b3850278928d9680b4k\" title=\"hiver imperm\u00e9able hommes gants \u00e9cran tactile vent \u00e9tanche sport p\u00eache conduite moto ski glisse solide chaud v\u00e9lo femmes gants-H1bad5918b84b41b3850278928d9680b4k\" style=\"margin-bottom:10px\" class=\"detail-desc-decorate-image\" src=\"https:\/\/ae04.alicdn.com\/kf\/H1bad5918b84b41b3850278928d9680b4k.jpg\" \/><img decoding=\"async\" alt=\"Hiver \u00e9tanche hommes gants \u00e9cran tactile vent \u00e9tanche sport p\u00eache conduite moto ski glisse solide chaud v\u00e9lo femmes gants-H67633bfbc04f416a8aeb6a550f050ca3B\" title=\"Hiver \u00e9tanche hommes gants \u00e9cran tactile vent \u00e9tanche sport p\u00eache conduite moto ski glisse solide chaud v\u00e9lo femmes gants-H67633bfbc04f416a8aeb6a550f050ca3B\" class=\"detail-desc-decorate-image\" src=\"https:\/\/ae01.alicdn.com\/kf\/H67633bfbc04f416a8aeb6a550f050ca3B.jpg\" \/><img decoding=\"async\" alt=\"hiver imperm\u00e9able hommes gants \u00e9cran tactile vent \u00e9tanche sport p\u00eache conduite moto ski glisse solide chaud v\u00e9lo femmes gants-H4b2f30f1ae66473f9001ff1b4e554127y\" title=\"hiver imperm\u00e9able hommes gants \u00e9cran tactile vent \u00e9tanche sport p\u00eache conduite moto ski glisse solide chaud v\u00e9lo femmes gants-H4b2f30f1ae66473f9001ff1b4e554127y\" class=\"detail-desc-decorate-image\" src=\"https:\/\/ae01.alicdn.com\/kf\/H4b2f30f1ae66473f9001ff1b4e554127y.jpg\" \/><img decoding=\"async\" alt=\"Hiver \u00e9tanche hommes gants \u00e9cran tactile vent \u00e9tanche sport p\u00eache conduite moto ski glisse solide chaud v\u00e9lo femmes gants-Hc90fd3a91f96464ba9eb65af87e4f01a2\" title=\"Hiver \u00e9tanche hommes gants \u00e9cran tactile vent \u00e9tanche sport p\u00eache conduite moto ski glisse solide chaud v\u00e9lo femmes gants-Hc90fd3a91f96464ba9eb65af87e4f01a2\" class=\"detail-desc-decorate-image\" src=\"https:\/\/ae01.alicdn.com\/kf\/Hc90fd3a91f96464ba9eb65af87e4f01a2.jpg\" \/><img decoding=\"async\" alt=\"Hiver \u00e9tanche hommes gants \u00e9cran tactile vent \u00e9tanche sport p\u00eache conduite moto ski glisse solide chaud v\u00e9lo femmes gants-H99e51abfd01b49b69b6dae07428e9b92e\" title=\"Hiver \u00e9tanche hommes gants \u00e9cran tactile vent \u00e9tanche sport p\u00eache conduite moto ski glisse solide chaud v\u00e9lo femmes gants-H99e51abfd01b49b69b6dae07428e9b92e\" class=\"detail-desc-decorate-image\" src=\"https:\/\/ae01.alicdn.com\/kf\/H99e51abfd01b49b69b6dae07428e9b92e.jpg\" \/><\/div>\n<\/div>\n<\/div>\n<p><\/div>\n<\/div>","protected":false},"excerpt":{"rendered":"<p>Lieu d'origine : Chine (continentale) Type de motif : Fixe Longueur des gants : Poignet Type : Mode Sexe : Unisexe Nom du d\u00e9partement : Adulte Mat\u00e9riel : Acrylique,NYLON,Polyester Origine : CN (origine) CN : Zhejiang Type d'article : Gants Description Mat\u00e9riel : Polyester Taille : m\/l\/xl\/xxl Couleur : noir, gris, gris clair, gris fonc\u00e9, bleu marine Caract\u00e9ristique : 1. gants chauds en polaire double : en doublure polaire doublement \u00e9paissie, qui vous garde plus au chaud par temps froid 2. respirant &amp; chaud : respirant it\u00e9, vous prot\u00e9gez vos mains du vent et [...]<\/p>","protected":false},"featured_media":5533,"comment_status":"open","ping_status":"closed","template":"","meta":{"site-sidebar-layout":"default","site-content-layout":"","ast-site-content-layout":"default","site-content-style":"default","site-sidebar-style":"default","ast-global-header-display":"","ast-banner-title-visibility":"","ast-main-header-display":"","ast-hfb-above-header-display":"","ast-hfb-below-header-display":"","ast-hfb-mobile-header-display":"","site-post-title":"","ast-breadcrumbs-content":"","ast-featured-img":"","footer-sml-layout":"","ast-disable-related-posts":"","theme-transparent-header-meta":"","adv-header-id-meta":"","stick-header-meta":"","header-above-stick-meta":"","header-main-stick-meta":"","header-below-stick-meta":"","astra-migrate-meta-layouts":"default","ast-page-background-enabled":"default","ast-page-background-meta":{"desktop":{"background-color":"","background-image":"","background-repeat":"repeat","background-position":"center center","background-size":"auto","background-attachment":"scroll","background-type":"","background-media":"","overlay-type":"","overlay-color":"","overlay-opacity":"","overlay-gradient":""},"tablet":{"background-color":"","background-image":"","background-repeat":"repeat","background-position":"center center","background-size":"auto","background-attachment":"scroll","background-type":"","background-media":"","overlay-type":"","overlay-color":"","overlay-opacity":"","overlay-gradient":""},"mobile":{"background-color":"","background-image":"","background-repeat":"repeat","background-position":"center center","background-size":"auto","background-attachment":"scroll","background-type":"","background-media":"","overlay-type":"","overlay-color":"","overlay-opacity":"","overlay-gradient":""}},"ast-content-background-meta":{"desktop":{"background-color":"var(--ast-global-color-4)","background-image":"","background-repeat":"repeat","background-position":"center center","background-size":"auto","background-attachment":"scroll","background-type":"","background-media":"","overlay-type":"","overlay-color":"","overlay-opacity":"","overlay-gradient":""},"tablet":{"background-color":"var(--ast-global-color-4)","background-image":"","background-repeat":"repeat","background-position":"center center","background-size":"auto","background-attachment":"scroll","background-type":"","background-media":"","overlay-type":"","overlay-color":"","overlay-opacity":"","overlay-gradient":""},"mobile":{"background-color":"var(--ast-global-color-4)","background-image":"","background-repeat":"repeat","background-position":"center center","background-size":"auto","background-attachment":"scroll","background-type":"","background-media":"","overlay-type":"","overlay-color":"","overlay-opacity":"","overlay-gradient":""}}},"product_brand":[],"product_cat":[15],"product_tag":[],"class_list":{"0":"post-5532","1":"product","2":"type-product","3":"status-publish","4":"has-post-thumbnail","6":"product_cat-handschuhe","7":"desktop-align-center","8":"tablet-align-center","9":"mobile-align-center","10":"ast-product-gallery-layout-horizontal-slider","11":"ast-product-single-variable","12":"ast-product-tabs-layout-horizontal","13":"ast-qv-on-image","15":"first","16":"instock","17":"shipping-taxable","18":"purchasable","19":"product-type-variable"},"tiered_pricing_type":"fixed","tiered_pricing_fixed_rules":[],"tiered_pricing_product_settings":{"layout":"default","base_unit_name":{"singular":null,"plural":null},"default_variation":null},"tiered_pricing_minimum_quantity":null,"tiered_pricing_roles_data":[],"tiered_pricing_percentage_rules":[],"_links":{"self":[{"href":"https:\/\/www.lifecitypro.com\/fr\/wp-json\/wp\/v2\/product\/5532","targetHints":{"allow":["GET"]}}],"collection":[{"href":"https:\/\/www.lifecitypro.com\/fr\/wp-json\/wp\/v2\/product"}],"about":[{"href":"https:\/\/www.lifecitypro.com\/fr\/wp-json\/wp\/v2\/types\/product"}],"replies":[{"embeddable":true,"href":"https:\/\/www.lifecitypro.com\/fr\/wp-json\/wp\/v2\/comments?post=5532"}],"version-history":[{"count":0,"href":"https:\/\/www.lifecitypro.com\/fr\/wp-json\/wp\/v2\/product\/5532\/revisions"}],"wp:featuredmedia":[{"embeddable":true,"href":"https:\/\/www.lifecitypro.com\/fr\/wp-json\/wp\/v2\/media\/5533"}],"wp:attachment":[{"href":"https:\/\/www.lifecitypro.com\/fr\/wp-json\/wp\/v2\/media?parent=5532"}],"wp:term":[{"taxonomy":"product_brand","embeddable":true,"href":"https:\/\/www.lifecitypro.com\/fr\/wp-json\/wp\/v2\/product_brand?post=5532"},{"taxonomy":"product_cat","embeddable":true,"href":"https:\/\/www.lifecitypro.com\/fr\/wp-json\/wp\/v2\/product_cat?post=5532"},{"taxonomy":"product_tag","embeddable":true,"href":"https:\/\/www.lifecitypro.com\/fr\/wp-json\/wp\/v2\/product_tag?post=5532"}],"curies":[{"name":"wp","href":"https:\/\/api.w.org\/{rel}","templated":true}]}}