{"id":5526,"date":"2024-02-18T11:20:26","date_gmt":"2024-02-18T11:20:26","guid":{"rendered":"https:\/\/www.lifecitypro.com\/?post_type=product&#038;p=5526"},"modified":"2024-12-23T07:26:46","modified_gmt":"2024-12-23T07:26:46","slug":"voll-finger-motorrad-handschuhe-manner-touchscreen-outdoor-offroad-sport-fahrrads-chutz-anti-fall-motorrad-finger-handschuhe","status":"publish","type":"product","link":"https:\/\/www.lifecitypro.com\/fr\/product\/voll-finger-motorrad-handschuhe-manner-touchscreen-outdoor-offroad-sport-fahrrads-chutz-anti-fall-motorrad-finger-handschuhe\/","title":{"rendered":"Gants de moto \u00e0 doigts complets Hommes \u00c9cran tactile Ext\u00e9rieur Offroad Sport V\u00e9lo Protection anti-chute Gants de moto \u00e0 doigts"},"content":{"rendered":"<div class=\"product-specs-list-container\">\n<ul class=\"product-specs-list util-clearfix\">\n<li class=\"product-prop line-limit-length\"><span class=\"property-title\">Origine :&nbsp;<\/span><span class=\"property-desc line-limit-length\">CN (origine)<\/span>\n\t\t\t\t\t\t<\/li>\n<\/ul><\/div>\n<div class=\"ai-description\">\n<div class=\"origin-part box-sizing\">\n<p style=\"font-family: 'Open Sans', sans-serif;font-size: 14px;font-weight: 400;letter-spacing: normal;line-height: inherit;text-align: start;margin: 0px;margin-bottom: 0px;margin-top: 0px;margin-left: 0px;margin-right: 0px;padding: 0px;padding-bottom: 0px;padding-top: 0px;padding-left: 0px;padding-right: 0px\" align=\"start\"> <span><strong>- Mati\u00e8re respirante :<\/strong><\/span><span>Les gants sont fabriqu\u00e9s dans un mat\u00e9riau respirant qui permet \u00e0 l'air de circuler et de garder vos mains fra\u00eeches et confortables pendant les longs trajets.<\/span> <\/p>\n<p><\/p>\n<p style=\"font-family: 'Open Sans', sans-serif;font-size: 14px;font-weight: 400;letter-spacing: normal;line-height: inherit;text-align: start;margin: 0px;margin-bottom: 0px;margin-top: 0px;margin-left: 0px;margin-right: 0px;padding: 0px;padding-bottom: 0px;padding-top: 0px;padding-left: 0px;padding-right: 0px\" align=\"start\"> <span><strong>- Protection totale des doigts :<\/strong><\/span><span>Les gants offrent une protection totale des doigts et prot\u00e8gent vos mains des \u00e9raflures, coupures et autres blessures pendant la conduite.<\/span> <\/p>\n<p><\/p>\n<p style=\"font-family: 'Open Sans', sans-serif;font-size: 14px;font-weight: 400;letter-spacing: normal;line-height: inherit;text-align: start;margin: 0px;margin-bottom: 0px;margin-top: 0px;margin-left: 0px;margin-right: 0px;padding: 0px;padding-bottom: 0px;padding-top: 0px;padding-left: 0px;padding-right: 0px\" align=\"start\"> <span><strong>- Hartsc halen design :<\/strong><\/span><span>Les gants sont dot\u00e9s d'une coque dure qui offre une protection suppl\u00e9mentaire contre les chocs et les abrasions et est id\u00e9ale pour la conduite tout-terrain.<\/span> <\/p>\n<p><\/p>\n<p style=\"font-family: 'Open Sans', sans-serif;font-size: 14px;font-weight: 400;letter-spacing: normal;line-height: inherit;text-align: start;margin: 0px;margin-bottom: 0px;margin-top: 0px;margin-left: 0px;margin-right: 0px;padding: 0px;padding-bottom: 0px;padding-top: 0px;padding-left: 0px;padding-right: 0px\" align=\"start\"> <span><strong>- Convient aux hommes et aux femmes :<\/strong><\/span><span>Les gants conviennent aux hommes et aux femmes, ce qui en fait une option polyvalente pour tout motard.<\/span> <\/p>\n<p><\/p>\n<\/p><\/div>\n<\/p><\/div>\n<p><strong><span style=\"font-size:14px;, sans-serif\">Description :<\/span><\/strong><span style=\"font-size:14px;, sans-serif\"><br \/>1. Sp\u00e9cialement con\u00e7u avec une protection de coque en caoutchouc souple, en tenant compte de l'esth\u00e9tique et de la s\u00e9curit\u00e9. Tissu mesh respirant 3D-dimensionnel, confortable n'est pas chaud.<br \/>2. conception en relief en n\u00e9opr\u00e8ne, la main attach\u00e9e n'est pas facile \u00e0 glisser. Quatre doigts de conception haute maille respirante et un bloc de caoutchouc glisse protection compl\u00e8te.<br \/>3. la coque dure de protection contre les chutes, ergonomique et aux dimensions de la main, la mousse amortissant les chocs a un effet p-rotecteur sup\u00e9rieur \u00e0 l'effet g\u00e9n\u00e9ral.<br \/>4. ce gant conf\u00e8re \u00e0 la paume un degr\u00e9 maximal de fonction antid\u00e9rapante et toute une s\u00e9rie de conditions de pr\u00e9hension. La conception des poignets permet aux gants de tomber facilement.<br \/>5. la conception unique et pratique de la capabilit\u00e9 des doigts pour \u00e9cran tactile vous permet d'utiliser les gants sur tous vos appareils \u00e0 \u00e9cran tactile. S'adapte parfaitement \u00e0 vos mains et vous permet d'utiliser vos t\u00e9l\u00e9phones sans enlever vos gants.<br \/><\/span><strong><span style=\"font-size:14px;, sans-serif\">Sp\u00e9cification :<\/span><\/strong><span style=\"font-size:14px;, sans-serif\"><br \/>Couleur : noir, bleu, rouge<br \/>Mat\u00e9riaux : nylon + coque en caoutchouc souple<br \/>Dos de la main : Tissu respirant Wear proof<br \/><\/span><strong><span style=\"font-size:14px;, sans-serif\">Le paquet comprend<\/span><\/strong><span style=\"font-size:14px;, sans-serif\"><br \/>1 paire de gants<\/span><\/p>\n<p><strong><span style=\"font-size:14px;, sans-serif\">taille :<\/span><\/strong><\/p>\n<p><span style=\"font-size:14px;, sans-serif\">Taille libre<\/span><\/p>\n<p><span style=\"font-size:14px;, sans-serif\">Largeur de palmier : 7-9CMPalm. Circonf\u00e9rence : 18CM-23CM<\/span><\/p>\n<p><strong><span style=\"font-size:14px;, sans-serif\">Note :<\/span><\/strong><span style=\"font-size:14px;, sans-serif\"><br \/>(1) Toutes les images sont color\u00e9es professionnellement, mais en raison des diff\u00e9rences d'\u00e9clairage ambiant et de r\u00e9glage de l'\u00e9cran, il peut y avoir quelques diff\u00e9rences entre les images que vous voyez et les objets eux-m\u00eames. Merci de votre compr\u00e9hension.<br \/>(2) Les donn\u00e9es sont mesur\u00e9es manuellement et il peut y avoir un \u00e9cart, environ 1-3cm d'erreur.<\/span><\/p>\n<p><img decoding=\"async\" alt=\"Gants de moto \u00e0 doigts complets Hommes \u00e9cran tactile ext\u00e9rieur Offroad Sport V\u00e9lo protection anti-chute Gants de moto \u00e0 doigts-S093dba81ed7c4c5a8690e9a3b7a890cf3\" title=\"Gants de moto \u00e0 doigts complets Hommes \u00e9cran tactile ext\u00e9rieur Offroad Sport V\u00e9lo protection anti-chute Gants de moto \u00e0 doigts-S093dba81ed7c4c5a8690e9a3b7a890cf3\" src=\"https:\/\/ae01.alicdn.com\/kf\/S093dba81ed7c4c5a8690e9a3b7a890cf3.jpg\"><\/p>\n<p><img decoding=\"async\" alt=\"Gants de moto \u00e0 doigts complets Hommes \u00e9cran tactile ext\u00e9rieur Offroad Sport V\u00e9lo protection anti-chute Gants de moto \u00e0 doigts-S270804b1e1cd4a3eaf117f1f2dc9c63eB\" title=\"Gants de moto \u00e0 doigts complets Hommes \u00e9cran tactile ext\u00e9rieur Offroad Sport V\u00e9lo protection anti-chute Gants de moto \u00e0 doigts-S270804b1e1cd4a3eaf117f1f2dc9c63eB\" src=\"https:\/\/ae01.alicdn.com\/kf\/S270804b1e1cd4a3eaf117f1f2dc9c63eB.jpg\"><\/p>\n<p><img decoding=\"async\" alt=\"Gants de moto \u00e0 doigts complets Hommes \u00e9cran tactile ext\u00e9rieur Offroad Sport V\u00e9lo protection anti-chute Gants de moto \u00e0 doigts-S7ac4b803f6214bedad1047ef6535dce0W\" title=\"Gants de moto \u00e0 doigts complets Hommes \u00e9cran tactile ext\u00e9rieur Offroad Sport V\u00e9lo protection anti-chute Gants de moto \u00e0 doigts-S7ac4b803f6214bedad1047ef6535dce0W\" src=\"https:\/\/ae01.alicdn.com\/kf\/S7ac4b803f6214bedad1047ef6535dce0W.jpg\"><\/p>\n<p><img decoding=\"async\" alt=\"Gants de moto \u00e0 doigts complets Hommes \u00e9cran tactile ext\u00e9rieur Offroad Sport V\u00e9lo protection anti-chute Gants de moto \u00e0 doigts-S87cee3f50dd440d49ba0bfbaf0ec7094l\" title=\"Gants de moto \u00e0 doigts complets Hommes \u00e9cran tactile ext\u00e9rieur Offroad Sport V\u00e9lo protection anti-chute Gants de moto \u00e0 doigts-S87cee3f50dd440d49ba0bfbaf0ec7094l\" src=\"https:\/\/ae01.alicdn.com\/kf\/S87cee3f50dd440d49ba0bfbaf0ec7094l.jpg\"><\/p>\n<p><img decoding=\"async\" alt=\"Gants de moto \u00e0 doigts complets Hommes \u00e9cran tactile ext\u00e9rieur Offroad Sport V\u00e9lo protection anti-chute Gants de moto \u00e0 doigts-S3984be2536674c4d824a4dbf0452997bI\" title=\"Gants de moto \u00e0 doigts complets Hommes \u00e9cran tactile ext\u00e9rieur Offroad Sport V\u00e9lo protection anti-chute Gants de moto \u00e0 doigts-S3984be2536674c4d824a4dbf0452997bI\" src=\"https:\/\/ae01.alicdn.com\/kf\/S3984be2536674c4d824a4dbf0452997bI.jpg\"><img decoding=\"async\" alt=\"Gants de moto \u00e0 doigts complets Hommes \u00e9cran tactile ext\u00e9rieur Offroad Sport V\u00e9lo protection anti-chute Gants de moto \u00e0 doigts-Sc36cd5b0958942799235971560f1da24t\" title=\"Gants de moto \u00e0 doigts complets Hommes \u00e9cran tactile ext\u00e9rieur Offroad Sport V\u00e9lo protection anti-chute Gants de moto \u00e0 doigts-Sc36cd5b0958942799235971560f1da24t\" src=\"https:\/\/ae01.alicdn.com\/kf\/Sc36cd5b0958942799235971560f1da24t.jpg\"><img decoding=\"async\" alt=\"Gants de moto \u00e0 doigts complets Hommes \u00e9cran tactile ext\u00e9rieur Offroad Sport V\u00e9lo protection anti-chute Gants de moto \u00e0 doigts-Sbcb0ae8b120746dfbcf644599b500ae6L\" title=\"Gants de moto \u00e0 doigts complets Hommes \u00e9cran tactile ext\u00e9rieur Offroad Sport V\u00e9lo protection anti-chute Gants de moto \u00e0 doigts-Sbcb0ae8b120746dfbcf644599b500ae6L\" src=\"https:\/\/ae01.alicdn.com\/kf\/Sbcb0ae8b120746dfbcf644599b500ae6L.jpg\"><\/p>\n<p><img decoding=\"async\" alt=\"Gants de moto \u00e0 doigts complets Hommes \u00e9cran tactile ext\u00e9rieur Offroad Sport V\u00e9lo protection anti-chute Gants de moto \u00e0 doigts-S0e3168f9b44d495baf4a02059cc2c73ak\" title=\"Gants de moto \u00e0 doigts complets Hommes \u00e9cran tactile ext\u00e9rieur Offroad Sport V\u00e9lo protection anti-chute Gants de moto \u00e0 doigts-S0e3168f9b44d495baf4a02059cc2c73ak\" src=\"https:\/\/ae01.alicdn.com\/kf\/S0e3168f9b44d495baf4a02059cc2c73ak.jpg\"><\/p>\n<p><\/p>\n<p><img decoding=\"async\" alt=\"Gants de moto \u00e0 doigts complets Hommes \u00c9cran tactile Ext\u00e9rieur Offroad Sport V\u00e9lo Protection anti-chute Gants de moto \u00e0 doigts-See9de9b3a27f4408b86e71459c8818a5T\" title=\"Gants de moto \u00e0 doigts complets Hommes \u00c9cran tactile Ext\u00e9rieur Offroad Sport V\u00e9lo Protection anti-chute Gants de moto \u00e0 doigts-See9de9b3a27f4408b86e71459c8818a5T\" src=\"https:\/\/ae01.alicdn.com\/kf\/See9de9b3a27f4408b86e71459c8818a5T.jpg\"><img decoding=\"async\" alt=\"Gants de moto \u00e0 doigts complets Hommes \u00e9cran tactile ext\u00e9rieur Offroad Sport V\u00e9lo protection anti-chute Gants de moto \u00e0 doigts-Sb72ba183348c4756b018392cca184a9eL\" title=\"Gants de moto \u00e0 doigts complets Hommes \u00e9cran tactile ext\u00e9rieur Offroad Sport V\u00e9lo protection anti-chute Gants de moto \u00e0 doigts-Sb72ba183348c4756b018392cca184a9eL\" src=\"https:\/\/ae01.alicdn.com\/kf\/Sb72ba183348c4756b018392cca184a9eL.jpg\"><img decoding=\"async\" alt=\"Gants de moto \u00e0 doigts complets Hommes \u00c9cran tactile Ext\u00e9rieur Offroad Sport V\u00e9lo Protection anti-chute Gants de moto \u00e0 doigts-S471e734725bb4c7395cdb75f51c7bfc7m\" title=\"Gants de moto \u00e0 doigts complets Hommes \u00c9cran tactile Ext\u00e9rieur Offroad Sport V\u00e9lo Protection anti-chute Gants de moto \u00e0 doigts-S471e734725bb4c7395cdb75f51c7bfc7m\" src=\"https:\/\/ae01.alicdn.com\/kf\/S471e734725bb4c7395cdb75f51c7bfc7m.jpg\"><img decoding=\"async\" alt=\"Gants de moto \u00e0 doigts complets Hommes \u00e9cran tactile ext\u00e9rieur Offroad Sport V\u00e9lo protection anti-chute Gants de moto \u00e0 doigts-S878d580d4206432f897842e993b42cdeC\" title=\"Gants de moto \u00e0 doigts complets Hommes \u00e9cran tactile ext\u00e9rieur Offroad Sport V\u00e9lo protection anti-chute Gants de moto \u00e0 doigts-S878d580d4206432f897842e993b42cdeC\" src=\"https:\/\/ae01.alicdn.com\/kf\/S878d580d4206432f897842e993b42cdeC.jpg\"><\/p>\n<p><img decoding=\"async\" alt=\"Gants de moto \u00e0 doigts complets Hommes \u00c9cran tactile Ext\u00e9rieur Offroad Sport V\u00e9lo Protection Anti-chute Gants de moto \u00e0 doigts-S8bfa1183333642fc90da028f0de8938dq\" title=\"Gants de moto \u00e0 doigts complets Hommes \u00c9cran tactile Ext\u00e9rieur Offroad Sport V\u00e9lo Protection Anti-chute Gants de moto \u00e0 doigts-S8bfa1183333642fc90da028f0de8938dq\" src=\"https:\/\/ae01.alicdn.com\/kf\/S8bfa1183333642fc90da028f0de8938dq.jpg\"><\/p>\n<p><img decoding=\"async\" alt=\"Gants de moto \u00e0 doigts complets Hommes \u00e9cran tactile ext\u00e9rieur Offroad Sport V\u00e9lo protection anti-chute Gants de moto \u00e0 doigts-S67c6d53fa5e3454c832d991bd571c29N\" title=\"Gants de moto \u00e0 doigts complets Hommes \u00e9cran tactile ext\u00e9rieur Offroad Sport V\u00e9lo protection anti-chute Gants de moto \u00e0 doigts-S67c6d53fa5e3454c832d991bd571c29N\" src=\"https:\/\/ae01.alicdn.com\/kf\/S67c6d53fa5e3454c832d9c91bd571c29N.jpg\"><img decoding=\"async\" alt=\"Gants de moto \u00e0 doigts complets Hommes \u00c9cran tactile Ext\u00e9rieur Offroad Sport V\u00e9lo Protection anti-chute Gants de moto \u00e0 doigts-Sa4ba23ab1e074280b1ddf8f8d12af4c2J\" title=\"Gants de moto \u00e0 doigts complets Hommes \u00c9cran tactile Ext\u00e9rieur Offroad Sport V\u00e9lo Protection anti-chute Gants de moto \u00e0 doigts-Sa4ba23ab1e074280b1ddf8f8d12af4c2J\" src=\"https:\/\/ae01.alicdn.com\/kf\/Sa4ba23ab1e074280b1ddf8f8d12af4c2J.jpg\"><img decoding=\"async\" alt=\"Gants de moto \u00e0 doigts complets Hommes \u00e9cran tactile ext\u00e9rieur Offroad Sport V\u00e9lo protection anti-chute Gants de moto \u00e0 doigts-Sf3ca9bf51bc74a228fcc1a2e0e16f487o\" title=\"Gants de moto \u00e0 doigts complets Hommes \u00e9cran tactile ext\u00e9rieur Offroad Sport V\u00e9lo protection anti-chute Gants de moto \u00e0 doigts-Sf3ca9bf51bc74a228fcc1a2e0e16f487o\" src=\"https:\/\/ae01.alicdn.com\/kf\/Sf3ca9bf51bc74a228fcc1a2e0e16f487o.jpg\"><\/p>","protected":false},"excerpt":{"rendered":"<p>Origine : CN (origine) - Mat\u00e9riau respirant :Les gants sont fabriqu\u00e9s dans un mat\u00e9riau respirant qui permet \u00e0 l'air de circuler et de garder vos mains fra\u00eeches et confortables pendant les longs trajets. - Protection totale des doigts :Les gants offrent une protection totale des doigts et prot\u00e8gent vos mains des \u00e9raflures, coupures et autres blessures pendant la conduite. - Design dur : Les gants ont une [...]<\/p>","protected":false},"featured_media":5527,"comment_status":"open","ping_status":"closed","template":"","meta":{"site-sidebar-layout":"default","site-content-layout":"","ast-site-content-layout":"default","site-content-style":"default","site-sidebar-style":"default","ast-global-header-display":"","ast-banner-title-visibility":"","ast-main-header-display":"","ast-hfb-above-header-display":"","ast-hfb-below-header-display":"","ast-hfb-mobile-header-display":"","site-post-title":"","ast-breadcrumbs-content":"","ast-featured-img":"","footer-sml-layout":"","theme-transparent-header-meta":"default","adv-header-id-meta":"","stick-header-meta":"default","header-above-stick-meta":"","header-main-stick-meta":"","header-below-stick-meta":"","astra-migrate-meta-layouts":"set","ast-page-background-enabled":"default","ast-page-background-meta":{"desktop":{"background-color":"","background-image":"","background-repeat":"repeat","background-position":"center center","background-size":"auto","background-attachment":"scroll","background-type":"","background-media":"","overlay-type":"","overlay-color":"","overlay-opacity":"","overlay-gradient":""},"tablet":{"background-color":"","background-image":"","background-repeat":"repeat","background-position":"center center","background-size":"auto","background-attachment":"scroll","background-type":"","background-media":"","overlay-type":"","overlay-color":"","overlay-opacity":"","overlay-gradient":""},"mobile":{"background-color":"","background-image":"","background-repeat":"repeat","background-position":"center center","background-size":"auto","background-attachment":"scroll","background-type":"","background-media":"","overlay-type":"","overlay-color":"","overlay-opacity":"","overlay-gradient":""}},"ast-content-background-meta":{"desktop":{"background-color":"var(--ast-global-color-5)","background-image":"","background-repeat":"repeat","background-position":"center center","background-size":"auto","background-attachment":"scroll","background-type":"","background-media":"","overlay-type":"","overlay-color":"","overlay-opacity":"","overlay-gradient":""},"tablet":{"background-color":"var(--ast-global-color-5)","background-image":"","background-repeat":"repeat","background-position":"center center","background-size":"auto","background-attachment":"scroll","background-type":"","background-media":"","overlay-type":"","overlay-color":"","overlay-opacity":"","overlay-gradient":""},"mobile":{"background-color":"var(--ast-global-color-5)","background-image":"","background-repeat":"repeat","background-position":"center center","background-size":"auto","background-attachment":"scroll","background-type":"","background-media":"","overlay-type":"","overlay-color":"","overlay-opacity":"","overlay-gradient":""}}},"product_brand":[],"product_cat":[15],"product_tag":[],"class_list":{"0":"post-5526","1":"product","2":"type-product","3":"status-publish","4":"has-post-thumbnail","6":"product_cat-handschuhe","7":"desktop-align-center","8":"tablet-align-center","9":"mobile-align-center","10":"ast-product-gallery-layout-horizontal-slider","11":"ast-product-single-variable","12":"ast-product-tabs-layout-horizontal","13":"ast-qv-on-image","15":"first","16":"instock","17":"shipping-taxable","18":"purchasable","19":"product-type-variable"},"tiered_pricing_type":"fixed","tiered_pricing_fixed_rules":[],"tiered_pricing_product_settings":{"layout":"default","base_unit_name":{"singular":null,"plural":null},"default_variation":null},"tiered_pricing_minimum_quantity":null,"tiered_pricing_roles_data":[],"tiered_pricing_percentage_rules":[],"_links":{"self":[{"href":"https:\/\/www.lifecitypro.com\/fr\/wp-json\/wp\/v2\/product\/5526","targetHints":{"allow":["GET"]}}],"collection":[{"href":"https:\/\/www.lifecitypro.com\/fr\/wp-json\/wp\/v2\/product"}],"about":[{"href":"https:\/\/www.lifecitypro.com\/fr\/wp-json\/wp\/v2\/types\/product"}],"replies":[{"embeddable":true,"href":"https:\/\/www.lifecitypro.com\/fr\/wp-json\/wp\/v2\/comments?post=5526"}],"version-history":[{"count":0,"href":"https:\/\/www.lifecitypro.com\/fr\/wp-json\/wp\/v2\/product\/5526\/revisions"}],"wp:featuredmedia":[{"embeddable":true,"href":"https:\/\/www.lifecitypro.com\/fr\/wp-json\/wp\/v2\/media\/5527"}],"wp:attachment":[{"href":"https:\/\/www.lifecitypro.com\/fr\/wp-json\/wp\/v2\/media?parent=5526"}],"wp:term":[{"taxonomy":"product_brand","embeddable":true,"href":"https:\/\/www.lifecitypro.com\/fr\/wp-json\/wp\/v2\/product_brand?post=5526"},{"taxonomy":"product_cat","embeddable":true,"href":"https:\/\/www.lifecitypro.com\/fr\/wp-json\/wp\/v2\/product_cat?post=5526"},{"taxonomy":"product_tag","embeddable":true,"href":"https:\/\/www.lifecitypro.com\/fr\/wp-json\/wp\/v2\/product_tag?post=5526"}],"curies":[{"name":"wp","href":"https:\/\/api.w.org\/{rel}","templated":true}]}}