{"id":5506,"date":"2024-02-18T11:20:28","date_gmt":"2024-02-18T11:20:28","guid":{"rendered":"https:\/\/www.lifecitypro.com\/?post_type=product&#038;p=5506"},"modified":"2024-02-23T04:24:23","modified_gmt":"2024-02-23T04:24:23","slug":"20-50-100pcs-schwarze-nitril-handschuhe-verdickt-haltbare-haushalts-reinigungs-handschuhe-geschirrs-pul-handschuh-fur-gartenhaar-farbe-tattoos","status":"publish","type":"product","link":"https:\/\/www.lifecitypro.com\/fr\/product\/20-50-100pcs-schwarze-nitril-handschuhe-verdickt-haltbare-haushalts-reinigungs-handschuhe-geschirrs-pul-handschuh-fur-gartenhaar-farbe-tattoos\/","title":{"rendered":"20\/50\/100pcs gants en nitrile noir \u00e9paissi durables gants de nettoyage pour la vaisselle pour tatouages de jardinage"},"content":{"rendered":"<p>&nbsp;<\/p>\n<div class=\"product-specs-list-container\">\n<ul class=\"product-specs-list util-clearfix\">\n<li class=\"product-prop line-limit-length\"><span class=\"property-title\">mat\u00e9riel :\u00a0<\/span><span class=\"property-desc line-limit-length\">Doublure en latex lisse<\/span><\/li>\n<li class=\"product-prop line-limit-length\"><span class=\"property-title\">Origine :\u00a0<\/span><span class=\"property-desc line-limit-length\">CN (origine)<\/span><\/li>\n<li class=\"product-prop line-limit-length\"><span class=\"property-title\">CN :\u00a0<\/span><span class=\"property-desc line-limit-length\">Zhejiang<\/span><\/li>\n<li class=\"product-prop line-limit-length\"><span class=\"property-title\">Gants en nitrile Color :\u00a0<\/span><span class=\"property-desc line-limit-length\">Gants en nitrile noir<\/span><\/li>\n<li class=\"product-prop line-limit-length\"><span class=\"property-title\">Gants en nitrile Size :\u00a0<\/span><span class=\"property-desc line-limit-length\">S\/M\/L\/XL<\/span><\/li>\n<li class=\"product-prop line-limit-length\"><span class=\"property-title\">Gants en nitrile Quantit\u00e9 :\u00a0<\/span><span class=\"property-desc line-limit-length\">20\/50\/100PCS<\/span><\/li>\n<\/ul>\n<\/div>\n<div class=\"detailmodule_html\">\n<div class=\"detail-desc-decorate-richtext\">\n<h2 class=\"FSPfUoK9\" style=\"border: 0px; margin: 0px; padding: 0px; vertical-align: baseline; font-weight: 600; font-size: 18px; , helvetica, arial, sans-serif;line-height: normal; font-style: normal; letter-spacing: normal; text-align: start; text-indent: 0px; text-transform: none;\"><span id=\"tl_1\" style=\"font-size: 24px;\">D\u00e9tails<\/span><\/h2>\n<div style=\"border: 0px; margin: 0px 0px 16px; padding: 0px; align-items: center; font-size: 14px; line-height: 20px; , helvetica, arial, sans-serif;font-style: normal; font-weight: 400; letter-spacing: normal; text-align: start; text-indent: 0px; text-transform: none;\" role=\"button\" aria-label=\"Sc\u00e8ne d&#039;utilisation : Ext\u00e9rieur,Cuisine,Voiture,Fournitures pour animaux,Sols\"><span id=\"tl_2\" style=\"font-size: 24px;\"><br \/>\nMultifonctionnel : peut \u00eatre utilis\u00e9 pour la cuisine, le tatouage, le nettoyage domestique, le lavage de la vaisselle, la coloration des cheveux, la parure de voiture et la pr\u00e9paration des aliments.<\/span><\/div>\n<div style=\"border: 0px; margin: 0px 0px 10px; padding: 0px 0px 0px 12px; align-items: center; font-size: 14px; position: relative; line-height: 21px; , helvetica, arial, sans-serif;font-style: normal; font-weight: 400; letter-spacing: normal; text-align: start; text-indent: 0px; text-transform: none;\" role=\"button\" aria-label=\"$Available in different quantities : Choose from 20, 50 or 100 pieces.\"><span id=\"tl_3\" style=\"font-size: 24px;\">Disponible en diff\u00e9rentes quantit\u00e9s : choisissez parmi 20, 50 ou 100 pi\u00e8ces.<\/span><\/div>\n<div style=\"border: 0px; margin: 0px 0px 10px; padding: 0px 0px 0px 12px; align-items: center; font-size: 14px; position: relative; line-height: 21px; , helvetica, arial, sans-serif;font-style: normal; font-weight: 400; letter-spacing: normal; text-align: start; text-indent: 0px; text-transform: none;\" role=\"button\" aria-label=\"$High-quality material : Made of PVC, latex and nitrile synthetic material, these gloves are oil-free and oil-resistant.\"><span id=\"tl_4\" style=\"font-size: 24px;\">\u00c9tanche : prot\u00e8ge vos mains de l'humidit\u00e9 lorsque vous faites la vaisselle ou la nettoyez.<\/span><\/div>\n<div style=\"border: 0px; margin: 0px 0px 10px; padding: 0px 0px 0px 12px; align-items: center; font-size: 14px; position: relative; line-height: 21px; , helvetica, arial, sans-serif;font-style: normal; font-weight: 400; letter-spacing: normal; text-align: start; text-indent: 0px; text-transform: none;\" role=\"button\" aria-label=\"$Disposable : facile \u00e0 utiliser et \u00e0 disposer apr\u00e8s utilisation.\"><span id=\"tl_5\" style=\"font-size: 24px;\">Article jetable : facile \u00e0 utiliser et \u00e0 jeter apr\u00e8s usage.<\/span><\/div>\n<div style=\"border: 0px; margin: 0px 0px 10px; padding: 0px 0px 0px 12px; align-items: center; font-size: 14px; position: relative; line-height: 21px; , helvetica, arial, sans-serif;font-style: normal; font-weight: 400; letter-spacing: normal; text-align: start; text-indent: 0px; text-transform: none;\" role=\"button\" aria-label=\"$Couleur noire : aspect \u00e9l\u00e9gant et professionnel tout en cachant les taches et les salet\u00e9s.\"><span id=\"tl_6\" style=\"font-size: 24px;\">Couleur noire : a un aspect \u00e9lanc\u00e9 et professionnel et cache les taches et la salet\u00e9.<\/span><\/div>\n<div style=\"border: 0px; margin: 0px 0px 10px; padding: 0px 0px 0px 12px; align-items: center; font-size: 14px; position: relative; line-height: 21px; , helvetica, arial, sans-serif;font-style: normal; font-weight: 400; letter-spacing: normal; text-align: start; text-indent: 0px; text-transform: none;\" role=\"button\" aria-label=\"$Suitable pour les peaux sensibles : Fabriqu\u00e9s dans un mat\u00e9riau non irritant, ces gants sont doux pour les peaux sensibles.\"><span id=\"tl_7\" style=\"font-size: 24px;\">Convient aux peaux sensibles : fabriqu\u00e9s \u00e0 partir de mat\u00e9riaux non irritants, ces gants sont doux pour les peaux sensibles.<\/span><\/div>\n<div style=\"border: 0px; margin: 0px; padding: 0px 0px 0px 12px; align-items: center; font-size: 14px; position: relative; line-height: 21px; , helvetica, arial, sans-serif;font-style: normal; font-weight: 400; letter-spacing: normal; text-align: start; text-indent: 0px; text-transform: none;\" role=\"button\" aria-label=\"$Easy to wear (facile \u00e0 porter) : le design slip-on garantit un port facile et rapide.\"><\/div>\n<p style=\"text-align: left; margin: 0;\"><img decoding=\"async\" title=\"20\/50\/100pcs gants en nitrile noir \u00e9paissi durable m\u00e9nage nettoyage gants vaisselle p\u00fcl gant pour cheveux jardin teinture tatouage-S0747dd942cfe42c0b408a5dbcf46a600O\" src=\"https:\/\/ae03.alicdn.com\/kf\/S0747dd942cfe42c0b408a5dbcf46a600O.jpg\" alt=\"20\/50\/100pcs gants en nitrile noir \u00e9paissi durable m\u00e9nage nettoyage gants vaisselle p\u00fcl gant pour cheveux jardin teinture tatouage-S0747dd942cfe42c0b408a5dbcf46a600O\" \/><img decoding=\"async\" title=\"20\/50\/100pcs gants en nitrile noir \u00e9paissi durable m\u00e9nage nettoyage gants vaisselle p\u00fcl gant pour cheveux jardin teinture tatouage-S08771856606c43fdb58a54cc8d343fe8D\" src=\"https:\/\/ae03.alicdn.com\/kf\/S08771856606c43fdb58a54cc8d343fe8D.jpg\" alt=\"20\/50\/100pcs gants en nitrile noir \u00e9paissi durable m\u00e9nage nettoyage gants vaisselle p\u00fcl gant pour cheveux jardin teinture tatouage-S08771856606c43fdb58a54cc8d343fe8D\" \/><img decoding=\"async\" title=\"20\/50\/100pcs gants nitrile noir \u00e9paissi durable m\u00e9nage nettoyage gants vaisselle p\u00fcl gant pour cheveux jardin teinture tatouage-Sd32918d23cfb41bf901db59c0a18bd4aB\" src=\"https:\/\/ae03.alicdn.com\/kf\/Sd32918d23cfb41bf901db59c0a18bd4aB.jpg\" alt=\"20\/50\/100pcs gants nitrile noir \u00e9paissi durable m\u00e9nage nettoyage gants vaisselle p\u00fcl gant pour cheveux jardin teinture tatouage-Sd32918d23cfb41bf901db59c0a18bd4aB\" \/><img decoding=\"async\" title=\"20\/50\/100pcs gants en nitrile noir \u00e9paissi durable m\u00e9nage nettoyage gants vaisselle rin\u00e7age gant pour cheveux jardinage teinture tatouage-S9dfeb22aa29d417996d7b44471ea29a4z\" src=\"https:\/\/ae03.alicdn.com\/kf\/S9dfeb22aa29d417996d7b44471ea29a4z.jpg\" alt=\"20\/50\/100pcs gants en nitrile noir \u00e9paissi durable m\u00e9nage nettoyage gants vaisselle rin\u00e7age gant pour cheveux jardinage teinture tatouage-S9dfeb22aa29d417996d7b44471ea29a4z\" \/><img decoding=\"async\" title=\"20\/50\/100pcs gants en nitrile noir \u00e9paissi durable m\u00e9nage nettoyage gants vaisselle p\u00fcl gant pour cheveux jardin teinture tatouage-S24f4726b62ff43cbace734518eab9d3c2\" src=\"https:\/\/ae03.alicdn.com\/kf\/S24f4726b62ff43cbace734518eab9d3c2.jpg\" alt=\"20\/50\/100pcs gants en nitrile noir \u00e9paissi durable m\u00e9nage nettoyage gants vaisselle p\u00fcl gant pour cheveux jardin teinture tatouage-S24f4726b62ff43cbace734518eab9d3c2\" \/><img decoding=\"async\" title=\"20\/50\/100pcs gants en nitrile noir \u00e9paissi durable m\u00e9nage nettoyage gants vaisselle rin\u00e7age gant pour cheveux jardinage teinture tatouage-S3c4d5e399429491ba405f1d9b0016ffcp\" src=\"https:\/\/ae03.alicdn.com\/kf\/S3c4d5e399429491ba405f1d9b0016ffcp.jpg\" alt=\"20\/50\/100pcs gants en nitrile noir \u00e9paissi durable m\u00e9nage nettoyage gants vaisselle rin\u00e7age gant pour cheveux jardinage teinture tatouage-S3c4d5e399429491ba405f1d9b0016ffcp\" \/><img decoding=\"async\" title=\"20\/50\/100pcs gants en nitrile noir \u00e9paissi durable m\u00e9nage nettoyage gants vaisselle rin\u00e7age gant pour cheveux jardin teinture tatouage-S75974b7d2634432f8f41987a8f50516bZ\" src=\"https:\/\/ae03.alicdn.com\/kf\/S75974b7d2634432f8f41987a8f50516bZ.jpg\" alt=\"20\/50\/100pcs gants en nitrile noir \u00e9paissi durable m\u00e9nage nettoyage gants vaisselle rin\u00e7age gant pour cheveux jardin teinture tatouage-S75974b7d2634432f8f41987a8f50516bZ\" \/><img decoding=\"async\" title=\"20\/50\/100pcs gants en nitrile noir \u00e9paissi durable m\u00e9nage nettoyage gants vaisselle p\u00fcl gant pour cheveux jardin teinture tatouage-S285015433f354b8288e20f04a8cdc9dd7\" src=\"https:\/\/ae03.alicdn.com\/kf\/S285015433f354b8288e20f04a8cdc9dd7.jpg\" alt=\"20\/50\/100pcs gants en nitrile noir \u00e9paissi durable m\u00e9nage nettoyage gants vaisselle p\u00fcl gant pour cheveux jardin teinture tatouage-S285015433f354b8288e20f04a8cdc9dd7\" \/><\/p>\n<\/div>\n<\/div>","protected":false},"excerpt":{"rendered":"<p>&nbsp; Mat\u00e9riel : Doublure lisse en latex Origine : CN (origine) CN : Zhejiang Gants en nitrile Couleur : Noir Gants en nitrile Taille : S\/M\/L\/XL Gants en nitrile Quantit\u00e9 : 20\/50\/100PCS D\u00e9tails Multifonctionnel : peut \u00eatre utilis\u00e9 pour la cuisine, le tatouage, le nettoyage domestique, le lavage de la vaisselle, la teinture des cheveux, la parure de voiture et la pr\u00e9paration des aliments. Disponibles en diff\u00e9rentes quantit\u00e9s : choisissez parmi 20, 50 ou 100 pi\u00e8ces. Imperm\u00e9able : prot\u00e8ge vos mains de l'humidit\u00e9 lorsque vous [...].<\/p>","protected":false},"featured_media":5508,"comment_status":"open","ping_status":"closed","template":"","meta":{"site-sidebar-layout":"default","site-content-layout":"","ast-site-content-layout":"default","site-content-style":"default","site-sidebar-style":"default","ast-global-header-display":"","ast-banner-title-visibility":"","ast-main-header-display":"","ast-hfb-above-header-display":"","ast-hfb-below-header-display":"","ast-hfb-mobile-header-display":"","site-post-title":"","ast-breadcrumbs-content":"","ast-featured-img":"","footer-sml-layout":"","ast-disable-related-posts":"","theme-transparent-header-meta":"default","adv-header-id-meta":"","stick-header-meta":"default","header-above-stick-meta":"","header-main-stick-meta":"","header-below-stick-meta":"","astra-migrate-meta-layouts":"set","ast-page-background-enabled":"default","ast-page-background-meta":{"desktop":{"background-color":"","background-image":"","background-repeat":"repeat","background-position":"center center","background-size":"auto","background-attachment":"scroll","background-type":"","background-media":"","overlay-type":"","overlay-color":"","overlay-opacity":"","overlay-gradient":""},"tablet":{"background-color":"","background-image":"","background-repeat":"repeat","background-position":"center center","background-size":"auto","background-attachment":"scroll","background-type":"","background-media":"","overlay-type":"","overlay-color":"","overlay-opacity":"","overlay-gradient":""},"mobile":{"background-color":"","background-image":"","background-repeat":"repeat","background-position":"center center","background-size":"auto","background-attachment":"scroll","background-type":"","background-media":"","overlay-type":"","overlay-color":"","overlay-opacity":"","overlay-gradient":""}},"ast-content-background-meta":{"desktop":{"background-color":"var(--ast-global-color-4)","background-image":"","background-repeat":"repeat","background-position":"center center","background-size":"auto","background-attachment":"scroll","background-type":"","background-media":"","overlay-type":"","overlay-color":"","overlay-opacity":"","overlay-gradient":""},"tablet":{"background-color":"var(--ast-global-color-4)","background-image":"","background-repeat":"repeat","background-position":"center center","background-size":"auto","background-attachment":"scroll","background-type":"","background-media":"","overlay-type":"","overlay-color":"","overlay-opacity":"","overlay-gradient":""},"mobile":{"background-color":"var(--ast-global-color-4)","background-image":"","background-repeat":"repeat","background-position":"center center","background-size":"auto","background-attachment":"scroll","background-type":"","background-media":"","overlay-type":"","overlay-color":"","overlay-opacity":"","overlay-gradient":""}}},"product_brand":[],"product_cat":[15],"product_tag":[],"class_list":{"0":"post-5506","1":"product","2":"type-product","3":"status-publish","4":"has-post-thumbnail","6":"product_cat-handschuhe","7":"desktop-align-center","8":"tablet-align-center","9":"mobile-align-center","10":"ast-product-gallery-layout-horizontal-slider","11":"ast-product-single-variable","12":"ast-product-tabs-layout-horizontal","13":"ast-qv-on-image","15":"first","16":"instock","17":"shipping-taxable","18":"purchasable","19":"product-type-variable"},"tiered_pricing_type":"fixed","tiered_pricing_fixed_rules":[],"tiered_pricing_product_settings":{"layout":"default","base_unit_name":{"singular":null,"plural":null},"default_variation":null},"tiered_pricing_minimum_quantity":null,"tiered_pricing_roles_data":[],"tiered_pricing_percentage_rules":[],"_links":{"self":[{"href":"https:\/\/www.lifecitypro.com\/fr\/wp-json\/wp\/v2\/product\/5506","targetHints":{"allow":["GET"]}}],"collection":[{"href":"https:\/\/www.lifecitypro.com\/fr\/wp-json\/wp\/v2\/product"}],"about":[{"href":"https:\/\/www.lifecitypro.com\/fr\/wp-json\/wp\/v2\/types\/product"}],"replies":[{"embeddable":true,"href":"https:\/\/www.lifecitypro.com\/fr\/wp-json\/wp\/v2\/comments?post=5506"}],"version-history":[{"count":0,"href":"https:\/\/www.lifecitypro.com\/fr\/wp-json\/wp\/v2\/product\/5506\/revisions"}],"wp:featuredmedia":[{"embeddable":true,"href":"https:\/\/www.lifecitypro.com\/fr\/wp-json\/wp\/v2\/media\/5508"}],"wp:attachment":[{"href":"https:\/\/www.lifecitypro.com\/fr\/wp-json\/wp\/v2\/media?parent=5506"}],"wp:term":[{"taxonomy":"product_brand","embeddable":true,"href":"https:\/\/www.lifecitypro.com\/fr\/wp-json\/wp\/v2\/product_brand?post=5506"},{"taxonomy":"product_cat","embeddable":true,"href":"https:\/\/www.lifecitypro.com\/fr\/wp-json\/wp\/v2\/product_cat?post=5506"},{"taxonomy":"product_tag","embeddable":true,"href":"https:\/\/www.lifecitypro.com\/fr\/wp-json\/wp\/v2\/product_tag?post=5506"}],"curies":[{"name":"wp","href":"https:\/\/api.w.org\/{rel}","templated":true}]}}