{"id":5467,"date":"2024-02-18T11:20:28","date_gmt":"2024-02-18T11:20:28","guid":{"rendered":"https:\/\/www.lifecitypro.com\/?post_type=product&#038;p=5467"},"modified":"2024-02-18T11:56:21","modified_gmt":"2024-02-18T11:56:21","slug":"100-50-20pcs-lila-einweg-handschuhe-fur-kuchen-tattoo-haushalts-reinigung-geschirrs-pul-handschuhe-schonheits-salon","status":"publish","type":"product","link":"https:\/\/www.lifecitypro.com\/fr\/product\/100-50-20pcs-lila-einweg-handschuhe-fur-kuchen-tattoo-haushalts-reinigung-geschirrs-pul-handschuhe-schonheits-salon\/","title":{"rendered":"100\/50\/20pcs lilas gants jetables pour tatouage cuisine m\u00e9nage nettoyage vaisselle rin\u00e7age gants salon de beaut\u00e9"},"content":{"rendered":"<div class=\"product-specs-list-container\">\n<ul class=\"product-specs-list util-clearfix\">\n<li class=\"product-prop line-limit-length\"><span class=\"property-title\">mat\u00e9riel :&nbsp;<\/span><span class=\"property-desc line-limit-length\">Doublure en latex lisse<\/span>\n\t\t\t\t\t\t<\/li>\n<li class=\"product-prop line-limit-length\"><span class=\"property-title\">Origine :&nbsp;<\/span><span class=\"property-desc line-limit-length\">CN (origine)<\/span>\n\t\t\t\t\t\t<\/li>\n<li class=\"product-prop line-limit-length\"><span class=\"property-title\">CN :&nbsp;<\/span><span class=\"property-desc line-limit-length\">Zhejiang<\/span>\n\t\t\t\t\t\t<\/li>\n<li class=\"product-prop line-limit-length\"><span class=\"property-title\">feature 1 :&nbsp;<\/span><span class=\"property-desc line-limit-length\">Gants de cuisine jetables violets<\/span>\n\t\t\t\t\t\t<\/li>\n<li class=\"product-prop line-limit-length\"><span class=\"property-title\">feature 2 :&nbsp;<\/span><span class=\"property-desc line-limit-length\">Gants de nettoyage de tatouage pour la maison<\/span>\n\t\t\t\t\t\t<\/li>\n<li class=\"product-prop line-limit-length\"><span class=\"property-title\">feature 3 :&nbsp;<\/span><span class=\"property-desc line-limit-length\">Gants jetables violets<\/span>\n\t\t\t\t\t\t<\/li>\n<\/ul><\/div>\n<div class=\"detailmodule_html\">\n<div class=\"detail-desc-decorate-richtext\">\n<p style=\"margin:0;width: 100%\"><img decoding=\"async\" alt=\"100\/50\/20pcs lilas gants jetables pour cuisine tatouage m\u00e9nage nettoyage vaisselle rin\u00e7age gants salon de beaut\u00e9-S51e2df90d55a4bda815cdf0fdb1342cch\" title=\"100\/50\/20pcs lilas gants jetables pour cuisine tatouage m\u00e9nage nettoyage vaisselle rin\u00e7age gants salon de beaut\u00e9-S51e2df90d55a4bda815cdf0fdb1342cch\" src=\"https:\/\/ae03.alicdn.com\/kf\/S51e2df90d55a4bda815cdf0fdb1342cch.jpg\" \/><img decoding=\"async\" alt=\"100\/50\/20pcs lilas gants jetables pour cuisine tatouage m\u00e9nage nettoyage vaisselle rin\u00e7age gants salon de beaut\u00e9-S420bab871b154a77a8f0b15d1bfeb0e1y\" title=\"100\/50\/20pcs lilas gants jetables pour cuisine tatouage m\u00e9nage nettoyage vaisselle rin\u00e7age gants salon de beaut\u00e9-S420bab871b154a77a8f0b15d1bfeb0e1y\" src=\"https:\/\/ae03.alicdn.com\/kf\/S420bab871b154a77a8f0b15d1bfeb0e1y.jpg\" \/><img decoding=\"async\" alt=\"100\/50\/20pcs lilas Gants jetables pour tatouage cuisine m\u00e9nage nettoyage vaisselle gants salon de beaut\u00e9-S6edc8d7013b543a194cc2811466dac138\" title=\"100\/50\/20pcs lilas Gants jetables pour tatouage cuisine m\u00e9nage nettoyage vaisselle gants salon de beaut\u00e9-S6edc8d7013b543a194cc2811466dac138\" src=\"https:\/\/ae03.alicdn.com\/kf\/S6edc8d7013b543a194cc2811466dac138.jpg\" \/><img decoding=\"async\" alt=\"100\/50\/20pcs lilas gants jetables pour cuisine tatouage m\u00e9nage nettoyage vaisselle rin\u00e7age gants salon de beaut\u00e9-Sa01f6a0e244648b08a2f432ea5f535ac4\" title=\"100\/50\/20pcs lilas gants jetables pour cuisine tatouage m\u00e9nage nettoyage vaisselle rin\u00e7age gants salon de beaut\u00e9-Sa01f6a0e244648b08a2f432ea5f535ac4\" src=\"https:\/\/ae03.alicdn.com\/kf\/Sa01f6a0e244648b08a2f432ea5f535ac4.jpg\" \/><img decoding=\"async\" alt=\"100\/50\/20pcs lilas Gants jetables pour tatouage cuisine m\u00e9nage nettoyage vaisselle gants beaut\u00e9 salon-S2361ee925dcb43c38a3b741cff23ee714\" title=\"100\/50\/20pcs lilas Gants jetables pour tatouage cuisine m\u00e9nage nettoyage vaisselle gants beaut\u00e9 salon-S2361ee925dcb43c38a3b741cff23ee714\" src=\"https:\/\/ae03.alicdn.com\/kf\/S2361ee925dcb43c38a3b741cff23ee714.jpg\" \/><img decoding=\"async\" alt=\"100\/50\/20pcs lilas gants jetables pour cuisine tatouage m\u00e9nage nettoyage vaisselle rin\u00e7age gants salon de beaut\u00e9-S3fe9a476fbfa4820920558b0b69d7c4fn\" title=\"100\/50\/20pcs lilas gants jetables pour cuisine tatouage m\u00e9nage nettoyage vaisselle rin\u00e7age gants salon de beaut\u00e9-S3fe9a476fbfa4820920558b0b69d7c4fn\" src=\"https:\/\/ae03.alicdn.com\/kf\/S3fe9a476fbfa4820920558b0b69d7c4fn.jpg\" \/><\/p>\n<\/div>\n<\/div>","protected":false},"excerpt":{"rendered":"<p>Mat\u00e9riel : Latex lisse de doublure Origine : CN (origine) CN : Zhejiang caract\u00e9ristique 1 : Gants jetables violets pour la cuisine caract\u00e9ristique 2 : Gants de m\u00e9nage tatou\u00e9s pour le nettoyage et le d\u00e9lavage caract\u00e9ristique 3 : Gants jetables violets<\/p>","protected":false},"featured_media":5468,"comment_status":"open","ping_status":"closed","template":"","meta":{"site-sidebar-layout":"default","site-content-layout":"","ast-site-content-layout":"","site-content-style":"default","site-sidebar-style":"default","ast-global-header-display":"","ast-banner-title-visibility":"","ast-main-header-display":"","ast-hfb-above-header-display":"","ast-hfb-below-header-display":"","ast-hfb-mobile-header-display":"","site-post-title":"","ast-breadcrumbs-content":"","ast-featured-img":"","footer-sml-layout":"","theme-transparent-header-meta":"","adv-header-id-meta":"","stick-header-meta":"","header-above-stick-meta":"","header-main-stick-meta":"","header-below-stick-meta":"","astra-migrate-meta-layouts":"default","ast-page-background-enabled":"default","ast-page-background-meta":{"desktop":{"background-color":"","background-image":"","background-repeat":"repeat","background-position":"center center","background-size":"auto","background-attachment":"scroll","background-type":"","background-media":"","overlay-type":"","overlay-color":"","overlay-opacity":"","overlay-gradient":""},"tablet":{"background-color":"","background-image":"","background-repeat":"repeat","background-position":"center center","background-size":"auto","background-attachment":"scroll","background-type":"","background-media":"","overlay-type":"","overlay-color":"","overlay-opacity":"","overlay-gradient":""},"mobile":{"background-color":"","background-image":"","background-repeat":"repeat","background-position":"center center","background-size":"auto","background-attachment":"scroll","background-type":"","background-media":"","overlay-type":"","overlay-color":"","overlay-opacity":"","overlay-gradient":""}},"ast-content-background-meta":{"desktop":{"background-color":"var(--ast-global-color-5)","background-image":"","background-repeat":"repeat","background-position":"center center","background-size":"auto","background-attachment":"scroll","background-type":"","background-media":"","overlay-type":"","overlay-color":"","overlay-opacity":"","overlay-gradient":""},"tablet":{"background-color":"var(--ast-global-color-5)","background-image":"","background-repeat":"repeat","background-position":"center center","background-size":"auto","background-attachment":"scroll","background-type":"","background-media":"","overlay-type":"","overlay-color":"","overlay-opacity":"","overlay-gradient":""},"mobile":{"background-color":"var(--ast-global-color-5)","background-image":"","background-repeat":"repeat","background-position":"center center","background-size":"auto","background-attachment":"scroll","background-type":"","background-media":"","overlay-type":"","overlay-color":"","overlay-opacity":"","overlay-gradient":""}}},"product_brand":[],"product_cat":[15],"product_tag":[],"class_list":{"0":"post-5467","1":"product","2":"type-product","3":"status-publish","4":"has-post-thumbnail","6":"product_cat-handschuhe","7":"desktop-align-center","8":"tablet-align-center","9":"mobile-align-center","10":"ast-product-gallery-layout-horizontal-slider","11":"ast-product-single-variable","12":"ast-product-tabs-layout-horizontal","13":"ast-qv-on-image","15":"first","16":"instock","17":"shipping-taxable","18":"purchasable","19":"product-type-variable"},"tiered_pricing_type":"fixed","tiered_pricing_fixed_rules":[],"tiered_pricing_product_settings":{"layout":"default","base_unit_name":{"singular":null,"plural":null},"default_variation":null},"tiered_pricing_minimum_quantity":null,"tiered_pricing_roles_data":[],"tiered_pricing_percentage_rules":[],"_links":{"self":[{"href":"https:\/\/www.lifecitypro.com\/fr\/wp-json\/wp\/v2\/product\/5467","targetHints":{"allow":["GET"]}}],"collection":[{"href":"https:\/\/www.lifecitypro.com\/fr\/wp-json\/wp\/v2\/product"}],"about":[{"href":"https:\/\/www.lifecitypro.com\/fr\/wp-json\/wp\/v2\/types\/product"}],"replies":[{"embeddable":true,"href":"https:\/\/www.lifecitypro.com\/fr\/wp-json\/wp\/v2\/comments?post=5467"}],"version-history":[{"count":0,"href":"https:\/\/www.lifecitypro.com\/fr\/wp-json\/wp\/v2\/product\/5467\/revisions"}],"wp:featuredmedia":[{"embeddable":true,"href":"https:\/\/www.lifecitypro.com\/fr\/wp-json\/wp\/v2\/media\/5468"}],"wp:attachment":[{"href":"https:\/\/www.lifecitypro.com\/fr\/wp-json\/wp\/v2\/media?parent=5467"}],"wp:term":[{"taxonomy":"product_brand","embeddable":true,"href":"https:\/\/www.lifecitypro.com\/fr\/wp-json\/wp\/v2\/product_brand?post=5467"},{"taxonomy":"product_cat","embeddable":true,"href":"https:\/\/www.lifecitypro.com\/fr\/wp-json\/wp\/v2\/product_cat?post=5467"},{"taxonomy":"product_tag","embeddable":true,"href":"https:\/\/www.lifecitypro.com\/fr\/wp-json\/wp\/v2\/product_tag?post=5467"}],"curies":[{"name":"wp","href":"https:\/\/api.w.org\/{rel}","templated":true}]}}