{"id":96,"date":"2018-06-18T06:57:57","date_gmt":"2018-06-18T06:57:57","guid":{"rendered":"https:\/\/www.lifecitypro.com\/about\/"},"modified":"2024-07-01T14:28:16","modified_gmt":"2024-07-01T14:28:16","slug":"about","status":"publish","type":"page","link":"https:\/\/www.lifecitypro.com\/fr\/about\/","title":{"rendered":"\u00c0 propos de LifeCityPro"},"content":{"rendered":"<div data-elementor-type=\"wp-post\" data-elementor-id=\"96\" class=\"elementor elementor-96\">\n\t\t\t\t<div class=\"elementor-element elementor-element-dfdc5a6 e-flex e-con-boxed e-con e-parent\" data-id=\"dfdc5a6\" data-element_type=\"container\" data-settings=\"{&quot;background_background&quot;:&quot;classic&quot;}\">\n\t\t\t\t\t<div class=\"e-con-inner\">\n\t\t<div class=\"elementor-element elementor-element-1eaf493 e-con-full e-flex e-con e-child\" data-id=\"1eaf493\" data-element_type=\"container\">\n\t\t\t\t<div class=\"elementor-element elementor-element-2ea6a7d elementor-widget elementor-widget-heading\" data-id=\"2ea6a7d\" data-element_type=\"widget\" data-widget_type=\"heading.default\">\n\t\t\t\t<div class=\"elementor-widget-container\">\n\t\t\t\t\t<h1 class=\"elementor-heading-title elementor-size-default\">\u00c0 propos de nous<\/h1>\t\t\t\t<\/div>\n\t\t\t\t<\/div>\n\t\t\t\t<\/div>\n\t\t\t\t\t<\/div>\n\t\t\t\t<\/div>\n\t\t<div class=\"elementor-element elementor-element-6578245 e-flex e-con-boxed e-con e-parent\" data-id=\"6578245\" data-element_type=\"container\">\n\t\t\t\t\t<div class=\"e-con-inner\">\n\t\t<div class=\"elementor-element elementor-element-625da73 e-con-full e-flex e-con e-child\" data-id=\"625da73\" data-element_type=\"container\">\n\t\t\t\t<div class=\"elementor-element elementor-element-d62b39a elementor-widget elementor-widget-image\" data-id=\"d62b39a\" data-element_type=\"widget\" data-widget_type=\"image.default\">\n\t\t\t\t<div class=\"elementor-widget-container\">\n\t\t\t\t\t\t\t\t\t\t\t\t\t\t\t<img decoding=\"async\" width=\"209\" height=\"90\" src=\"https:\/\/www.lifecitypro.com\/wp-content\/uploads\/2021\/03\/basil-leaf.png\" class=\"attachment-full size-full wp-image-4204\" alt=\"Home-basil leaf\" \/>\t\t\t\t\t\t\t\t\t\t\t\t\t\t\t<\/div>\n\t\t\t\t<\/div>\n\t\t\t\t<\/div>\n\t\t\t\t\t<\/div>\n\t\t\t\t<\/div>\n\t\t<div class=\"elementor-element elementor-element-748980c e-flex e-con-boxed e-con e-parent\" data-id=\"748980c\" data-element_type=\"container\">\n\t\t\t\t\t<div class=\"e-con-inner\">\n\t\t<div class=\"elementor-element elementor-element-9945606 e-con-full e-flex e-con e-child\" data-id=\"9945606\" data-element_type=\"container\">\n\t\t\t\t<div class=\"elementor-element elementor-element-fe4d709 elementor-widget elementor-widget-text-editor\" data-id=\"fe4d709\" data-element_type=\"widget\" data-widget_type=\"text-editor.default\">\n\t\t\t\t<div class=\"elementor-widget-container\">\n\t\t\t\t\t\t\t\t\tNous proposons des offres sur mesure et en gros pour une multitude d'objets du quotidien afin de r\u00e9pondre au mieux \u00e0 vos besoins !<br><br>\n\nSoci\u00e9t\u00e9 : Shenzhen Jinruijie Electronic Commerce Co, Ltd.<br><br>\n\nNotre e-mail : <a href=\"mailto:lifecitypro@outlook.com\" rel=\"nofollow\">lifecitypro@outlook.com<\/a>\t\t\t\t\t\t\t\t<\/div>\n\t\t\t\t<\/div>\n\t\t\t\t<div class=\"elementor-element elementor-element-2c7a0f8 elementor-widget elementor-widget-image-box\" data-id=\"2c7a0f8\" data-element_type=\"widget\" data-widget_type=\"image-box.default\">\n\t\t\t\t<div class=\"elementor-widget-container\">\n\t\t\t\t\t<div class=\"elementor-image-box-wrapper\"><div class=\"elementor-image-box-content\"><h2 class=\"elementor-image-box-title\">We Are Your Favourite Store.<\/h2><p class=\"elementor-image-box-description\">Bienvenue sur lifecitypro.com, votre destination \u00e0 guichet unique pour les produits de consommation courante et plus encore. Nous sommes une plateforme de commerce \u00e9lectronique de premier plan bas\u00e9e en Europe, dont l'objectif est de vous offrir une exp\u00e9rience d'achat sans faille avec une large gamme de produits couvrant vos besoins quotidiens.<br><br>\n\n<h3>notre mission<\/h3>\n\nChez lifecitypro.com, notre mission est de vous simplifier la vie en vous proposant une large gamme d'articles de consommation courante soigneusement s\u00e9lectionn\u00e9s. Nous comprenons l'importance du confort et de la qualit\u00e9 et nous nous effor\u00e7ons de vous offrir les meilleurs produits dans chaque cat\u00e9gorie, des articles m\u00e9nagers aux produits de soins personnels.<br><br>\n\n<h3>Notre avantage<\/h3>\n\nVaste gamme de produits : parcourez notre vaste catalogue de produits, qui comprend une gamme compl\u00e8te de produits dans diff\u00e9rentes cat\u00e9gories telles que les articles m\u00e9nagers, les soins personnels, l'\u00e9lectronique et bien plus encore. Quels que soient vos besoins, nous les avons.<br><br>\nAssurance qualit\u00e9 : nous nous effor\u00e7ons de proposer des produits de la plus haute qualit\u00e9. Notre \u00e9quipe s\u00e9lectionne et teste soigneusement chaque produit pour s'assurer qu'il r\u00e9pond \u00e0 nos normes strictes, afin que vous puissiez avoir l'esprit tranquille \u00e0 chaque achat.<br><br>\nLe confort \u00e0 port\u00e9e de main : profitez du confort des achats en ligne gr\u00e2ce \u00e0 notre interface conviviale. Parcourez facilement les cat\u00e9gories, trouvez ce que vous cherchez et faites l'exp\u00e9rience d'un processus de passage en caisse sans encombre, confortablement install\u00e9 chez vous.<br><br>\n\nLivraison rapide et fiable : votre temps est pr\u00e9cieux et nous le savons. Notre service de livraison rapide et fiable veille \u00e0 ce que vos objets les plus importants arrivent \u00e0 temps.<br><br>\n\n<h3>Notre promesse \u00e0 votre \u00e9gard<\/h3>\n\nUne approche ax\u00e9e sur le client : votre satisfaction est notre priorit\u00e9 absolue. Notre \u00e9quipe de support client d\u00e9di\u00e9e est \u00e0 votre disposition pour r\u00e9pondre \u00e0 toutes vos questions et pr\u00e9occupations ou pour vous aider si n\u00e9cessaire.<br><br>\nDes transactions s\u00e9curis\u00e9es : Achetez en toute confiance et sachez que vos transactions sont s\u00e9curis\u00e9es. Nous attachons une grande importance \u00e0 la protection des donn\u00e9es et \u00e0 la s\u00e9curit\u00e9 de vos donn\u00e9es personnelles.<br><br>\nAm\u00e9lioration continue : nous nous effor\u00e7ons de r\u00e9pondre \u00e0 vos besoins. Vos commentaires sont tr\u00e8s pr\u00e9cieux et peuvent nous aider \u00e0 am\u00e9liorer continuellement nos services et \u00e0 vous offrir de meilleurs services.<br><br>\n\n<h3>Rejoignez la communaut\u00e9 lifecitypro<\/h3>\n\nRejoignez la famille lifecitypro.com ! Suivez-nous sur les m\u00e9dias sociaux, abonnez-vous \u00e0 notre newsletter et rejoignez une communaut\u00e9 qui partage votre passion pour le confort et la qualit\u00e9.<br><br>\n\nNous vous remercions d'avoir choisi lifecitypro.com comme votre partenaire de commerce \u00e9lectronique de confiance. Nous sommes impatients de faire partie de votre voyage quotidien et de faire de vos achats un plaisir et de vous rendre la vie plus agr\u00e9able. Bon shopping !<\/p><\/div><\/div>\t\t\t\t<\/div>\n\t\t\t\t<\/div>\n\t\t\t\t<\/div>\n\t\t<div class=\"elementor-element elementor-element-f499284 e-con-full e-flex e-con e-child\" data-id=\"f499284\" data-element_type=\"container\">\n\t\t\t\t<div class=\"elementor-element elementor-element-12d7e03 elementor-widget elementor-widget-image\" data-id=\"12d7e03\" data-element_type=\"widget\" data-widget_type=\"image.default\">\n\t\t\t\t<div class=\"elementor-widget-container\">\n\t\t\t\t\t\t\t\t\t\t\t\t\t\t\t<img fetchpriority=\"high\" decoding=\"async\" width=\"640\" height=\"640\" src=\"https:\/\/ae01.alicdn.com\/kf\/S1e6c84c5d4fb4f768619b365f9d32471e\/Verl-ngerte-verdickte-Fleece-Haushalts-handschuhe-K-che-Geschirrs-p-l-kleidung-Waschen-wasserdichten-Frostschutz-mittel.png_640x640.png_640x640.png\" class=\"attachment-large size-large wp-image-5631\" alt=\"Gants de cuisine en molleton \u00e9pais prolong\u00e9s V\u00eatements de vaisselle Lavage imperm\u00e9able antigel moyen usure plastique solide Gants de cuisine en molleton \u00e9pais prolong\u00e9s V\u00eatements de vaisselle Lavage imperm\u00e9able antigel moyen.png 640x640\" srcset=\"https:\/\/ae01.alicdn.com\/kf\/S1e6c84c5d4fb4f768619b365f9d32471e\/Verl-ngerte-verdickte-Fleece-Haushalts-handschuhe-K-che-Geschirrs-p-l-kleidung-Waschen-wasserdichten-Frostschutz-mittel.png_640x640.png 640w, https:\/\/ae01.alicdn.com\/kf\/S1e6c84c5d4fb4f768619b365f9d32471e\/Verl-ngerte-verdickte-Fleece-Haushalts-handschuhe-K-che-Geschirrs-p-l-kleidung-Waschen-wasserdichten-Frostschutz-mittel.png_640x640.png_200x200.png 200w, https:\/\/ae01.alicdn.com\/kf\/S1e6c84c5d4fb4f768619b365f9d32471e\/Verl-ngerte-verdickte-Fleece-Haushalts-handschuhe-K-che-Geschirrs-p-l-kleidung-Waschen-wasserdichten-Frostschutz-mittel.png_640x640.png_350x350.png 350w, https:\/\/ae01.alicdn.com\/kf\/S1e6c84c5d4fb4f768619b365f9d32471e\/Verl-ngerte-verdickte-Fleece-Haushalts-handschuhe-K-che-Geschirrs-p-l-kleidung-Waschen-wasserdichten-Frostschutz-mittel.png_640x640.png_100x100.png 100w\" sizes=\"(max-width: 640px) 100vw, 640px\" \/>\t\t\t\t\t\t\t\t\t\t\t\t\t\t\t<\/div>\n\t\t\t\t<\/div>\n\t\t\t\t<div class=\"elementor-element elementor-element-faeb515 elementor-widget elementor-widget-image\" data-id=\"faeb515\" data-element_type=\"widget\" data-widget_type=\"image.default\">\n\t\t\t\t<div class=\"elementor-widget-container\">\n\t\t\t\t\t\t\t\t\t\t\t\t\t\t\t<img decoding=\"async\" width=\"790\" height=\"872\" src=\"https:\/\/ae01.alicdn.com\/kf\/S4d1a5442a994429ca758efcdb9b2c012b\/Verl-ngerte-verdickte-Fleece-Haushalts-handschuhe-K-che-Geschirrs-p-l-kleidung-Waschen-wasserdichten-Frostschutz-mittel.png\" class=\"attachment-large size-large wp-image-5534\" alt=\"Gants de m\u00e9nage en polaire \u00e9paissis prolong\u00e9s Cuisine Vaisselle V\u00eatements Lavage Imperm\u00e9able Antigel Moyen Usure solide Gants de m\u00e9nage en polaire \u00e9paissis Cuisine Vaisselle V\u00eatements Lavage Imperm\u00e9able Antigel Moyen\" \/>\t\t\t\t\t\t\t\t\t\t\t\t\t\t\t<\/div>\n\t\t\t\t<\/div>\n\t\t\t\t<div class=\"elementor-element elementor-element-45b61a1 elementor-widget elementor-widget-image\" data-id=\"45b61a1\" data-element_type=\"widget\" data-widget_type=\"image.default\">\n\t\t\t\t<div class=\"elementor-widget-container\">\n\t\t\t\t\t\t\t\t\t\t\t\t\t\t\t<img loading=\"lazy\" decoding=\"async\" width=\"640\" height=\"640\" src=\"https:\/\/ae01.alicdn.com\/kf\/Se64860d0ae364440af0578bed8c2dd46l\/Winter-wasserdichte-Herren-handschuhe-Touchscreen-wind-dichte-Sport-fischerei-fahren-Motorrad-Ski-rutsch-feste-warme-Fahrrad.jpg_640x640.jpg_640x640.jpg\" class=\"attachment-large size-large wp-image-5659\" alt=\"hiver imperm\u00e9able hommes gants \u00e9cran tactile vent \u00e9tanche sport p\u00eache conduite moto ski glisse ferme chaud v\u00e9lo femmes gants-hiver imperm\u00e9able hommes \u00e9cran tactile vent \u00e9tanche sport p\u00eache conduite moto ski glisse ferme chaud v\u00e9lo.jpg 640x640\" srcset=\"https:\/\/ae01.alicdn.com\/kf\/Se64860d0ae364440af0578bed8c2dd46l\/Winter-wasserdichte-Herren-handschuhe-Touchscreen-wind-dichte-Sport-fischerei-fahren-Motorrad-Ski-rutsch-feste-warme-Fahrrad.jpg_640x640.jpg 640w, https:\/\/ae01.alicdn.com\/kf\/Se64860d0ae364440af0578bed8c2dd46l\/Winter-wasserdichte-Herren-handschuhe-Touchscreen-wind-dichte-Sport-fischerei-fahren-Motorrad-Ski-rutsch-feste-warme-Fahrrad.jpg_640x640.jpg_200x200.jpg 200w, https:\/\/ae01.alicdn.com\/kf\/Se64860d0ae364440af0578bed8c2dd46l\/Winter-wasserdichte-Herren-handschuhe-Touchscreen-wind-dichte-Sport-fischerei-fahren-Motorrad-Ski-rutsch-feste-warme-Fahrrad.jpg_640x640.jpg_350x350.jpg 350w, https:\/\/ae01.alicdn.com\/kf\/Se64860d0ae364440af0578bed8c2dd46l\/Winter-wasserdichte-Herren-handschuhe-Touchscreen-wind-dichte-Sport-fischerei-fahren-Motorrad-Ski-rutsch-feste-warme-Fahrrad.jpg_640x640.jpg_100x100.jpg 100w\" sizes=\"(max-width: 640px) 100vw, 640px\" \/>\t\t\t\t\t\t\t\t\t\t\t\t\t\t\t<\/div>\n\t\t\t\t<\/div>\n\t\t\t\t<\/div>\n\t\t\t\t\t<\/div>\n\t\t\t\t<\/div>\n\t\t<div class=\"elementor-element elementor-element-ca03802 e-flex e-con-boxed e-con e-parent\" data-id=\"ca03802\" data-element_type=\"container\" data-settings=\"{&quot;background_background&quot;:&quot;classic&quot;}\">\n\t\t\t\t\t<div class=\"e-con-inner\">\n\t\t<div class=\"elementor-element elementor-element-0d4186e e-con-full e-flex e-con e-child\" data-id=\"0d4186e\" data-element_type=\"container\">\n\t\t\t\t<div class=\"elementor-element elementor-element-487df91 elementor-widget elementor-widget-heading\" data-id=\"487df91\" data-element_type=\"widget\" data-widget_type=\"heading.default\">\n\t\t\t\t<div class=\"elementor-widget-container\">\n\t\t\t\t\t<h4 class=\"elementor-heading-title elementor-size-default\">Produits de haute qualit\u00e9<\/h4>\t\t\t\t<\/div>\n\t\t\t\t<\/div>\n\t\t\t\t<\/div>\n\t\t<div class=\"elementor-element elementor-element-ee6f4f5 e-con-full e-flex e-con e-child\" data-id=\"ee6f4f5\" data-element_type=\"container\">\n\t\t\t\t<div class=\"elementor-element elementor-element-877f9c4 elementor-widget elementor-widget-counter\" data-id=\"877f9c4\" data-element_type=\"widget\" data-widget_type=\"counter.default\">\n\t\t\t\t<div class=\"elementor-widget-container\">\n\t\t\t\t\t\t\t<div class=\"elementor-counter\">\n\t\t\t<div class=\"elementor-counter-title\">LIVRAISON GRATUITE<\/div>\t\t\t<div class=\"elementor-counter-number-wrapper\">\n\t\t\t\t<span class=\"elementor-counter-number-prefix\"><\/span>\n\t\t\t\t<span class=\"elementor-counter-number\" data-duration=\"2000\" data-to-value=\"100\" data-from-value=\"10\" data-delimiter=\",\">10<\/span>\n\t\t\t\t<span class=\"elementor-counter-number-suffix\">+<\/span>\n\t\t\t<\/div>\n\t\t<\/div>\n\t\t\t\t\t\t<\/div>\n\t\t\t\t<\/div>\n\t\t\t\t<\/div>\n\t\t<div class=\"elementor-element elementor-element-401c905 e-con-full e-flex e-con e-child\" data-id=\"401c905\" data-element_type=\"container\">\n\t\t\t\t<div class=\"elementor-element elementor-element-5f36df3 elementor-widget elementor-widget-counter\" data-id=\"5f36df3\" data-element_type=\"widget\" data-widget_type=\"counter.default\">\n\t\t\t\t<div class=\"elementor-widget-container\">\n\t\t\t\t\t\t\t<div class=\"elementor-counter\">\n\t\t\t<div class=\"elementor-counter-title\">PAIEMENT EN LIGNE<\/div>\t\t\t<div class=\"elementor-counter-number-wrapper\">\n\t\t\t\t<span class=\"elementor-counter-number-prefix\"><\/span>\n\t\t\t\t<span class=\"elementor-counter-number\" data-duration=\"2000\" data-to-value=\"100\" data-from-value=\"10\" data-delimiter=\",\">10<\/span>\n\t\t\t\t<span class=\"elementor-counter-number-suffix\">+<\/span>\n\t\t\t<\/div>\n\t\t<\/div>\n\t\t\t\t\t\t<\/div>\n\t\t\t\t<\/div>\n\t\t\t\t<\/div>\n\t\t<div class=\"elementor-element elementor-element-20ce247 e-con-full e-flex e-con e-child\" data-id=\"20ce247\" data-element_type=\"container\">\n\t\t\t\t<div class=\"elementor-element elementor-element-0cf57ae elementor-widget elementor-widget-counter\" data-id=\"0cf57ae\" data-element_type=\"widget\" data-widget_type=\"counter.default\">\n\t\t\t\t<div class=\"elementor-widget-container\">\n\t\t\t\t\t\t\t<div class=\"elementor-counter\">\n\t\t\t<div class=\"elementor-counter-title\">ASSISTANCE 24H\/24 ET 7J\/7<\/div>\t\t\t<div class=\"elementor-counter-number-wrapper\">\n\t\t\t\t<span class=\"elementor-counter-number-prefix\"><\/span>\n\t\t\t\t<span class=\"elementor-counter-number\" data-duration=\"2000\" data-to-value=\"100\" data-from-value=\"10\" data-delimiter=\",\">10<\/span>\n\t\t\t\t<span class=\"elementor-counter-number-suffix\">+<\/span>\n\t\t\t<\/div>\n\t\t<\/div>\n\t\t\t\t\t\t<\/div>\n\t\t\t\t<\/div>\n\t\t\t\t<\/div>\n\t\t\t\t\t<\/div>\n\t\t\t\t<\/div>\n\t\t\t\t<\/div>","protected":false},"excerpt":{"rendered":"<p>About Us Wir bieten ma\u00dfgeschneiderte und Gro\u00dfhandelsangebote f\u00fcr eine Vielzahl von Dingen des t\u00e4glichen Bedarfs, um Ihren Bed\u00fcrfnissen so weit wie m\u00f6glich gerecht zu werden! Unternehmen: Shenzhen Jinruijie Electronic Commerce Co., Ltd. Unsere E-Mail: lifecitypro@outlook.com We Are Your Favourite Store. Willkommen bei lifecitypro.com, Ihrem One-Stop-Ziel f\u00fcr Dinge des t\u00e4glichen Bedarfs und mehr. Wir sind eine [&hellip;]<\/p>","protected":false},"author":1,"featured_media":0,"parent":0,"menu_order":0,"comment_status":"closed","ping_status":"closed","template":"","meta":{"site-sidebar-layout":"no-sidebar","site-content-layout":"page-builder","ast-site-content-layout":"full-width-container","site-content-style":"unboxed","site-sidebar-style":"unboxed","ast-global-header-display":"","ast-banner-title-visibility":"","ast-main-header-display":"","ast-hfb-above-header-display":"","ast-hfb-below-header-display":"","ast-hfb-mobile-header-display":"","site-post-title":"disabled","ast-breadcrumbs-content":"","ast-featured-img":"disabled","footer-sml-layout":"","theme-transparent-header-meta":"enabled","adv-header-id-meta":"","stick-header-meta":"","header-above-stick-meta":"","header-main-stick-meta":"","header-below-stick-meta":"","astra-migrate-meta-layouts":"set","ast-page-background-enabled":"default","ast-page-background-meta":{"desktop":{"background-color":"","background-image":"","background-repeat":"repeat","background-position":"center center","background-size":"auto","background-attachment":"scroll","background-type":"","background-media":"","overlay-type":"","overlay-color":"","overlay-opacity":"","overlay-gradient":""},"tablet":{"background-color":"","background-image":"","background-repeat":"repeat","background-position":"center center","background-size":"auto","background-attachment":"scroll","background-type":"","background-media":"","overlay-type":"","overlay-color":"","overlay-opacity":"","overlay-gradient":""},"mobile":{"background-color":"","background-image":"","background-repeat":"repeat","background-position":"center center","background-size":"auto","background-attachment":"scroll","background-type":"","background-media":"","overlay-type":"","overlay-color":"","overlay-opacity":"","overlay-gradient":""}},"ast-content-background-meta":{"desktop":{"background-color":"var(--ast-global-color-5)","background-image":"","background-repeat":"repeat","background-position":"center center","background-size":"auto","background-attachment":"scroll","background-type":"","background-media":"","overlay-type":"","overlay-color":"","overlay-opacity":"","overlay-gradient":""},"tablet":{"background-color":"var(--ast-global-color-5)","background-image":"","background-repeat":"repeat","background-position":"center center","background-size":"auto","background-attachment":"scroll","background-type":"","background-media":"","overlay-type":"","overlay-color":"","overlay-opacity":"","overlay-gradient":""},"mobile":{"background-color":"var(--ast-global-color-5)","background-image":"","background-repeat":"repeat","background-position":"center center","background-size":"auto","background-attachment":"scroll","background-type":"","background-media":"","overlay-type":"","overlay-color":"","overlay-opacity":"","overlay-gradient":""}},"footnotes":""},"class_list":["post-96","page","type-page","status-publish","hentry"],"_links":{"self":[{"href":"https:\/\/www.lifecitypro.com\/fr\/wp-json\/wp\/v2\/pages\/96","targetHints":{"allow":["GET"]}}],"collection":[{"href":"https:\/\/www.lifecitypro.com\/fr\/wp-json\/wp\/v2\/pages"}],"about":[{"href":"https:\/\/www.lifecitypro.com\/fr\/wp-json\/wp\/v2\/types\/page"}],"author":[{"embeddable":true,"href":"https:\/\/www.lifecitypro.com\/fr\/wp-json\/wp\/v2\/users\/1"}],"replies":[{"embeddable":true,"href":"https:\/\/www.lifecitypro.com\/fr\/wp-json\/wp\/v2\/comments?post=96"}],"version-history":[{"count":18,"href":"https:\/\/www.lifecitypro.com\/fr\/wp-json\/wp\/v2\/pages\/96\/revisions"}],"predecessor-version":[{"id":5801,"href":"https:\/\/www.lifecitypro.com\/fr\/wp-json\/wp\/v2\/pages\/96\/revisions\/5801"}],"wp:attachment":[{"href":"https:\/\/www.lifecitypro.com\/fr\/wp-json\/wp\/v2\/media?parent=96"}],"curies":[{"name":"wp","href":"https:\/\/api.w.org\/{rel}","templated":true}]}}