{"id":6133,"date":"2025-01-13T05:47:03","date_gmt":"2025-01-13T05:47:03","guid":{"rendered":"https:\/\/www.lifecitypro.com\/?post_type=product&#038;p=6133"},"modified":"2025-12-13T07:03:07","modified_gmt":"2025-12-13T07:03:07","slug":"passgenaue-allwetter-fussmatten-mit-basisschicht-fuer-model-y","status":"publish","type":"product","link":"https:\/\/www.lifecitypro.com\/es\/product\/passgenaue-allwetter-fussmatten-mit-basisschicht-fuer-model-y\/","title":{"rendered":"Passgenaue Allwetter-Fu\u00dfmatten mit Basisschicht f\u00fcr Model Y"},"content":{"rendered":"<div data-elementor-type=\"wp-post\" data-elementor-id=\"6133\" class=\"elementor elementor-6133\">\n\t\t\t\t<div class=\"elementor-element elementor-element-6d950cd e-flex e-con-boxed e-con e-parent\" data-id=\"6d950cd\" data-element_type=\"container\">\n\t\t\t\t\t<div class=\"e-con-inner\">\n\t\t\t\t<div class=\"elementor-element elementor-element-8145249 elementor-widget elementor-widget-text-editor\" data-id=\"8145249\" data-element_type=\"widget\" data-widget_type=\"text-editor.default\">\n\t\t\t\t<div class=\"elementor-widget-container\">\n\t\t\t\t\t\t\t\t\t<p>Die passgenauen Allwetter-Fu\u00dfmatten von LifeCityPro f\u00fcr das Tesla Model Y (2020\u20132025, 5-Sitzer) sind f\u00fcr alle Bedingungen geeignet \u2013 ob Regen, Schnee, Schlamm oder allt\u00e4gliche Abnutzung. Hergestellt aus hochwertigem TPE-Material, bieten diese Matten au\u00dfergew\u00f6hnliche Langlebigkeit, Flexibilit\u00e4t und dauerhafte Leistung f\u00fcr den ganzj\u00e4hrigen Einsatz. Dank modernster digitaler Messtechnik und pr\u00e4zisem Spritzgussverfahren passt jede Matte perfekt in das Model Y und f\u00fcgt sich mit ihrer klaren, modernen Optik harmonisch in den minimalistischen Innenraum von Tesla ein.<\/p><p>Wenn Sie Schutz, Komfort und Stil in einem Paket ben\u00f6tigen, sind die LifeCityPro-Fu\u00dfmatten die zuverl\u00e4ssige Wahl f\u00fcr Ihren Tesla Model Y.<\/p>\t\t\t\t\t\t\t\t<\/div>\n\t\t\t\t<\/div>\n\t\t\t\t\t<\/div>\n\t\t\t\t<\/div>\n\t\t<div class=\"elementor-element elementor-element-5f35ce6 e-flex e-con-boxed e-con e-parent\" data-id=\"5f35ce6\" data-element_type=\"container\">\n\t\t\t\t\t<div class=\"e-con-inner\">\n\t\t\t\t<div class=\"elementor-element elementor-element-b608990 elementor-widget elementor-widget-image-gallery\" data-id=\"b608990\" data-element_type=\"widget\" data-widget_type=\"image-gallery.default\">\n\t\t\t\t<div class=\"elementor-widget-container\">\n\t\t\t\t\t\t\t<div class=\"elementor-image-gallery\">\n\t\t\t<div id='gallery-1' class='gallery galleryid-6133 gallery-columns-3 gallery-size-medium_large'><figure class='gallery-item'>\n\t\t\t<div class='gallery-icon landscape'>\n\t\t\t\t<img fetchpriority=\"high\" decoding=\"async\" width=\"768\" height=\"512\" src=\"https:\/\/www.lifecitypro.com\/wp-content\/uploads\/2025\/12\/Custom-Fit-Baselayer-All-Weather-Floor-Mats-for-Tesla-Model-Y-768x512.jpg\" class=\"attachment-medium_large size-medium_large\" alt=\"Passgenaue Allwetter-Fu\u00dfmatten mit Basisschicht f\u00fcr Model Y-Custom Fit Baselayer All Weather Floor Mats for Tesla Model Y\" aria-describedby=\"gallery-1-6130\" srcset=\"https:\/\/www.lifecitypro.com\/wp-content\/uploads\/2025\/12\/Custom-Fit-Baselayer-All-Weather-Floor-Mats-for-Tesla-Model-Y-768x512.jpg 768w, https:\/\/www.lifecitypro.com\/wp-content\/uploads\/2025\/12\/Custom-Fit-Baselayer-All-Weather-Floor-Mats-for-Tesla-Model-Y-300x200.jpg 300w, https:\/\/www.lifecitypro.com\/wp-content\/uploads\/2025\/12\/Custom-Fit-Baselayer-All-Weather-Floor-Mats-for-Tesla-Model-Y-1024x683.jpg 1024w, https:\/\/www.lifecitypro.com\/wp-content\/uploads\/2025\/12\/Custom-Fit-Baselayer-All-Weather-Floor-Mats-for-Tesla-Model-Y-18x12.jpg 18w, https:\/\/www.lifecitypro.com\/wp-content\/uploads\/2025\/12\/Custom-Fit-Baselayer-All-Weather-Floor-Mats-for-Tesla-Model-Y-600x400.jpg 600w, https:\/\/www.lifecitypro.com\/wp-content\/uploads\/2025\/12\/Custom-Fit-Baselayer-All-Weather-Floor-Mats-for-Tesla-Model-Y.jpg 1279w\" sizes=\"(max-width: 768px) 100vw, 768px\" \/>\n\t\t\t<\/div>\n\t\t\t\t<figcaption class='wp-caption-text gallery-caption' id='gallery-1-6130'>\n\t\t\t\tPassgenaue Allwetter-Fu\u00dfmatten mit Basisschicht f\u00fcr Model Y-Custom Fit Baselayer All Weather Floor Mats for Tesla Model Y\n\t\t\t\t<\/figcaption><\/figure><figure class='gallery-item'>\n\t\t\t<div class='gallery-icon landscape'>\n\t\t\t\t<img decoding=\"async\" width=\"768\" height=\"512\" src=\"https:\/\/www.lifecitypro.com\/wp-content\/uploads\/2025\/12\/Custom-Fit-Baselayer-All-Weather-Floor-Mats-for-Tesla-Model-Y-1--768x512.jpg\" class=\"attachment-medium_large size-medium_large\" alt=\"Passgenaue Allwetter-Fu\u00dfmatten mit Basisschicht f\u00fcr Model Y-Custom Fit Baselayer All Weather Floor Mats for Tesla Model Y 1\" aria-describedby=\"gallery-1-6131\" srcset=\"https:\/\/www.lifecitypro.com\/wp-content\/uploads\/2025\/12\/Custom-Fit-Baselayer-All-Weather-Floor-Mats-for-Tesla-Model-Y-1--768x512.jpg 768w, https:\/\/www.lifecitypro.com\/wp-content\/uploads\/2025\/12\/Custom-Fit-Baselayer-All-Weather-Floor-Mats-for-Tesla-Model-Y-1--300x200.jpg 300w, https:\/\/www.lifecitypro.com\/wp-content\/uploads\/2025\/12\/Custom-Fit-Baselayer-All-Weather-Floor-Mats-for-Tesla-Model-Y-1--1024x682.jpg 1024w, https:\/\/www.lifecitypro.com\/wp-content\/uploads\/2025\/12\/Custom-Fit-Baselayer-All-Weather-Floor-Mats-for-Tesla-Model-Y-1--18x12.jpg 18w, https:\/\/www.lifecitypro.com\/wp-content\/uploads\/2025\/12\/Custom-Fit-Baselayer-All-Weather-Floor-Mats-for-Tesla-Model-Y-1--600x400.jpg 600w, https:\/\/www.lifecitypro.com\/wp-content\/uploads\/2025\/12\/Custom-Fit-Baselayer-All-Weather-Floor-Mats-for-Tesla-Model-Y-1-.jpg 1280w\" sizes=\"(max-width: 768px) 100vw, 768px\" \/>\n\t\t\t<\/div>\n\t\t\t\t<figcaption class='wp-caption-text gallery-caption' id='gallery-1-6131'>\n\t\t\t\tPassgenaue Allwetter-Fu\u00dfmatten mit Basisschicht f\u00fcr Model Y-Custom Fit Baselayer All Weather Floor Mats for Tesla Model Y 1\n\t\t\t\t<\/figcaption><\/figure><figure class='gallery-item'>\n\t\t\t<div class='gallery-icon landscape'>\n\t\t\t\t<img decoding=\"async\" width=\"768\" height=\"512\" src=\"https:\/\/www.lifecitypro.com\/wp-content\/uploads\/2025\/12\/Custom-Fit-Baselayer-All-Weather-Floor-Mats-for-Tesla-Model-Y-3--768x512.jpg\" class=\"attachment-medium_large size-medium_large\" alt=\"Passgenaue Allwetter-Fu\u00dfmatten mit Basisschicht f\u00fcr Model Y-Custom Fit Baselayer All Weather Floor Mats for Tesla Model Y 3\" aria-describedby=\"gallery-1-6135\" srcset=\"https:\/\/www.lifecitypro.com\/wp-content\/uploads\/2025\/12\/Custom-Fit-Baselayer-All-Weather-Floor-Mats-for-Tesla-Model-Y-3--768x512.jpg 768w, https:\/\/www.lifecitypro.com\/wp-content\/uploads\/2025\/12\/Custom-Fit-Baselayer-All-Weather-Floor-Mats-for-Tesla-Model-Y-3--300x200.jpg 300w, https:\/\/www.lifecitypro.com\/wp-content\/uploads\/2025\/12\/Custom-Fit-Baselayer-All-Weather-Floor-Mats-for-Tesla-Model-Y-3--1024x683.jpg 1024w, https:\/\/www.lifecitypro.com\/wp-content\/uploads\/2025\/12\/Custom-Fit-Baselayer-All-Weather-Floor-Mats-for-Tesla-Model-Y-3--18x12.jpg 18w, https:\/\/www.lifecitypro.com\/wp-content\/uploads\/2025\/12\/Custom-Fit-Baselayer-All-Weather-Floor-Mats-for-Tesla-Model-Y-3--600x400.jpg 600w, https:\/\/www.lifecitypro.com\/wp-content\/uploads\/2025\/12\/Custom-Fit-Baselayer-All-Weather-Floor-Mats-for-Tesla-Model-Y-3-.jpg 1279w\" sizes=\"(max-width: 768px) 100vw, 768px\" \/>\n\t\t\t<\/div>\n\t\t\t\t<figcaption class='wp-caption-text gallery-caption' id='gallery-1-6135'>\n\t\t\t\tPassgenaue Allwetter-Fu\u00dfmatten mit Basisschicht f\u00fcr Model Y-Custom Fit Baselayer All Weather Floor Mats for Tesla Model Y 3\n\t\t\t\t<\/figcaption><\/figure>\n\t\t<\/div>\n\t\t<\/div>\n\t\t\t\t\t\t<\/div>\n\t\t\t\t<\/div>\n\t\t\t\t\t<\/div>\n\t\t\t\t<\/div>\n\t\t<div class=\"elementor-element elementor-element-b89b94a e-flex e-con-boxed e-con e-parent\" data-id=\"b89b94a\" data-element_type=\"container\">\n\t\t\t\t\t<div class=\"e-con-inner\">\n\t\t<div class=\"elementor-element elementor-element-e6d9438 e-con-full e-flex e-con e-child\" data-id=\"e6d9438\" data-element_type=\"container\">\n\t\t\t\t<div class=\"elementor-element elementor-element-77b4c66 elementor-widget elementor-widget-text-editor\" data-id=\"77b4c66\" data-element_type=\"widget\" data-widget_type=\"text-editor.default\">\n\t\t\t\t<div class=\"elementor-widget-container\">\n\t\t\t\t\t\t\t\t\t<h2>Hauptmerkmale<\/h2><ul><li>2-teiliges Set f\u00fcr vorne: Enth\u00e4lt Matten f\u00fcr Fahrer- und Beifahrersitz<\/li><li>Umweltfreundliches TPE-Material: Vollst\u00e4ndig recycelbar und \u00fcbertrifft h\u00f6chste Automobilstandards f\u00fcr Abriebfestigkeit, Rei\u00dffestigkeit und Witterungsbest\u00e4ndigkeit<\/li><li>Pr\u00e4zisions-Spritzguss: Garantiert eine gleichm\u00e4\u00dfige Passform an allen Kanten und Konturen<\/li><li>Perfekte Passform: Digital vermessen f\u00fcr exakte Kompatibilit\u00e4t mit dem Tesla Model Y<\/li><li>Verbesserter 3D-Schutz: Erh\u00f6htes, konturiertes Design maximiert den Schutz des Innenraums<\/li><li>Pflegeleicht: Wasserdicht, herausnehmbar und einfach mit einem Tuch oder Wasser zu reinigen<\/li><li>Wetterschutz: Sch\u00fctzt vor Wasser, Schmutz, Schnee, Fl\u00fcssigkeiten und Ablagerungen<\/li><li>Rutschfest: Die rutschfeste Unterseite h\u00e4lt jede Matte sicher an ihrem Platz<\/li><li>Farbe: Schwarz<\/li><\/ul>\t\t\t\t\t\t\t\t<\/div>\n\t\t\t\t<\/div>\n\t\t\t\t<\/div>\n\t\t<div class=\"elementor-element elementor-element-7520d47 e-con-full e-flex e-con e-child\" data-id=\"7520d47\" data-element_type=\"container\">\n\t\t\t\t<div class=\"elementor-element elementor-element-5ef38b3 elementor-widget elementor-widget-image-gallery\" data-id=\"5ef38b3\" data-element_type=\"widget\" data-widget_type=\"image-gallery.default\">\n\t\t\t\t<div class=\"elementor-widget-container\">\n\t\t\t\t\t\t\t<div class=\"elementor-image-gallery\">\n\t\t\t<div id='gallery-2' class='gallery galleryid-6133 gallery-columns-1 gallery-size-medium_large'><figure class='gallery-item'>\n\t\t\t<div class='gallery-icon landscape'>\n\t\t\t\t<img loading=\"lazy\" decoding=\"async\" width=\"768\" height=\"512\" src=\"https:\/\/www.lifecitypro.com\/wp-content\/uploads\/2025\/12\/Custom-Fit-Baselayer-All-Weather-Floor-Mats-for-Tesla-Model-Y-1--768x512.jpg\" class=\"attachment-medium_large size-medium_large\" alt=\"Passgenaue Allwetter-Fu\u00dfmatten mit Basisschicht f\u00fcr Model Y-Custom Fit Baselayer All Weather Floor Mats for Tesla Model Y 1\" aria-describedby=\"gallery-2-6131\" srcset=\"https:\/\/www.lifecitypro.com\/wp-content\/uploads\/2025\/12\/Custom-Fit-Baselayer-All-Weather-Floor-Mats-for-Tesla-Model-Y-1--768x512.jpg 768w, https:\/\/www.lifecitypro.com\/wp-content\/uploads\/2025\/12\/Custom-Fit-Baselayer-All-Weather-Floor-Mats-for-Tesla-Model-Y-1--300x200.jpg 300w, https:\/\/www.lifecitypro.com\/wp-content\/uploads\/2025\/12\/Custom-Fit-Baselayer-All-Weather-Floor-Mats-for-Tesla-Model-Y-1--1024x682.jpg 1024w, https:\/\/www.lifecitypro.com\/wp-content\/uploads\/2025\/12\/Custom-Fit-Baselayer-All-Weather-Floor-Mats-for-Tesla-Model-Y-1--18x12.jpg 18w, https:\/\/www.lifecitypro.com\/wp-content\/uploads\/2025\/12\/Custom-Fit-Baselayer-All-Weather-Floor-Mats-for-Tesla-Model-Y-1--600x400.jpg 600w, https:\/\/www.lifecitypro.com\/wp-content\/uploads\/2025\/12\/Custom-Fit-Baselayer-All-Weather-Floor-Mats-for-Tesla-Model-Y-1-.jpg 1280w\" sizes=\"(max-width: 768px) 100vw, 768px\" \/>\n\t\t\t<\/div>\n\t\t\t\t<figcaption class='wp-caption-text gallery-caption' id='gallery-2-6131'>\n\t\t\t\tPassgenaue Allwetter-Fu\u00dfmatten mit Basisschicht f\u00fcr Model Y-Custom Fit Baselayer All Weather Floor Mats for Tesla Model Y 1\n\t\t\t\t<\/figcaption><\/figure><figure class='gallery-item'>\n\t\t\t<div class='gallery-icon landscape'>\n\t\t\t\t<img loading=\"lazy\" decoding=\"async\" width=\"768\" height=\"512\" src=\"https:\/\/www.lifecitypro.com\/wp-content\/uploads\/2025\/12\/Custom-Fit-Baselayer-All-Weather-Floor-Mats-for-Tesla-Model-Y-3--768x512.jpg\" class=\"attachment-medium_large size-medium_large\" alt=\"Passgenaue Allwetter-Fu\u00dfmatten mit Basisschicht f\u00fcr Model Y-Custom Fit Baselayer All Weather Floor Mats for Tesla Model Y 3\" aria-describedby=\"gallery-2-6135\" srcset=\"https:\/\/www.lifecitypro.com\/wp-content\/uploads\/2025\/12\/Custom-Fit-Baselayer-All-Weather-Floor-Mats-for-Tesla-Model-Y-3--768x512.jpg 768w, https:\/\/www.lifecitypro.com\/wp-content\/uploads\/2025\/12\/Custom-Fit-Baselayer-All-Weather-Floor-Mats-for-Tesla-Model-Y-3--300x200.jpg 300w, https:\/\/www.lifecitypro.com\/wp-content\/uploads\/2025\/12\/Custom-Fit-Baselayer-All-Weather-Floor-Mats-for-Tesla-Model-Y-3--1024x683.jpg 1024w, https:\/\/www.lifecitypro.com\/wp-content\/uploads\/2025\/12\/Custom-Fit-Baselayer-All-Weather-Floor-Mats-for-Tesla-Model-Y-3--18x12.jpg 18w, https:\/\/www.lifecitypro.com\/wp-content\/uploads\/2025\/12\/Custom-Fit-Baselayer-All-Weather-Floor-Mats-for-Tesla-Model-Y-3--600x400.jpg 600w, https:\/\/www.lifecitypro.com\/wp-content\/uploads\/2025\/12\/Custom-Fit-Baselayer-All-Weather-Floor-Mats-for-Tesla-Model-Y-3-.jpg 1279w\" sizes=\"(max-width: 768px) 100vw, 768px\" \/>\n\t\t\t<\/div>\n\t\t\t\t<figcaption class='wp-caption-text gallery-caption' id='gallery-2-6135'>\n\t\t\t\tPassgenaue Allwetter-Fu\u00dfmatten mit Basisschicht f\u00fcr Model Y-Custom Fit Baselayer All Weather Floor Mats for Tesla Model Y 3\n\t\t\t\t<\/figcaption><\/figure>\n\t\t<\/div>\n\t\t<\/div>\n\t\t\t\t\t\t<\/div>\n\t\t\t\t<\/div>\n\t\t\t\t<\/div>\n\t\t\t\t\t<\/div>\n\t\t\t\t<\/div>\n\t\t<div class=\"elementor-element elementor-element-195ec25 e-flex e-con-boxed e-con e-parent\" data-id=\"195ec25\" data-element_type=\"container\">\n\t\t\t\t\t<div class=\"e-con-inner\">\n\t\t\t\t<div class=\"elementor-element elementor-element-8856814 elementor-widget elementor-widget-text-editor\" data-id=\"8856814\" data-element_type=\"widget\" data-widget_type=\"text-editor.default\">\n\t\t\t\t<div class=\"elementor-widget-container\">\n\t\t\t\t\t\t\t\t\t<h2>Im Komplettset enthalten<\/h2><p>3 Matten: Fahrersitz, Beifahrersitz, R\u00fccksitz<\/p><h2>Passend f\u00fcr<\/h2><p>Tesla Model Y 5-Sitzer (2020\u20132025)<\/p><h2>Zus\u00e4tzliche Vorteile<\/h2><ul><li><strong>Wetterfester Schutz<\/strong><br \/>3D-Laserscanning sorgt f\u00fcr pr\u00e4zise Passform, w\u00e4hrend Rillen das Auslaufen von Fl\u00fcssigkeiten und Schmutz verhindern.<\/li><li><strong>Umweltfreundlich &amp; geruchsneutral<\/strong><br \/>Hergestellt aus ungiftigen, umweltvertr\u00e4glichen Materialien.<\/li><li><strong>Leicht zu reinigen<\/strong><br \/>Einfach absch\u00fctteln, mit einem feuchten Tuch abwischen oder mit Wasser absp\u00fclen.<\/li><li><strong>Langlebigkeit &amp; Sicherheit<\/strong><br \/>Die mehrlagige Struktur umfasst eine patentierte Anti-Rutsch-Unterseite zum Schutz des Fahrzeugteppichs und zur Ger\u00e4uschreduzierung sowie eine robuste, rutschfeste Gummioberfl\u00e4che f\u00fcr optimale Bodenhaftung.<\/li><\/ul><h3>Spezifikationen<\/h3><p>Passend f\u00fcr: Tesla Model Y (2020\u20132025), 5-Sitzer<br \/>Material: TPE<br \/>Farbe: Schwarz<\/p>\t\t\t\t\t\t\t\t<\/div>\n\t\t\t\t<\/div>\n\t\t\t\t\t<\/div>\n\t\t\t\t<\/div>\n\t\t\t\t<\/div>","protected":false},"excerpt":{"rendered":"<p><strong>Applicable car models<\/strong>: 2020-2025 Model Y 5-Seater<\/p>\n<p>Die passgenauen Allwetter-Fu\u00dfmatten von BaseLayer f\u00fcr das Tesla Model Y (2020\u20132025, 5-Sitzer) sind f\u00fcr alle Bedingungen geeignet \u2013 ob Regen, Schnee, Schlamm oder allt\u00e4gliche Beanspruchung. Hergestellt aus hochwertigem TPE-Material, bieten diese Matten au\u00dfergew\u00f6hnliche Strapazierf\u00e4higkeit, Flexibilit\u00e4t und dauerhafte Leistung f\u00fcr den ganzj\u00e4hrigen Einsatz. Dank modernster digitaler Messtechnik und pr\u00e4zisem Spritzgussverfahren passt jede Matte perfekt in das Model Y und f\u00fcgt sich mit ihrer klaren, modernen Optik harmonisch in das minimalistische Interieur von Tesla ein.<\/p>\n<p>Wenn Sie Schutz, Komfort und Stil in einem suchen, sind die BaseLayer-Fu\u00dfmatten die zuverl\u00e4ssige Wahl f\u00fcr Ihr Tesla Model Y.<\/p>","protected":false},"featured_media":6130,"comment_status":"open","ping_status":"closed","template":"","meta":{"site-sidebar-layout":"default","site-content-layout":"","ast-site-content-layout":"default","site-content-style":"default","site-sidebar-style":"default","ast-global-header-display":"","ast-banner-title-visibility":"","ast-main-header-display":"","ast-hfb-above-header-display":"","ast-hfb-below-header-display":"","ast-hfb-mobile-header-display":"","site-post-title":"","ast-breadcrumbs-content":"","ast-featured-img":"","footer-sml-layout":"","theme-transparent-header-meta":"default","adv-header-id-meta":"","stick-header-meta":"default","header-above-stick-meta":"","header-main-stick-meta":"","header-below-stick-meta":"","astra-migrate-meta-layouts":"set","ast-page-background-enabled":"default","ast-page-background-meta":{"desktop":{"background-color":"","background-image":"","background-repeat":"repeat","background-position":"center center","background-size":"auto","background-attachment":"scroll","background-type":"","background-media":"","overlay-type":"","overlay-color":"","overlay-opacity":"","overlay-gradient":""},"tablet":{"background-color":"","background-image":"","background-repeat":"repeat","background-position":"center center","background-size":"auto","background-attachment":"scroll","background-type":"","background-media":"","overlay-type":"","overlay-color":"","overlay-opacity":"","overlay-gradient":""},"mobile":{"background-color":"","background-image":"","background-repeat":"repeat","background-position":"center center","background-size":"auto","background-attachment":"scroll","background-type":"","background-media":"","overlay-type":"","overlay-color":"","overlay-opacity":"","overlay-gradient":""}},"ast-content-background-meta":{"desktop":{"background-color":"var(--ast-global-color-5)","background-image":"","background-repeat":"repeat","background-position":"center center","background-size":"auto","background-attachment":"scroll","background-type":"","background-media":"","overlay-type":"","overlay-color":"","overlay-opacity":"","overlay-gradient":""},"tablet":{"background-color":"var(--ast-global-color-5)","background-image":"","background-repeat":"repeat","background-position":"center center","background-size":"auto","background-attachment":"scroll","background-type":"","background-media":"","overlay-type":"","overlay-color":"","overlay-opacity":"","overlay-gradient":""},"mobile":{"background-color":"var(--ast-global-color-5)","background-image":"","background-repeat":"repeat","background-position":"center center","background-size":"auto","background-attachment":"scroll","background-type":"","background-media":"","overlay-type":"","overlay-color":"","overlay-opacity":"","overlay-gradient":""}}},"product_brand":[],"product_cat":[92],"product_tag":[],"class_list":{"0":"post-6133","1":"product","2":"type-product","3":"status-publish","4":"has-post-thumbnail","6":"product_cat-autoteile","7":"desktop-align-center","8":"tablet-align-center","9":"mobile-align-center","10":"ast-product-gallery-layout-horizontal-slider","11":"ast-product-single-variable","12":"ast-product-tabs-layout-horizontal","13":"ast-qv-on-image","15":"first","16":"instock","17":"sale","18":"shipping-taxable","19":"purchasable","20":"product-type-variable","21":"has-default-attributes"},"tiered_pricing_type":"fixed","tiered_pricing_fixed_rules":[],"tiered_pricing_product_settings":{"layout":"default","base_unit_name":{"singular":null,"plural":null},"default_variation":null},"tiered_pricing_minimum_quantity":null,"tiered_pricing_roles_data":[],"tiered_pricing_percentage_rules":[],"_links":{"self":[{"href":"https:\/\/www.lifecitypro.com\/es\/wp-json\/wp\/v2\/product\/6133","targetHints":{"allow":["GET"]}}],"collection":[{"href":"https:\/\/www.lifecitypro.com\/es\/wp-json\/wp\/v2\/product"}],"about":[{"href":"https:\/\/www.lifecitypro.com\/es\/wp-json\/wp\/v2\/types\/product"}],"replies":[{"embeddable":true,"href":"https:\/\/www.lifecitypro.com\/es\/wp-json\/wp\/v2\/comments?post=6133"}],"version-history":[{"count":8,"href":"https:\/\/www.lifecitypro.com\/es\/wp-json\/wp\/v2\/product\/6133\/revisions"}],"predecessor-version":[{"id":6181,"href":"https:\/\/www.lifecitypro.com\/es\/wp-json\/wp\/v2\/product\/6133\/revisions\/6181"}],"wp:featuredmedia":[{"embeddable":true,"href":"https:\/\/www.lifecitypro.com\/es\/wp-json\/wp\/v2\/media\/6130"}],"wp:attachment":[{"href":"https:\/\/www.lifecitypro.com\/es\/wp-json\/wp\/v2\/media?parent=6133"}],"wp:term":[{"taxonomy":"product_brand","embeddable":true,"href":"https:\/\/www.lifecitypro.com\/es\/wp-json\/wp\/v2\/product_brand?post=6133"},{"taxonomy":"product_cat","embeddable":true,"href":"https:\/\/www.lifecitypro.com\/es\/wp-json\/wp\/v2\/product_cat?post=6133"},{"taxonomy":"product_tag","embeddable":true,"href":"https:\/\/www.lifecitypro.com\/es\/wp-json\/wp\/v2\/product_tag?post=6133"}],"curies":[{"name":"wp","href":"https:\/\/api.w.org\/{rel}","templated":true}]}}