{"id":5605,"date":"2024-02-18T11:20:25","date_gmt":"2024-02-18T11:20:25","guid":{"rendered":"https:\/\/www.lifecitypro.com\/?post_type=product&#038;p=5605"},"modified":"2024-02-18T11:56:22","modified_gmt":"2024-02-18T11:56:22","slug":"1-paar-unisex-schwarz-halb-finger-finger-lose-handschuhe-fur-frauen-und-manner-wolle-gestrickt-handgelenk-baumwolle-winter-warme-arbeits-handschuhe","status":"publish","type":"product","link":"https:\/\/www.lifecitypro.com\/es\/product\/1-paar-unisex-schwarz-halb-finger-finger-lose-handschuhe-fur-frauen-und-manner-wolle-gestrickt-handgelenk-baumwolle-winter-warme-arbeits-handschuhe\/","title":{"rendered":"1 par unisex negro medio dedo guantes sueltos para las mujeres y los hombres de lana de punto mu\u00f1eca de algod\u00f3n de invierno c\u00e1lidos guantes de trabajo"},"content":{"rendered":"<div class=\"product-specs-list-container\">\n<ul class=\"product-specs-list util-clearfix\">\n<li class=\"product-prop line-limit-length\"><span class=\"property-title\">Lugar de origen:&nbsp;<\/span><span class=\"property-desc line-limit-length\">China (continental)<\/span>\n\t\t\t\t\t\t<\/li>\n<li class=\"product-prop line-limit-length\"><span class=\"property-title\">Tipo de muestra:&nbsp;<\/span><span class=\"property-desc line-limit-length\">Firme<\/span>\n\t\t\t\t\t\t<\/li>\n<li class=\"product-prop line-limit-length\"><span class=\"property-title\">Longitud del guante:&nbsp;<\/span><span class=\"property-desc line-limit-length\">OPERA<\/span>\n\t\t\t\t\t\t<\/li>\n<li class=\"product-prop line-limit-length\"><span class=\"property-title\">Art:&nbsp;<\/span><span class=\"property-desc line-limit-length\">Moda<\/span>\n\t\t\t\t\t\t<\/li>\n<li class=\"product-prop line-limit-length\"><span class=\"property-title\">G\u00e9nero:&nbsp;<\/span><span class=\"property-desc line-limit-length\">Unisex<\/span>\n\t\t\t\t\t\t<\/li>\n<li class=\"product-prop line-limit-length\"><span class=\"property-title\">Nombre del departamento:&nbsp;<\/span><span class=\"property-desc line-limit-length\">Adultos<\/span>\n\t\t\t\t\t\t<\/li>\n<li class=\"product-prop line-limit-length\"><span class=\"property-title\">Material:&nbsp;<\/span><span class=\"property-desc line-limit-length\">ALGOD\u00d3N<\/span>\n\t\t\t\t\t\t<\/li>\n<li class=\"product-prop line-limit-length\"><span class=\"property-title\">Marca:&nbsp;<\/span><span class=\"property-desc line-limit-length\">XGVOKH<\/span>\n\t\t\t\t\t\t<\/li>\n<li class=\"product-prop line-limit-length\"><span class=\"property-title\">Origen:&nbsp;<\/span><span class=\"property-desc line-limit-length\">CN (origen)<\/span>\n\t\t\t\t\t\t<\/li>\n<li class=\"product-prop line-limit-length\"><span class=\"property-title\">CN:&nbsp;<\/span><span class=\"property-desc line-limit-length\">Guangdong<\/span>\n\t\t\t\t\t\t<\/li>\n<li class=\"product-prop line-limit-length\"><span class=\"property-title\">Tipo de art\u00edculo:&nbsp;<\/span><span class=\"property-desc line-limit-length\">Guantes<\/span>\n\t\t\t\t\t\t<\/li>\n<\/ul><\/div>\n<div class=\"detailmodule_html\">\n<div class=\"detail-desc-decorate-richtext\">\n<p style=\"text-align:center\" align=\"center\"><img decoding=\"async\" alt=\"1 par unisex negro medio dedo guantes sueltos para las mujeres y los hombres de lana de punto mu\u00f1eca de algod\u00f3n de invierno c\u00e1lidos guantes de trabajo-S4079c6228175417ca3483b30fc83bd36k\" title=\"1 par unisex negro medio dedo guantes sueltos para las mujeres y los hombres de lana de punto mu\u00f1eca de algod\u00f3n de invierno c\u00e1lidos guantes de trabajo-S4079c6228175417ca3483b30fc83bd36k\" src=\"https:\/\/ae01.alicdn.com\/kf\/S4079c6228175417ca3483b30fc83bd36k.jpg\" \/><img decoding=\"async\" alt=\"1 par unisex negro medio dedo guantes sueltos para las mujeres y los hombres de lana de punto mu\u00f1eca de algod\u00f3n de invierno c\u00e1lidos guantes de trabajo-S75a3615bba3741499825dde20f8129b13\" title=\"1 par unisex negro medio dedo guantes sueltos para las mujeres y los hombres de lana de punto mu\u00f1eca de algod\u00f3n de invierno c\u00e1lidos guantes de trabajo-S75a3615bba3741499825dde20f8129b13\" src=\"https:\/\/ae01.alicdn.com\/kf\/S75a3615bba3741499825dde20f8129b13.jpg\" \/><img decoding=\"async\" alt=\"1 par unisex negro medio dedo guantes sueltos para las mujeres y los hombres de lana de punto mu\u00f1eca de algod\u00f3n de invierno c\u00e1lidos guantes de trabajo-S9960d8f796b34c96a75d4ba02145c293I\" title=\"1 par unisex negro medio dedo guantes sueltos para las mujeres y los hombres de lana de punto mu\u00f1eca de algod\u00f3n de invierno c\u00e1lidos guantes de trabajo-S9960d8f796b34c96a75d4ba02145c293I\" src=\"https:\/\/ae01.alicdn.com\/kf\/S9960d8f796b34c96a75d4ba02145c293I.jpg\" \/><img decoding=\"async\" alt=\"1 par de unisex negro medio dedo guantes sueltos para las mujeres y los hombres de lana de punto mu\u00f1eca de algod\u00f3n de invierno c\u00e1lidos guantes de trabajo-S9e16d34b42d54ec39094da1773e0a350W\" title=\"1 par de unisex negro medio dedo guantes sueltos para las mujeres y los hombres de lana de punto mu\u00f1eca de algod\u00f3n de invierno c\u00e1lidos guantes de trabajo-S9e16d34b42d54ec39094da1773e0a350W\" src=\"https:\/\/ae01.alicdn.com\/kf\/S9e16d34b42d54ec39094da1773e0a350W.jpg\" \/><img decoding=\"async\" alt=\"1 par unisex negro medio dedo guantes sueltos para las mujeres y los hombres de lana de punto mu\u00f1eca de algod\u00f3n de invierno c\u00e1lidos guantes de trabajo-Saf0b1f7804e543eb9b98dc7c3b2cbc50p\" title=\"1 par unisex negro medio dedo guantes sueltos para las mujeres y los hombres de lana de punto mu\u00f1eca de algod\u00f3n de invierno c\u00e1lidos guantes de trabajo-Saf0b1f7804e543eb9b98dc7c3b2cbc50p\" src=\"https:\/\/ae01.alicdn.com\/kf\/Saf0b1f7804e543eb9b98dc7c3b2cbc50p.jpg\" \/><img decoding=\"async\" alt=\"1 par de unisex negro medio dedo guantes sueltos para las mujeres y los hombres de lana de punto mu\u00f1eca de algod\u00f3n de invierno c\u00e1lidos guantes de trabajo-S63c4c4cb322544329903095b34f0bcfes\" title=\"1 par de unisex negro medio dedo guantes sueltos para las mujeres y los hombres de lana de punto mu\u00f1eca de algod\u00f3n de invierno c\u00e1lidos guantes de trabajo-S63c4c4cb322544329903095b34f0bcfes\" src=\"https:\/\/ae01.alicdn.com\/kf\/S63c4c4cb322544329903095b34f0bcfes.jpg\" \/><\/p>\n<\/div>\n<\/div>","protected":false},"excerpt":{"rendered":"<p>Origen: China (Mainland) Tipo de patr\u00f3n: S\u00f3lido Longitud del guante: OPERA Tipo: Moda G\u00e9nero: Unisex Nombre del departamento: Adulto Material: ALGOD\u00d3N Marca: XGVOKH Origen: CN (Origen) CN: Guangdong Tipo de art\u00edculo: Guantes<\/p>","protected":false},"featured_media":5606,"comment_status":"open","ping_status":"closed","template":"","meta":{"site-sidebar-layout":"default","site-content-layout":"","ast-site-content-layout":"","site-content-style":"default","site-sidebar-style":"default","ast-global-header-display":"","ast-banner-title-visibility":"","ast-main-header-display":"","ast-hfb-above-header-display":"","ast-hfb-below-header-display":"","ast-hfb-mobile-header-display":"","site-post-title":"","ast-breadcrumbs-content":"","ast-featured-img":"","footer-sml-layout":"","theme-transparent-header-meta":"","adv-header-id-meta":"","stick-header-meta":"","header-above-stick-meta":"","header-main-stick-meta":"","header-below-stick-meta":"","astra-migrate-meta-layouts":"default","ast-page-background-enabled":"default","ast-page-background-meta":{"desktop":{"background-color":"","background-image":"","background-repeat":"repeat","background-position":"center center","background-size":"auto","background-attachment":"scroll","background-type":"","background-media":"","overlay-type":"","overlay-color":"","overlay-opacity":"","overlay-gradient":""},"tablet":{"background-color":"","background-image":"","background-repeat":"repeat","background-position":"center center","background-size":"auto","background-attachment":"scroll","background-type":"","background-media":"","overlay-type":"","overlay-color":"","overlay-opacity":"","overlay-gradient":""},"mobile":{"background-color":"","background-image":"","background-repeat":"repeat","background-position":"center center","background-size":"auto","background-attachment":"scroll","background-type":"","background-media":"","overlay-type":"","overlay-color":"","overlay-opacity":"","overlay-gradient":""}},"ast-content-background-meta":{"desktop":{"background-color":"var(--ast-global-color-5)","background-image":"","background-repeat":"repeat","background-position":"center center","background-size":"auto","background-attachment":"scroll","background-type":"","background-media":"","overlay-type":"","overlay-color":"","overlay-opacity":"","overlay-gradient":""},"tablet":{"background-color":"var(--ast-global-color-5)","background-image":"","background-repeat":"repeat","background-position":"center center","background-size":"auto","background-attachment":"scroll","background-type":"","background-media":"","overlay-type":"","overlay-color":"","overlay-opacity":"","overlay-gradient":""},"mobile":{"background-color":"var(--ast-global-color-5)","background-image":"","background-repeat":"repeat","background-position":"center center","background-size":"auto","background-attachment":"scroll","background-type":"","background-media":"","overlay-type":"","overlay-color":"","overlay-opacity":"","overlay-gradient":""}}},"product_brand":[],"product_cat":[15],"product_tag":[],"class_list":{"0":"post-5605","1":"product","2":"type-product","3":"status-publish","4":"has-post-thumbnail","6":"product_cat-handschuhe","7":"desktop-align-center","8":"tablet-align-center","9":"mobile-align-center","10":"ast-product-gallery-layout-horizontal-slider","11":"ast-product-single-variable","12":"ast-product-tabs-layout-horizontal","13":"ast-qv-on-image","15":"first","16":"instock","17":"shipping-taxable","18":"purchasable","19":"product-type-variable"},"tiered_pricing_type":"fixed","tiered_pricing_fixed_rules":[],"tiered_pricing_product_settings":{"layout":"default","base_unit_name":{"singular":null,"plural":null},"default_variation":null},"tiered_pricing_minimum_quantity":null,"tiered_pricing_roles_data":[],"tiered_pricing_percentage_rules":[],"_links":{"self":[{"href":"https:\/\/www.lifecitypro.com\/es\/wp-json\/wp\/v2\/product\/5605","targetHints":{"allow":["GET"]}}],"collection":[{"href":"https:\/\/www.lifecitypro.com\/es\/wp-json\/wp\/v2\/product"}],"about":[{"href":"https:\/\/www.lifecitypro.com\/es\/wp-json\/wp\/v2\/types\/product"}],"replies":[{"embeddable":true,"href":"https:\/\/www.lifecitypro.com\/es\/wp-json\/wp\/v2\/comments?post=5605"}],"version-history":[{"count":0,"href":"https:\/\/www.lifecitypro.com\/es\/wp-json\/wp\/v2\/product\/5605\/revisions"}],"wp:featuredmedia":[{"embeddable":true,"href":"https:\/\/www.lifecitypro.com\/es\/wp-json\/wp\/v2\/media\/5606"}],"wp:attachment":[{"href":"https:\/\/www.lifecitypro.com\/es\/wp-json\/wp\/v2\/media?parent=5605"}],"wp:term":[{"taxonomy":"product_brand","embeddable":true,"href":"https:\/\/www.lifecitypro.com\/es\/wp-json\/wp\/v2\/product_brand?post=5605"},{"taxonomy":"product_cat","embeddable":true,"href":"https:\/\/www.lifecitypro.com\/es\/wp-json\/wp\/v2\/product_cat?post=5605"},{"taxonomy":"product_tag","embeddable":true,"href":"https:\/\/www.lifecitypro.com\/es\/wp-json\/wp\/v2\/product_tag?post=5605"}],"curies":[{"name":"wp","href":"https:\/\/api.w.org\/{rel}","templated":true}]}}