{"id":5552,"date":"2024-02-18T11:20:25","date_gmt":"2024-02-18T11:20:25","guid":{"rendered":"https:\/\/www.lifecitypro.com\/?post_type=product&#038;p=5552"},"modified":"2024-02-18T11:56:22","modified_gmt":"2024-02-18T11:56:22","slug":"neue-winter-handschuhe-manner-frauen-beruhren-kalte-wasserdichte-motorrad-fahrrad-handschuhe-mannliche-outdoor-sportarten-plus-samt-warm-laufender-ski-handschuh","status":"publish","type":"product","link":"https:\/\/www.lifecitypro.com\/es\/product\/neue-winter-handschuhe-manner-frauen-beruhren-kalte-wasserdichte-motorrad-fahrrad-handschuhe-mannliche-outdoor-sportarten-plus-samt-warm-laufender-ski-handschuh\/","title":{"rendered":"Nuevo invierno guantes hombres mujeres toque fr\u00edo impermeable moto bicicleta guantes masculino deportes al aire libre m\u00e1s terciopelo caliente correr guante de esqu\u00ed"},"content":{"rendered":"<div class=\"product-specs-list-container\">\n<ul class=\"product-specs-list util-clearfix\">\n<li class=\"product-prop line-limit-length\"><span class=\"property-title\">Lugar de origen:&nbsp;<\/span><span class=\"property-desc line-limit-length\">China (continental)<\/span>\n\t\t\t\t\t\t<\/li>\n<li class=\"product-prop line-limit-length\"><span class=\"property-title\">Tipo de muestra:&nbsp;<\/span><span class=\"property-desc line-limit-length\">Firme<\/span>\n\t\t\t\t\t\t<\/li>\n<li class=\"product-prop line-limit-length\"><span class=\"property-title\">Longitud del guante:&nbsp;<\/span><span class=\"property-desc line-limit-length\">Mu\u00f1eca<\/span>\n\t\t\t\t\t\t<\/li>\n<li class=\"product-prop line-limit-length\"><span class=\"property-title\">Art:&nbsp;<\/span><span class=\"property-desc line-limit-length\">Moda<\/span>\n\t\t\t\t\t\t<\/li>\n<li class=\"product-prop line-limit-length\"><span class=\"property-title\">G\u00e9nero:&nbsp;<\/span><span class=\"property-desc line-limit-length\">Unisex<\/span>\n\t\t\t\t\t\t<\/li>\n<li class=\"product-prop line-limit-length\"><span class=\"property-title\">Nombre del departamento:&nbsp;<\/span><span class=\"property-desc line-limit-length\">Adultos<\/span>\n\t\t\t\t\t\t<\/li>\n<li class=\"product-prop line-limit-length\"><span class=\"property-title\">Material:&nbsp;<\/span><span class=\"property-desc line-limit-length\">NYLON,Poli\u00e9ster<\/span>\n\t\t\t\t\t\t<\/li>\n<li class=\"product-prop line-limit-length\"><span class=\"property-title\">Marca:&nbsp;<\/span><span class=\"property-desc line-limit-length\">GAFASTWO<\/span>\n\t\t\t\t\t\t<\/li>\n<li class=\"product-prop line-limit-length\"><span class=\"property-title\">Origen:&nbsp;<\/span><span class=\"property-desc line-limit-length\">CN (origen)<\/span>\n\t\t\t\t\t\t<\/li>\n<li class=\"product-prop line-limit-length\"><span class=\"property-title\">CN:&nbsp;<\/span><span class=\"property-desc line-limit-length\">Zhejiang<\/span>\n\t\t\t\t\t\t<\/li>\n<li class=\"product-prop line-limit-length\"><span class=\"property-title\">Tipo de art\u00edculo:&nbsp;<\/span><span class=\"property-desc line-limit-length\">Guantes<\/span>\n\t\t\t\t\t\t<\/li>\n<li class=\"product-prop line-limit-length\"><span class=\"property-title\">Nombre del producto:&nbsp;<\/span><span class=\"property-desc line-limit-length\">Guantes de equitaci\u00f3n deportiva<\/span>\n\t\t\t\t\t\t<\/li>\n<li class=\"product-prop line-limit-length\"><span class=\"property-title\">Tama\u00f1o:&nbsp;<\/span><span class=\"property-desc line-limit-length\">S\/ M\/L\/XL\/XXL<\/span>\n\t\t\t\t\t\t<\/li>\n<li class=\"product-prop line-limit-length\"><span class=\"property-title\">Color:&nbsp;<\/span><span class=\"property-desc line-limit-length\">7 colores<\/span>\n\t\t\t\t\t\t<\/li>\n<li class=\"product-prop line-limit-length\"><span class=\"property-title\">\u00c1mbito de aplicaci\u00f3n:&nbsp;<\/span><span class=\"property-desc line-limit-length\">Aire libre \/ Ciclismo<\/span>\n\t\t\t\t\t\t<\/li>\n<li class=\"product-prop line-limit-length\"><span class=\"property-title\">Material:&nbsp;<\/span><span class=\"property-desc line-limit-length\">Poli\u00e9ster\/nylon<\/span>\n\t\t\t\t\t\t<\/li>\n<li class=\"product-prop line-limit-length\"><span class=\"property-title\">Caracter\u00edsticas:&nbsp;<\/span><span class=\"property-desc line-limit-length\">Antideslizante\/Pantalla t\u00e1ctil\/Caliente<\/span>\n\t\t\t\t\t\t<\/li>\n<li class=\"product-prop line-limit-length\"><span class=\"property-title\">Estilos:&nbsp;<\/span><span class=\"property-desc line-limit-length\">Corto\/Regular<\/span>\n\t\t\t\t\t\t<\/li>\n<\/ul><\/div>\n<div class=\"detailmodule_html\">\n<div class=\"detail-desc-decorate-richtext\">\n<div class=\"detailmodule_text\">\n<div>\n  <span style=\"font-size:20px;font-family:arial, helvetica, sans-serif\" id=\"tl_1\">Color: negro\/rosa\/azul\/morado\/gris\/naranja\/azul oscuro<\/span>\n <\/div>\n<\/div>\n<div class=\"detailmodule_text\">\n<p><span style=\"font-size:20px;font-family:arial, helvetica, sans-serif\" id=\"tl_2\">Peso: aprox. 80 g\/90 g<\/span><\/p>\n<p><span style=\"font-size:20px;font-family:arial, helvetica, sans-serif\" id=\"tl_3\">Sexo: unisex<\/span><\/p>\n<p><span style=\"font-size:20px;font-family:arial, helvetica, sans-serif\" id=\"tl_4\">Temporada: Invierno<\/span><\/p>\n<p><span style=\"font-size:20px;font-family:arial, helvetica, sans-serif\" id=\"tl_5\">Funci\u00f3n: impermeable\/impermeable al viento\/pantalla t\u00e1ctil\/calefacci\u00f3n<\/span><\/p>\n<p><span style=\"font-size:20px;font-family:arial, helvetica, sans-serif\" id=\"tl_6\">Escena aplicable: Conducci\u00f3n\/ciclismo\/escalada<\/span><\/p>\n<p><span style=\"font-size:20px;font-family:arial, helvetica, sans-serif\" id=\"tl_7\">Estilo de guantes: guantes de ciclismo\/guantes de invierno<\/span><\/p>\n<p><span style=\"font-size:20px;font-family:arial, helvetica, sans-serif\" id=\"tl_8\">Talla: s\/m\/l\/xl\/xxl<\/span><\/p>\n<p><span style=\"font-size:20px;font-family:arial, helvetica, sans-serif\" id=\"tl_9\">Temperatura adecuada: -10 \u2103<\/span><\/p>\n<p><span style=\"font-size:20px;font-family:arial, helvetica, sans-serif\" id=\"tl_10\">M\u00e9todo de venta: al por menor\/drops hipping\/mayorista<\/span><\/p>\n<div>\n  <br \/> \n <\/div>\n<p style=\"font-family:OpenSans;font-size:14px;font-weight:300;line-height:20px;margin-bottom:12px\" class=\"detail-desc-decorate-content\"><img decoding=\"async\" alt=\"Nuevo invierno guantes hombres mujeres toque fr\u00edo impermeable moto bicicleta guantes masculino deportes al aire libre m\u00e1s terciopelo caliente correr guante de esqu\u00ed-S62b76eb35992461a859ccc06236a4ff94\" title=\"Nuevo invierno guantes hombres mujeres toque fr\u00edo impermeable moto bicicleta guantes masculino deportes al aire libre m\u00e1s terciopelo caliente correr guante de esqu\u00ed-S62b76eb35992461a859ccc06236a4ff94\" src=\"https:\/\/ae01.alicdn.com\/kf\/S62b76eb35992461a859ccc06236a4ff94.jpg\" \/><\/p>\n<p style=\"font-family:OpenSans;font-size:14px;font-weight:300;line-height:20px;margin-bottom:12px\" class=\"detail-desc-decorate-content\"><img decoding=\"async\" alt=\"Nuevo invierno guantes hombres mujeres toque fr\u00edo impermeable moto bicicleta guantes masculino deportes al aire libre m\u00e1s terciopelo caliente correr guante de esqu\u00ed-S5b1211b463a94842812592e4df89c61bI\" title=\"Nuevo invierno guantes hombres mujeres toque fr\u00edo impermeable moto bicicleta guantes masculino deportes al aire libre m\u00e1s terciopelo caliente correr guante de esqu\u00ed-S5b1211b463a94842812592e4df89c61bI\" src=\"https:\/\/ae01.alicdn.com\/kf\/S5b1211b463a94842812592e4df89c61bI.jpg\" \/><img decoding=\"async\" alt=\"Nuevo invierno guantes hombres mujeres toque fr\u00edo impermeable moto bicicleta guantes masculino deportes al aire libre m\u00e1s terciopelo caliente corriendo esqu\u00ed guante-Sa8d63ba79a72486c8c56b739318ce4b82\" title=\"Nuevo invierno guantes hombres mujeres toque fr\u00edo impermeable moto bicicleta guantes masculino deportes al aire libre m\u00e1s terciopelo caliente corriendo esqu\u00ed guante-Sa8d63ba79a72486c8c56b739318ce4b82\" src=\"https:\/\/ae01.alicdn.com\/kf\/Sa8d63ba79a72486c8c56b739318ce4b82.jpg\" \/><img decoding=\"async\" alt=\"Nuevo invierno guantes hombres mujeres toque fr\u00edo impermeable moto bicicleta guantes masculino deportes al aire libre m\u00e1s terciopelo caliente correr esqu\u00ed guante-Sf8217e5189354a60aac7be2135556792l\" title=\"Nuevo invierno guantes hombres mujeres toque fr\u00edo impermeable moto bicicleta guantes masculino deportes al aire libre m\u00e1s terciopelo caliente correr esqu\u00ed guante-Sf8217e5189354a60aac7be2135556792l\" src=\"https:\/\/ae01.alicdn.com\/kf\/Sf8217e5189354a60aac7be2135556792l.jpg\" \/><img decoding=\"async\" alt=\"Nuevo invierno guantes hombres mujeres toque fr\u00edo impermeable moto bicicleta guantes masculino deportes al aire libre m\u00e1s terciopelo caliente corriendo esqu\u00ed guante-S4159077d8e5c41e0a9dc7fee5e678aefH\" title=\"Nuevo invierno guantes hombres mujeres toque fr\u00edo impermeable moto bicicleta guantes masculino deportes al aire libre m\u00e1s terciopelo caliente corriendo esqu\u00ed guante-S4159077d8e5c41e0a9dc7fee5e678aefH\" src=\"https:\/\/ae01.alicdn.com\/kf\/S4159077d8e5c41e0a9dc7fee5e678aefH.jpg\" \/><img decoding=\"async\" alt=\"Nuevo invierno guantes hombres mujeres toque fr\u00edo impermeable moto bicicleta guantes masculino deportes al aire libre m\u00e1s terciopelo caliente correr guante de esqu\u00ed-Sd92704ec33b242a8b934066ff0cb8036W\" title=\"Nuevo invierno guantes hombres mujeres toque fr\u00edo impermeable moto bicicleta guantes masculino deportes al aire libre m\u00e1s terciopelo caliente correr guante de esqu\u00ed-Sd92704ec33b242a8b934066ff0cb8036W\" src=\"https:\/\/ae01.alicdn.com\/kf\/Sd92704ec33b242a8b934066ff0cb8036W.jpg\" \/><img decoding=\"async\" alt=\"Nuevo invierno guantes hombres mujeres toque fr\u00edo impermeable moto bicicleta guantes masculino deportes al aire libre m\u00e1s terciopelo caliente correr guante de esqu\u00ed-S0d0c7707ea6c4587814970a3ed6d0595g\" title=\"Nuevo invierno guantes hombres mujeres toque fr\u00edo impermeable moto bicicleta guantes masculino deportes al aire libre m\u00e1s terciopelo caliente correr guante de esqu\u00ed-S0d0c7707ea6c4587814970a3ed6d0595g\" src=\"https:\/\/ae01.alicdn.com\/kf\/S0d0c7707ea6c4587814970a3ed6d0595g.jpg\" \/><img decoding=\"async\" alt=\"Nuevo invierno guantes hombres mujeres toque fr\u00edo impermeable moto bicicleta guantes masculino deportes al aire libre m\u00e1s terciopelo caliente correr guante de esqu\u00ed-Sb5ad0025f0ce4b8ea07fac4f65e33741B\" title=\"Nuevo invierno guantes hombres mujeres toque fr\u00edo impermeable moto bicicleta guantes masculino deportes al aire libre m\u00e1s terciopelo caliente correr guante de esqu\u00ed-Sb5ad0025f0ce4b8ea07fac4f65e33741B\" src=\"https:\/\/ae01.alicdn.com\/kf\/Sb5ad0025f0ce4b8ea07fac4f65e33741B.jpg\" \/><img decoding=\"async\" alt=\"Nuevo invierno guantes hombres mujeres toque fr\u00edo impermeable moto bicicleta guantes masculino deportes al aire libre m\u00e1s terciopelo caliente correr guante de esqu\u00ed-S2cb98204e461441b8bbb9eafe7136d25J\" title=\"Nuevo invierno guantes hombres mujeres toque fr\u00edo impermeable moto bicicleta guantes masculino deportes al aire libre m\u00e1s terciopelo caliente correr guante de esqu\u00ed-S2cb98204e461441b8bbb9eafe7136d25J\" src=\"https:\/\/ae01.alicdn.com\/kf\/S2cb98204e461441b8bbb9eafe7136d25J.jpg\" \/><img decoding=\"async\" alt=\"Nuevo invierno guantes hombres mujeres toque fr\u00edo impermeable moto bicicleta guantes masculino deportes al aire libre m\u00e1s terciopelo caliente corriendo esqu\u00ed guante-Sc107decdfcd14fc49a280e79f916f1c2K\" title=\"Nuevo invierno guantes hombres mujeres toque fr\u00edo impermeable moto bicicleta guantes masculino deportes al aire libre m\u00e1s terciopelo caliente corriendo esqu\u00ed guante-Sc107decdfcd14fc49a280e79f916f1c2K\" src=\"https:\/\/ae01.alicdn.com\/kf\/Sc107decdfcd14fc49a280e79f916f1c2K.jpg\" \/><\/p>\n<\/div>\n<div class=\"detailmodule_image\">\n <img decoding=\"async\" alt=\"Nuevo invierno guantes hombres mujeres toque fr\u00edo impermeable moto bicicleta guantes masculino deportes al aire libre m\u00e1s terciopelo caliente corriendo esqu\u00ed guante-H6bffeac7c6084eb8b5b0c3cec69b0f1cL\" title=\"Nuevo invierno guantes hombres mujeres toque fr\u00edo impermeable moto bicicleta guantes masculino deportes al aire libre m\u00e1s terciopelo caliente corriendo esqu\u00ed guante-H6bffeac7c6084eb8b5b0c3cec69b0f1cL\" src=\"https:\/\/ae01.alicdn.com\/kf\/H6bffeac7c6084eb8b5b0c3cec69b0f1cL.jpg\" \/><br \/>\n <img decoding=\"async\" alt=\"Nuevo invierno guantes hombres mujeres toque fr\u00edo impermeable moto bicicleta guantes masculino deportes al aire libre m\u00e1s terciopelo caliente correr guante de esqu\u00ed-H8ac10e15f1194a109f34038591687b9a5\" title=\"Nuevo invierno guantes hombres mujeres toque fr\u00edo impermeable moto bicicleta guantes masculino deportes al aire libre m\u00e1s terciopelo caliente correr guante de esqu\u00ed-H8ac10e15f1194a109f34038591687b9a5\" src=\"https:\/\/ae01.alicdn.com\/kf\/H8ac10e15f1194a109f34038591687b9a5.jpg\" \/><br \/>\n <img decoding=\"async\" alt=\"Nuevo invierno guantes hombres mujeres toque fr\u00edo impermeable moto bicicleta guantes masculino deportes al aire libre m\u00e1s terciopelo caliente correr guante de esqu\u00ed-Hbb23c81e5d0c47b7aa56a85fe3791d3cC\" title=\"Nuevo invierno guantes hombres mujeres toque fr\u00edo impermeable moto bicicleta guantes masculino deportes al aire libre m\u00e1s terciopelo caliente correr guante de esqu\u00ed-Hbb23c81e5d0c47b7aa56a85fe3791d3cC\" src=\"https:\/\/ae01.alicdn.com\/kf\/Hbb23c81e5d0c47b7aa56a85fe3791d3cC.jpg\" \/><br \/>\n <img decoding=\"async\" alt=\"Nuevos guantes de invierno hombres mujeres tacto fr\u00edo impermeable moto bicicleta guantes masculino deportes al aire libre m\u00e1s terciopelo caliente corriendo guante de esqu\u00ed-H0ad99149444a4743ab16d7bb43900ea3w\" title=\"Nuevos guantes de invierno hombres mujeres tacto fr\u00edo impermeable moto bicicleta guantes masculino deportes al aire libre m\u00e1s terciopelo caliente corriendo guante de esqu\u00ed-H0ad99149444a4743ab16d7bb43900ea3w\" src=\"https:\/\/ae01.alicdn.com\/kf\/H0ad99149444a4743ab16d7bb43900ea3w.jpg\" \/>\n<\/div>\n<div class=\"detailmodule_text\">\n<p><img decoding=\"async\" alt=\"Nuevo invierno guantes hombres mujeres toque fr\u00edo impermeable moto bicicleta guantes masculino deportes al aire libre m\u00e1s terciopelo caliente correr guante de esqu\u00ed-S31df001f1e5f4bd289fc352901075c2d9\" title=\"Nuevo invierno guantes hombres mujeres toque fr\u00edo impermeable moto bicicleta guantes masculino deportes al aire libre m\u00e1s terciopelo caliente correr guante de esqu\u00ed-S31df001f1e5f4bd289fc352901075c2d9\" src=\"https:\/\/ae01.alicdn.com\/kf\/S31df001f1e5f4bd289fc352901075c2d9.jpg\" \/><img decoding=\"async\" alt=\"Nuevo invierno guantes hombres mujeres toque fr\u00edo impermeable moto bicicleta guantes masculino deportes al aire libre m\u00e1s terciopelo caliente correr guante de esqu\u00ed-Seb0d81d7c02449edb014c365e75ff42d5\" title=\"Nuevo invierno guantes hombres mujeres toque fr\u00edo impermeable moto bicicleta guantes masculino deportes al aire libre m\u00e1s terciopelo caliente correr guante de esqu\u00ed-Seb0d81d7c02449edb014c365e75ff42d5\" src=\"https:\/\/ae01.alicdn.com\/kf\/Seb0d81d7c02449edb014c365e75ff42d5.jpg\" \/><img decoding=\"async\" alt=\"Nuevos guantes de invierno hombres mujeres tacto fr\u00edo impermeable moto bicicleta guantes masculino deportes al aire libre m\u00e1s terciopelo caliente corriendo guante de esqu\u00ed-S91501ca2385049eda63eaf4ace8f6bd5Z\" title=\"Nuevos guantes de invierno hombres mujeres tacto fr\u00edo impermeable moto bicicleta guantes masculino deportes al aire libre m\u00e1s terciopelo caliente corriendo guante de esqu\u00ed-S91501ca2385049eda63eaf4ace8f6bd5Z\" src=\"https:\/\/ae01.alicdn.com\/kf\/S91501ca2385049eda63eaf4ace8f6bd5Z.jpg\" \/><img decoding=\"async\" alt=\"Nuevo invierno guantes hombres mujeres tacto fr\u00edo impermeable moto bicicleta guantes masculino deportes al aire libre m\u00e1s terciopelo caliente corriendo esqu\u00ed guante-S5b6e58d410c942278b5bd3c16aeae762d\" title=\"Nuevo invierno guantes hombres mujeres tacto fr\u00edo impermeable moto bicicleta guantes masculino deportes al aire libre m\u00e1s terciopelo caliente corriendo esqu\u00ed guante-S5b6e58d410c942278b5bd3c16aeae762d\" src=\"https:\/\/ae01.alicdn.com\/kf\/S5b6e58d410c942278b5bd3c16aeae762d.jpg\" \/><\/p>\n<\/div>\n<p><\/p>\n<\/div>\n<\/div>","protected":false},"excerpt":{"rendered":"<p>Ursprungsort:&nbsp;China (Festland) Mustertyp:&nbsp;Fest Handschuhl\u00e4nge:&nbsp;Wrist Art:&nbsp;Mode Geschlecht:&nbsp;Unisex Abteilungsname:&nbsp;Adult Material:&nbsp;NYLON,Polyester Markenname:&nbsp;GAFASTWO Ursprung:&nbsp;CN (Herkunft) CN:&nbsp;Zhejiang Einzelteil-Art:&nbsp;Handschuhe Product Name:&nbsp;Sports Riding Gloves Size:&nbsp;S\/ M\/L\/XL\/XXL Color:&nbsp;7 Colors Scope of Application:&nbsp;Outdoor \/ Cycling Material:&nbsp;Polyester\/Nylon Features:&nbsp;Anti slip\/Touch screen\/Warm Styles:&nbsp;Short\/Regular Farbe: schwarz\/rosa\/blau\/lila\/grau\/orange\/dunkelblau Gewicht: ca. 80g\/90g Geschlecht: unisex Jahreszeit: Winter Funktion: wasserdicht\/wind dicht\/Touchscreen\/warm Anwendbare Szene: Fahren\/Radfahren\/Klettern Handschuhe Stil: Fahrrad handschuhe\/Winter handschuhe Gr&ouml;&szlig;e: s\/m\/l\/xl\/xxl Geeignete Temperatur: [&hellip;]<\/p>","protected":false},"featured_media":5553,"comment_status":"open","ping_status":"closed","template":"","meta":{"site-sidebar-layout":"default","site-content-layout":"","ast-site-content-layout":"","site-content-style":"default","site-sidebar-style":"default","ast-global-header-display":"","ast-banner-title-visibility":"","ast-main-header-display":"","ast-hfb-above-header-display":"","ast-hfb-below-header-display":"","ast-hfb-mobile-header-display":"","site-post-title":"","ast-breadcrumbs-content":"","ast-featured-img":"","footer-sml-layout":"","theme-transparent-header-meta":"","adv-header-id-meta":"","stick-header-meta":"","header-above-stick-meta":"","header-main-stick-meta":"","header-below-stick-meta":"","astra-migrate-meta-layouts":"default","ast-page-background-enabled":"default","ast-page-background-meta":{"desktop":{"background-color":"","background-image":"","background-repeat":"repeat","background-position":"center center","background-size":"auto","background-attachment":"scroll","background-type":"","background-media":"","overlay-type":"","overlay-color":"","overlay-opacity":"","overlay-gradient":""},"tablet":{"background-color":"","background-image":"","background-repeat":"repeat","background-position":"center center","background-size":"auto","background-attachment":"scroll","background-type":"","background-media":"","overlay-type":"","overlay-color":"","overlay-opacity":"","overlay-gradient":""},"mobile":{"background-color":"","background-image":"","background-repeat":"repeat","background-position":"center center","background-size":"auto","background-attachment":"scroll","background-type":"","background-media":"","overlay-type":"","overlay-color":"","overlay-opacity":"","overlay-gradient":""}},"ast-content-background-meta":{"desktop":{"background-color":"var(--ast-global-color-5)","background-image":"","background-repeat":"repeat","background-position":"center center","background-size":"auto","background-attachment":"scroll","background-type":"","background-media":"","overlay-type":"","overlay-color":"","overlay-opacity":"","overlay-gradient":""},"tablet":{"background-color":"var(--ast-global-color-5)","background-image":"","background-repeat":"repeat","background-position":"center center","background-size":"auto","background-attachment":"scroll","background-type":"","background-media":"","overlay-type":"","overlay-color":"","overlay-opacity":"","overlay-gradient":""},"mobile":{"background-color":"var(--ast-global-color-5)","background-image":"","background-repeat":"repeat","background-position":"center center","background-size":"auto","background-attachment":"scroll","background-type":"","background-media":"","overlay-type":"","overlay-color":"","overlay-opacity":"","overlay-gradient":""}}},"product_brand":[],"product_cat":[15],"product_tag":[],"class_list":{"0":"post-5552","1":"product","2":"type-product","3":"status-publish","4":"has-post-thumbnail","6":"product_cat-handschuhe","7":"desktop-align-center","8":"tablet-align-center","9":"mobile-align-center","10":"ast-product-gallery-layout-horizontal-slider","11":"ast-product-single-variable","12":"ast-product-tabs-layout-horizontal","13":"ast-qv-on-image","15":"first","16":"instock","17":"shipping-taxable","18":"purchasable","19":"product-type-variable"},"tiered_pricing_type":"fixed","tiered_pricing_fixed_rules":[],"tiered_pricing_product_settings":{"layout":"default","base_unit_name":{"singular":null,"plural":null},"default_variation":null},"tiered_pricing_minimum_quantity":null,"tiered_pricing_roles_data":[],"tiered_pricing_percentage_rules":[],"_links":{"self":[{"href":"https:\/\/www.lifecitypro.com\/es\/wp-json\/wp\/v2\/product\/5552","targetHints":{"allow":["GET"]}}],"collection":[{"href":"https:\/\/www.lifecitypro.com\/es\/wp-json\/wp\/v2\/product"}],"about":[{"href":"https:\/\/www.lifecitypro.com\/es\/wp-json\/wp\/v2\/types\/product"}],"replies":[{"embeddable":true,"href":"https:\/\/www.lifecitypro.com\/es\/wp-json\/wp\/v2\/comments?post=5552"}],"version-history":[{"count":0,"href":"https:\/\/www.lifecitypro.com\/es\/wp-json\/wp\/v2\/product\/5552\/revisions"}],"wp:featuredmedia":[{"embeddable":true,"href":"https:\/\/www.lifecitypro.com\/es\/wp-json\/wp\/v2\/media\/5553"}],"wp:attachment":[{"href":"https:\/\/www.lifecitypro.com\/es\/wp-json\/wp\/v2\/media?parent=5552"}],"wp:term":[{"taxonomy":"product_brand","embeddable":true,"href":"https:\/\/www.lifecitypro.com\/es\/wp-json\/wp\/v2\/product_brand?post=5552"},{"taxonomy":"product_cat","embeddable":true,"href":"https:\/\/www.lifecitypro.com\/es\/wp-json\/wp\/v2\/product_cat?post=5552"},{"taxonomy":"product_tag","embeddable":true,"href":"https:\/\/www.lifecitypro.com\/es\/wp-json\/wp\/v2\/product_tag?post=5552"}],"curies":[{"name":"wp","href":"https:\/\/api.w.org\/{rel}","templated":true}]}}