{"id":5532,"date":"2024-02-18T11:20:25","date_gmt":"2024-02-18T11:20:25","guid":{"rendered":"https:\/\/www.lifecitypro.com\/?post_type=product&#038;p=5532"},"modified":"2024-02-18T11:56:22","modified_gmt":"2024-02-18T11:56:22","slug":"winter-wasserdichte-herren-handschuhe-touchscreen-wind-dichte-sport-fischerei-fahren-motorrad-ski-rutsch-feste-warme-fahrrad-frauen-handschuhe","status":"publish","type":"product","link":"https:\/\/www.lifecitypro.com\/es\/product\/winter-wasserdichte-herren-handschuhe-touchscreen-wind-dichte-sport-fischerei-fahren-motorrad-ski-rutsch-feste-warme-fahrrad-frauen-handschuhe\/","title":{"rendered":"invierno impermeable hombres guantes pantalla t\u00e1ctil a prueba de viento deporte pesca conducci\u00f3n moto esqu\u00ed antideslizante caliente bicicleta mujeres guantes"},"content":{"rendered":"<div class=\"product-specs-list-container\">\n<ul class=\"product-specs-list util-clearfix\">\n<li class=\"product-prop line-limit-length\"><span class=\"property-title\">Lugar de origen:&nbsp;<\/span><span class=\"property-desc line-limit-length\">China (continental)<\/span>\n\t\t\t\t\t\t<\/li>\n<li class=\"product-prop line-limit-length\"><span class=\"property-title\">Tipo de muestra:&nbsp;<\/span><span class=\"property-desc line-limit-length\">Firme<\/span>\n\t\t\t\t\t\t<\/li>\n<li class=\"product-prop line-limit-length\"><span class=\"property-title\">Longitud del guante:&nbsp;<\/span><span class=\"property-desc line-limit-length\">Mu\u00f1eca<\/span>\n\t\t\t\t\t\t<\/li>\n<li class=\"product-prop line-limit-length\"><span class=\"property-title\">Art:&nbsp;<\/span><span class=\"property-desc line-limit-length\">Moda<\/span>\n\t\t\t\t\t\t<\/li>\n<li class=\"product-prop line-limit-length\"><span class=\"property-title\">G\u00e9nero:&nbsp;<\/span><span class=\"property-desc line-limit-length\">Unisex<\/span>\n\t\t\t\t\t\t<\/li>\n<li class=\"product-prop line-limit-length\"><span class=\"property-title\">Nombre del departamento:&nbsp;<\/span><span class=\"property-desc line-limit-length\">Adultos<\/span>\n\t\t\t\t\t\t<\/li>\n<li class=\"product-prop line-limit-length\"><span class=\"property-title\">Material:&nbsp;<\/span><span class=\"property-desc line-limit-length\">\u00c1cido acr\u00edlico,NYLON,Poli\u00e9ster<\/span>\n\t\t\t\t\t\t<\/li>\n<li class=\"product-prop line-limit-length\"><span class=\"property-title\">Origen:&nbsp;<\/span><span class=\"property-desc line-limit-length\">CN (origen)<\/span>\n\t\t\t\t\t\t<\/li>\n<li class=\"product-prop line-limit-length\"><span class=\"property-title\">CN:&nbsp;<\/span><span class=\"property-desc line-limit-length\">Zhejiang<\/span>\n\t\t\t\t\t\t<\/li>\n<li class=\"product-prop line-limit-length\"><span class=\"property-title\">Tipo de art\u00edculo:&nbsp;<\/span><span class=\"property-desc line-limit-length\">Guantes<\/span>\n\t\t\t\t\t\t<\/li>\n<\/ul><\/div>\n<div class=\"detailmodule_html\">\n<div class=\"detail-desc-decorate-richtext\">\n<p><\/p>\n<div class=\"detailmodule_html\">\n<div class=\"detail-desc-decorate-richtext\">\n<div class=\"detailmodule_text\">\n<p style=\"font-family:OpenSans;font-size:20px;font-weight:900;line-height:28px;margin-bottom:12px\" class=\"detail-desc-decorate-title\">Descripci\u00f3n de la<\/p>\n<p style=\"font-family:OpenSans;font-size:14px;font-weight:300;line-height:20px;margin-bottom:12px\" class=\"detail-desc-decorate-content\">Material: Poli\u00e9ster Talla: m\/l\/xl\/xxl<\/p>\n<p style=\"font-family:OpenSans;font-size:14px;font-weight:300;line-height:20px;margin-bottom:12px\" class=\"detail-desc-decorate-content\">Color: negro, gris, gris claro, gris oscuro, azul marino<\/p>\n<p style=\"font-family:OpenSans;font-size:14px;font-weight:300;line-height:20px;margin-bottom:12px\" class=\"detail-desc-decorate-content\">Caracter\u00edstica: 1. Doble vell\u00f3n guantes calientes: hecho de doble forro polar engrosada, que te mantienen m\u00e1s caliente en tiempo fr\u00edo 2. Transpirable y c\u00e1lido: itity transpirable, proteger las manos del viento y te mantienen m\u00e1s caliente<\/p>\n<p style=\"font-family:OpenSans;font-size:14px;font-weight:300;line-height:20px;margin-bottom:12px\" class=\"detail-desc-decorate-content\">3. Guantes sensibles a las pantallas t\u00e1ctiles: guantes con tejido conductor en los dedos \u00edndice y pulgar,<\/p>\n<p style=\"font-family:OpenSans;font-size:14px;font-weight:300;line-height:20px;margin-bottom:12px\" class=\"detail-desc-decorate-content\">4. Palma antideslizante: los guantes vienen con una impresi\u00f3n de silicona en la palma, que aumenta eficazmente la fuerza de agarre y la resistencia a la abrasi\u00f3n de los guantes,<\/p>\n<p style=\"font-family:OpenSans;font-size:14px;font-weight:300;line-height:20px;margin-bottom:12px\" class=\"detail-desc-decorate-content\">5. Impermeable y resistente al viento: material de costura TPU impermeable de alta calidad.<\/p>\n<\/div>\n<div class=\"detailmodule_image\"><img decoding=\"async\" alt=\"Invierno impermeable hombres guantes de pantalla t\u00e1ctil a prueba de viento deporte pesca conducci\u00f3n moto esqu\u00ed antideslizante caliente bicicleta mujeres guantes-H1079a9cdaae04a899496b3cc5d1c8438c\" title=\"Invierno impermeable hombres guantes de pantalla t\u00e1ctil a prueba de viento deporte pesca conducci\u00f3n moto esqu\u00ed antideslizante caliente bicicleta mujeres guantes-H1079a9cdaae04a899496b3cc5d1c8438c\" style=\"margin-bottom:10px\" class=\"detail-desc-decorate-image\" src=\"https:\/\/ae04.alicdn.com\/kf\/H1079a9cdaae04a899496b3cc5d1c8438c.jpg\" \/><img decoding=\"async\" alt=\"Invierno impermeable hombres guantes pantalla t\u00e1ctil a prueba de viento deporte pesca conducci\u00f3n moto esqu\u00ed antideslizante caliente bicicleta mujeres guantes-Hf5e2919085cb48cb96c2fea66c34f095w\" title=\"Invierno impermeable hombres guantes pantalla t\u00e1ctil a prueba de viento deporte pesca conducci\u00f3n moto esqu\u00ed antideslizante caliente bicicleta mujeres guantes-Hf5e2919085cb48cb96c2fea66c34f095w\" src=\"https:\/\/ae01.alicdn.com\/kf\/Hf5e2919085cb48cb96c2fea66c34f095w.jpg\" \/><img decoding=\"async\" alt=\"Invierno impermeable hombres guantes pantalla t\u00e1ctil a prueba de viento deporte pesca conducci\u00f3n moto esqu\u00ed antideslizante caliente bicicleta mujeres guantes-H7911fdbf68964efda8d3fbdb560ea52dy\" title=\"Invierno impermeable hombres guantes pantalla t\u00e1ctil a prueba de viento deporte pesca conducci\u00f3n moto esqu\u00ed antideslizante caliente bicicleta mujeres guantes-H7911fdbf68964efda8d3fbdb560ea52dy\" class=\"detail-desc-decorate-image\" src=\"https:\/\/ae01.alicdn.com\/kf\/H7911fdbf68964efda8d3fbdb560ea52dy.jpg\" \/><img decoding=\"async\" alt=\"Invierno impermeable hombres guantes pantalla t\u00e1ctil a prueba de viento deporte pesca conducci\u00f3n moto esqu\u00ed antideslizante caliente bicicleta mujeres guantes-H76bcf20fbf77491c9bac2e29f514b5534\" title=\"Invierno impermeable hombres guantes pantalla t\u00e1ctil a prueba de viento deporte pesca conducci\u00f3n moto esqu\u00ed antideslizante caliente bicicleta mujeres guantes-H76bcf20fbf77491c9bac2e29f514b5534\" style=\"margin-bottom:10px\" class=\"detail-desc-decorate-image\" src=\"https:\/\/ae04.alicdn.com\/kf\/H76bcf20fbf77491c9bac2e29f514b5534.jpg\" \/><img decoding=\"async\" alt=\"Invierno impermeable hombres guantes pantalla t\u00e1ctil a prueba de viento deporte pesca conducci\u00f3n moto esqu\u00ed antideslizante caliente bicicleta mujeres guantes-H61176410906c4bbf959b01ca0aac2797w\" title=\"Invierno impermeable hombres guantes pantalla t\u00e1ctil a prueba de viento deporte pesca conducci\u00f3n moto esqu\u00ed antideslizante caliente bicicleta mujeres guantes-H61176410906c4bbf959b01ca0aac2797w\" class=\"detail-desc-decorate-image\" src=\"https:\/\/ae01.alicdn.com\/kf\/H61176410906c4bbf959b01ca0aac2797w.jpg\" \/><img decoding=\"async\" alt=\"Invierno impermeable hombres guantes pantalla t\u00e1ctil a prueba de viento deporte pesca conducci\u00f3n moto esqu\u00ed antideslizante caliente bicicleta mujeres guantes-Hd95280b4d5f64c30b0a5aeba524636aas\" title=\"Invierno impermeable hombres guantes pantalla t\u00e1ctil a prueba de viento deporte pesca conducci\u00f3n moto esqu\u00ed antideslizante caliente bicicleta mujeres guantes-Hd95280b4d5f64c30b0a5aeba524636aas\" class=\"detail-desc-decorate-image\" src=\"https:\/\/ae01.alicdn.com\/kf\/Hd95280b4d5f64c30b0a5aeba524636aas.jpg\" \/><img decoding=\"async\" alt=\"Invierno impermeable hombres guantes pantalla t\u00e1ctil a prueba de viento deporte pesca conducci\u00f3n moto esqu\u00ed antideslizante caliente bicicleta mujeres guantes-H914ecdf7bfc54431a1bf6bbefb15c981k\" title=\"Invierno impermeable hombres guantes pantalla t\u00e1ctil a prueba de viento deporte pesca conducci\u00f3n moto esqu\u00ed antideslizante caliente bicicleta mujeres guantes-H914ecdf7bfc54431a1bf6bbefb15c981k\" src=\"https:\/\/ae01.alicdn.com\/kf\/H914ecdf7bfc54431a1bf6bbefb15c981k.jpg\" \/><img decoding=\"async\" alt=\"invierno impermeable hombres guantes pantalla t\u00e1ctil a prueba de viento deporte pesca conducci\u00f3n moto esqu\u00ed antideslizante caliente bicicleta mujeres guantes-He33cec130562414085d65d75847fdb7et\" title=\"invierno impermeable hombres guantes pantalla t\u00e1ctil a prueba de viento deporte pesca conducci\u00f3n moto esqu\u00ed antideslizante caliente bicicleta mujeres guantes-He33cec130562414085d65d75847fdb7et\" style=\"margin-bottom:10px\" class=\"detail-desc-decorate-image\" src=\"https:\/\/ae04.alicdn.com\/kf\/He33cec130562414085d65d75847fdb7et.jpg\" \/><img decoding=\"async\" alt=\"invierno impermeable hombres guantes pantalla t\u00e1ctil a prueba de viento deporte pesca conducci\u00f3n moto esqu\u00ed antideslizante caliente bicicleta mujeres guantes-H1bad5918b84b41b3850278928d9680b4k\" title=\"invierno impermeable hombres guantes pantalla t\u00e1ctil a prueba de viento deporte pesca conducci\u00f3n moto esqu\u00ed antideslizante caliente bicicleta mujeres guantes-H1bad5918b84b41b3850278928d9680b4k\" style=\"margin-bottom:10px\" class=\"detail-desc-decorate-image\" src=\"https:\/\/ae04.alicdn.com\/kf\/H1bad5918b84b41b3850278928d9680b4k.jpg\" \/><img decoding=\"async\" alt=\"Invierno impermeable hombres guantes pantalla t\u00e1ctil a prueba de viento deporte pesca conducci\u00f3n moto esqu\u00ed antideslizante caliente bicicleta mujeres guantes-H67633bfbc04f416a8aeb6a550f050ca3B\" title=\"Invierno impermeable hombres guantes pantalla t\u00e1ctil a prueba de viento deporte pesca conducci\u00f3n moto esqu\u00ed antideslizante caliente bicicleta mujeres guantes-H67633bfbc04f416a8aeb6a550f050ca3B\" class=\"detail-desc-decorate-image\" src=\"https:\/\/ae01.alicdn.com\/kf\/H67633bfbc04f416a8aeb6a550f050ca3B.jpg\" \/><img decoding=\"async\" alt=\"Invierno impermeable hombres guantes pantalla t\u00e1ctil a prueba de viento deporte pesca conducci\u00f3n moto esqu\u00ed antideslizante caliente bicicleta mujeres guantes-H4b2f30f1ae66473f9001ff1b4e554127y\" title=\"Invierno impermeable hombres guantes pantalla t\u00e1ctil a prueba de viento deporte pesca conducci\u00f3n moto esqu\u00ed antideslizante caliente bicicleta mujeres guantes-H4b2f30f1ae66473f9001ff1b4e554127y\" class=\"detail-desc-decorate-image\" src=\"https:\/\/ae01.alicdn.com\/kf\/H4b2f30f1ae66473f9001ff1b4e554127y.jpg\" \/><img decoding=\"async\" alt=\"Invierno impermeable hombres guantes pantalla t\u00e1ctil a prueba de viento deporte pesca conducci\u00f3n moto esqu\u00ed antideslizante caliente bicicleta mujeres guantes-Hc90fd3a91f96464ba9eb65af87e4f01a2\" title=\"Invierno impermeable hombres guantes pantalla t\u00e1ctil a prueba de viento deporte pesca conducci\u00f3n moto esqu\u00ed antideslizante caliente bicicleta mujeres guantes-Hc90fd3a91f96464ba9eb65af87e4f01a2\" class=\"detail-desc-decorate-image\" src=\"https:\/\/ae01.alicdn.com\/kf\/Hc90fd3a91f96464ba9eb65af87e4f01a2.jpg\" \/><img decoding=\"async\" alt=\"Invierno impermeable hombres guantes de pantalla t\u00e1ctil a prueba de viento deporte pesca conducci\u00f3n moto esqu\u00ed antideslizante caliente bicicleta mujeres guantes-H99e51abfd01b49b69b6dae07428e9b92e\" title=\"Invierno impermeable hombres guantes de pantalla t\u00e1ctil a prueba de viento deporte pesca conducci\u00f3n moto esqu\u00ed antideslizante caliente bicicleta mujeres guantes-H99e51abfd01b49b69b6dae07428e9b92e\" class=\"detail-desc-decorate-image\" src=\"https:\/\/ae01.alicdn.com\/kf\/H99e51abfd01b49b69b6dae07428e9b92e.jpg\" \/><\/div>\n<\/div>\n<\/div>\n<p><\/div>\n<\/div>","protected":false},"excerpt":{"rendered":"<p>Origen: China (Mainland) Tipo de patr\u00f3n: S\u00f3lido Longitud del guante: Tipo de mu\u00f1eca: Moda G\u00e9nero: Unisex Nombre del Departamento: Adulto Material: Acr\u00edlico, NYLON, poli\u00e9ster Origen: CN (Origen) CN: Zhejiang Tipo de art\u00edculo: Guantes Descripci\u00f3n Material: Poli\u00e9ster Tama\u00f1o: m \/ l \/ xl \/ xl Color: negro, gris, gris claro, gris oscuro, azul marino Caracter\u00edstica: 1. Doble forro polar caliente: hecho de forro polar de doble espesor, que te mantienen caliente 2. Transpirable y c\u00e1lido: itity transpirable, proteger las manos del viento, el [... Doble vell\u00f3n guantes calientes: hecho de doble forro polar engrosada, que te mantienen m\u00e1s caliente en tiempo fr\u00edo 2. Transpirable y c\u00e1lido: itity transpirable, proteger sus manos del viento y mantener [...]<\/p>","protected":false},"featured_media":5533,"comment_status":"open","ping_status":"closed","template":"","meta":{"site-sidebar-layout":"default","site-content-layout":"","ast-site-content-layout":"","site-content-style":"default","site-sidebar-style":"default","ast-global-header-display":"","ast-banner-title-visibility":"","ast-main-header-display":"","ast-hfb-above-header-display":"","ast-hfb-below-header-display":"","ast-hfb-mobile-header-display":"","site-post-title":"","ast-breadcrumbs-content":"","ast-featured-img":"","footer-sml-layout":"","theme-transparent-header-meta":"","adv-header-id-meta":"","stick-header-meta":"","header-above-stick-meta":"","header-main-stick-meta":"","header-below-stick-meta":"","astra-migrate-meta-layouts":"default","ast-page-background-enabled":"default","ast-page-background-meta":{"desktop":{"background-color":"","background-image":"","background-repeat":"repeat","background-position":"center center","background-size":"auto","background-attachment":"scroll","background-type":"","background-media":"","overlay-type":"","overlay-color":"","overlay-opacity":"","overlay-gradient":""},"tablet":{"background-color":"","background-image":"","background-repeat":"repeat","background-position":"center center","background-size":"auto","background-attachment":"scroll","background-type":"","background-media":"","overlay-type":"","overlay-color":"","overlay-opacity":"","overlay-gradient":""},"mobile":{"background-color":"","background-image":"","background-repeat":"repeat","background-position":"center center","background-size":"auto","background-attachment":"scroll","background-type":"","background-media":"","overlay-type":"","overlay-color":"","overlay-opacity":"","overlay-gradient":""}},"ast-content-background-meta":{"desktop":{"background-color":"var(--ast-global-color-5)","background-image":"","background-repeat":"repeat","background-position":"center center","background-size":"auto","background-attachment":"scroll","background-type":"","background-media":"","overlay-type":"","overlay-color":"","overlay-opacity":"","overlay-gradient":""},"tablet":{"background-color":"var(--ast-global-color-5)","background-image":"","background-repeat":"repeat","background-position":"center center","background-size":"auto","background-attachment":"scroll","background-type":"","background-media":"","overlay-type":"","overlay-color":"","overlay-opacity":"","overlay-gradient":""},"mobile":{"background-color":"var(--ast-global-color-5)","background-image":"","background-repeat":"repeat","background-position":"center center","background-size":"auto","background-attachment":"scroll","background-type":"","background-media":"","overlay-type":"","overlay-color":"","overlay-opacity":"","overlay-gradient":""}}},"product_brand":[],"product_cat":[15],"product_tag":[],"class_list":{"0":"post-5532","1":"product","2":"type-product","3":"status-publish","4":"has-post-thumbnail","6":"product_cat-handschuhe","7":"desktop-align-center","8":"tablet-align-center","9":"mobile-align-center","10":"ast-product-gallery-layout-horizontal-slider","11":"ast-product-single-variable","12":"ast-product-tabs-layout-horizontal","13":"ast-qv-on-image","15":"first","16":"instock","17":"shipping-taxable","18":"purchasable","19":"product-type-variable"},"tiered_pricing_type":"fixed","tiered_pricing_fixed_rules":[],"tiered_pricing_product_settings":{"layout":"default","base_unit_name":{"singular":null,"plural":null},"default_variation":null},"tiered_pricing_minimum_quantity":null,"tiered_pricing_roles_data":[],"tiered_pricing_percentage_rules":[],"_links":{"self":[{"href":"https:\/\/www.lifecitypro.com\/es\/wp-json\/wp\/v2\/product\/5532","targetHints":{"allow":["GET"]}}],"collection":[{"href":"https:\/\/www.lifecitypro.com\/es\/wp-json\/wp\/v2\/product"}],"about":[{"href":"https:\/\/www.lifecitypro.com\/es\/wp-json\/wp\/v2\/types\/product"}],"replies":[{"embeddable":true,"href":"https:\/\/www.lifecitypro.com\/es\/wp-json\/wp\/v2\/comments?post=5532"}],"version-history":[{"count":0,"href":"https:\/\/www.lifecitypro.com\/es\/wp-json\/wp\/v2\/product\/5532\/revisions"}],"wp:featuredmedia":[{"embeddable":true,"href":"https:\/\/www.lifecitypro.com\/es\/wp-json\/wp\/v2\/media\/5533"}],"wp:attachment":[{"href":"https:\/\/www.lifecitypro.com\/es\/wp-json\/wp\/v2\/media?parent=5532"}],"wp:term":[{"taxonomy":"product_brand","embeddable":true,"href":"https:\/\/www.lifecitypro.com\/es\/wp-json\/wp\/v2\/product_brand?post=5532"},{"taxonomy":"product_cat","embeddable":true,"href":"https:\/\/www.lifecitypro.com\/es\/wp-json\/wp\/v2\/product_cat?post=5532"},{"taxonomy":"product_tag","embeddable":true,"href":"https:\/\/www.lifecitypro.com\/es\/wp-json\/wp\/v2\/product_tag?post=5532"}],"curies":[{"name":"wp","href":"https:\/\/api.w.org\/{rel}","templated":true}]}}