{"id":5526,"date":"2024-02-18T11:20:26","date_gmt":"2024-02-18T11:20:26","guid":{"rendered":"https:\/\/www.lifecitypro.com\/?post_type=product&#038;p=5526"},"modified":"2024-12-23T07:26:46","modified_gmt":"2024-12-23T07:26:46","slug":"voll-finger-motorrad-handschuhe-manner-touchscreen-outdoor-offroad-sport-fahrrads-chutz-anti-fall-motorrad-finger-handschuhe","status":"publish","type":"product","link":"https:\/\/www.lifecitypro.com\/es\/product\/voll-finger-motorrad-handschuhe-manner-touchscreen-outdoor-offroad-sport-fahrrads-chutz-anti-fall-motorrad-finger-handschuhe\/","title":{"rendered":"Guantes de dedo completo moto hombres pantalla t\u00e1ctil al aire libre offroad deporte moto protecci\u00f3n anti ca\u00edda moto guantes de dedo"},"content":{"rendered":"<div class=\"product-specs-list-container\">\n<ul class=\"product-specs-list util-clearfix\">\n<li class=\"product-prop line-limit-length\"><span class=\"property-title\">Origen:&nbsp;<\/span><span class=\"property-desc line-limit-length\">CN (origen)<\/span>\n\t\t\t\t\t\t<\/li>\n<\/ul><\/div>\n<div class=\"ai-description\">\n<div class=\"origin-part box-sizing\">\n<p style=\"font-family: 'Open Sans', sans-serif;font-size: 14px;font-weight: 400;letter-spacing: normal;line-height: inherit;text-align: start;margin: 0px;margin-bottom: 0px;margin-top: 0px;margin-left: 0px;margin-right: 0px;padding: 0px;padding-bottom: 0px;padding-top: 0px;padding-left: 0px;padding-right: 0px\" align=\"start\"> <span><strong>- Material transpirable :<\/strong><\/span><span>Los guantes est\u00e1n fabricados con un material transpirable que permite la circulaci\u00f3n del aire y mantiene las manos frescas y c\u00f3modas en las salidas largas.<\/span> <\/p>\n<p><\/p>\n<p style=\"font-family: 'Open Sans', sans-serif;font-size: 14px;font-weight: 400;letter-spacing: normal;line-height: inherit;text-align: start;margin: 0px;margin-bottom: 0px;margin-top: 0px;margin-left: 0px;margin-right: 0px;padding: 0px;padding-bottom: 0px;padding-top: 0px;padding-left: 0px;padding-right: 0px\" align=\"start\"> <span><strong>- Protecci\u00f3n total de los dedos :<\/strong><\/span><span>Los guantes ofrecen protecci\u00f3n total para los dedos y protegen las manos de ara\u00f1azos, cortes y otras lesiones durante la conducci\u00f3n.<\/span> <\/p>\n<p><\/p>\n<p style=\"font-family: 'Open Sans', sans-serif;font-size: 14px;font-weight: 400;letter-spacing: normal;line-height: inherit;text-align: start;margin: 0px;margin-bottom: 0px;margin-top: 0px;margin-left: 0px;margin-right: 0px;padding: 0px;padding-bottom: 0px;padding-top: 0px;padding-left: 0px;padding-right: 0px\" align=\"start\"> <span><strong>- Dise\u00f1o Hartsc halen :<\/strong><\/span><span>Los guantes tienen un dise\u00f1o de carcasa dura que ofrece protecci\u00f3n adicional contra golpes y abrasiones y es ideal para la conducci\u00f3n todoterreno.<\/span> <\/p>\n<p><\/p>\n<p style=\"font-family: 'Open Sans', sans-serif;font-size: 14px;font-weight: 400;letter-spacing: normal;line-height: inherit;text-align: start;margin: 0px;margin-bottom: 0px;margin-top: 0px;margin-left: 0px;margin-right: 0px;padding: 0px;padding-bottom: 0px;padding-top: 0px;padding-left: 0px;padding-right: 0px\" align=\"start\"> <span><strong>- Adecuado para hombres y mujeres :<\/strong><\/span><span>Los guantes son adecuados tanto para hombres como para mujeres, lo que los convierte en una opci\u00f3n vers\u00e1til para cualquier motorista.<\/span> <\/p>\n<p><\/p>\n<\/p><\/div>\n<\/p><\/div>\n<p><strong><span style=\"font-size:14px;, sans-serif\">Descripci\u00f3n:<\/span><\/strong><span style=\"font-size:14px;, sans-serif\"><br \/>1. especialmente dise\u00f1ado con protecci\u00f3n de c\u00e1scara de goma suave, teniendo en cuenta la est\u00e9tica y la seguridad. Tejido de malla transpirable 3D dimensional, c\u00f3modo no es caliente.<br \/>2. dise\u00f1o de neopreno en relieve, la mano abrochada no es f\u00e1cil deslizarse. 3. Cuatro dedos de alto dise\u00f1o de malla transpirable y un bloque de goma se deslizan protecci\u00f3n completa.<br \/>3. ergon\u00f3mico, mano dimensional resistencia a las ca\u00eddas c\u00e1scara dura de protecci\u00f3n, espuma de absorci\u00f3n de choque tiene un mejor que el general p-efecto protector.<br \/>4. este guante proporciona a la palma el m\u00e1ximo grado de funci\u00f3n antideslizante y toda una gama de condiciones de agarre. El dise\u00f1o de las mu\u00f1ecas permite que los guantes se caigan con facilidad.<br \/>5. el exclusivo y pr\u00e1ctico dise\u00f1o con capacidad para dedos t\u00e1ctiles te permite utilizar los guantes en todos tus dispositivos con pantalla t\u00e1ctil. Se adapta perfectamente a tus manos y te permite utilizar tus tel\u00e9fonos sin quitarte los guantes.<br \/><\/span><strong><span style=\"font-size:14px;, sans-serif\">Especificaci\u00f3n:<\/span><\/strong><span style=\"font-size:14px;, sans-serif\"><br \/>Color: negro, azul, rojo<br \/>Materiales: Nylon + carcasa de goma blanda<br \/>Dorso de la mano: Tejidos transpirables resistentes al desgaste<br \/><\/span><strong><span style=\"font-size:14px;, sans-serif\">El paquete incluye:<\/span><\/strong><span style=\"font-size:14px;, sans-serif\"><br \/>1 par de guantes<\/span><\/p>\n<p><strong><span style=\"font-size:14px;, sans-serif\">Tama\u00f1o:<\/span><\/strong><\/p>\n<p><span style=\"font-size:14px;, sans-serif\">Tama\u00f1o libre<\/span><\/p>\n<p><span style=\"font-size:14px;, sans-serif\">Anchura de la palma: 7-9CPalma. Circunferencia: 18CM-23CM<\/span><\/p>\n<p><strong><span style=\"font-size:14px;, sans-serif\">Observaci\u00f3n:<\/span><\/strong><span style=\"font-size:14px;, sans-serif\"><br \/>(1) Todas las im\u00e1genes est\u00e1n coloreadas profesionalmente, pero debido a la diferente luz ambiental y a los diferentes ajustes del dispositivo de visualizaci\u00f3n, puede haber algunas diferencias entre las im\u00e1genes que ve y los propios art\u00edculos. Por favor, comprenda esto.<br \/>(2) Los datos se miden manualmente, y puede haber una desviaci\u00f3n, alrededor de 1-3cm de error.<\/span><\/p>\n<p><img decoding=\"async\" alt=\"Guantes de dedo completo moto hombres pantalla t\u00e1ctil al aire libre offroad deporte moto protecci\u00f3n anti-ca\u00edda moto dedo guantes-S093dba81ed7c4c5a8690e9a3b7a890cf3\" title=\"Guantes de dedo completo moto hombres pantalla t\u00e1ctil al aire libre offroad deporte moto protecci\u00f3n anti-ca\u00edda moto dedo guantes-S093dba81ed7c4c5a8690e9a3b7a890cf3\" src=\"https:\/\/ae01.alicdn.com\/kf\/S093dba81ed7c4c5a8690e9a3b7a890cf3.jpg\"><\/p>\n<p><img decoding=\"async\" alt=\"Guantes de dedo completo moto hombres pantalla t\u00e1ctil al aire libre offroad deporte moto protecci\u00f3n anti-ca\u00edda moto dedo guantes-S270804b1e1cd4a3eaf117f1f2dc9c63eB\" title=\"Guantes de dedo completo moto hombres pantalla t\u00e1ctil al aire libre offroad deporte moto protecci\u00f3n anti-ca\u00edda moto dedo guantes-S270804b1e1cd4a3eaf117f1f2dc9c63eB\" src=\"https:\/\/ae01.alicdn.com\/kf\/S270804b1e1cd4a3eaf117f1f2dc9c63eB.jpg\"><\/p>\n<p><img decoding=\"async\" alt=\"Guantes de dedo completo moto hombres pantalla t\u00e1ctil al aire libre offroad deporte moto protecci\u00f3n anti-ca\u00edda moto dedo guantes-S7ac4b803f6214bedad1047ef6535dce0W\" title=\"Guantes de dedo completo moto hombres pantalla t\u00e1ctil al aire libre offroad deporte moto protecci\u00f3n anti-ca\u00edda moto dedo guantes-S7ac4b803f6214bedad1047ef6535dce0W\" src=\"https:\/\/ae01.alicdn.com\/kf\/S7ac4b803f6214bedad1047ef6535dce0W.jpg\"><\/p>\n<p><img decoding=\"async\" alt=\"Guantes de dedo completo moto hombres pantalla t\u00e1ctil al aire libre offroad deporte moto protecci\u00f3n anti-ca\u00edda moto dedo guantes-S87cee3f50dd440d49ba0bfbaf0ec7094l\" title=\"Guantes de dedo completo moto hombres pantalla t\u00e1ctil al aire libre offroad deporte moto protecci\u00f3n anti-ca\u00edda moto dedo guantes-S87cee3f50dd440d49ba0bfbaf0ec7094l\" src=\"https:\/\/ae01.alicdn.com\/kf\/S87cee3f50dd440d49ba0bfbaf0ec7094l.jpg\"><\/p>\n<p><img decoding=\"async\" alt=\"Dedo completo moto guantes hombres pantalla t\u00e1ctil al aire libre offroad deporte moto protecci\u00f3n anti-ca\u00edda moto dedo guantes-S3984be2536674c4d824a4dbf0452997bI\" title=\"Dedo completo moto guantes hombres pantalla t\u00e1ctil al aire libre offroad deporte moto protecci\u00f3n anti-ca\u00edda moto dedo guantes-S3984be2536674c4d824a4dbf0452997bI\" src=\"https:\/\/ae01.alicdn.com\/kf\/S3984be2536674c4d824a4dbf0452997bI.jpg\"><img decoding=\"async\" alt=\"Guantes de dedo completo moto hombres pantalla t\u00e1ctil al aire libre offroad deporte moto protecci\u00f3n anti-ca\u00edda moto dedo guantes-Sc36cd5b0958942799235971560f1da24t\" title=\"Guantes de dedo completo moto hombres pantalla t\u00e1ctil al aire libre offroad deporte moto protecci\u00f3n anti-ca\u00edda moto dedo guantes-Sc36cd5b0958942799235971560f1da24t\" src=\"https:\/\/ae01.alicdn.com\/kf\/Sc36cd5b0958942799235971560f1da24t.jpg\"><img decoding=\"async\" alt=\"Dedo completo moto guantes hombres pantalla t\u00e1ctil al aire libre offroad deporte moto protecci\u00f3n anti-ca\u00edda moto dedo guantes-Sbcb0ae8b120746dfbcf644599b500ae6L\" title=\"Dedo completo moto guantes hombres pantalla t\u00e1ctil al aire libre offroad deporte moto protecci\u00f3n anti-ca\u00edda moto dedo guantes-Sbcb0ae8b120746dfbcf644599b500ae6L\" src=\"https:\/\/ae01.alicdn.com\/kf\/Sbcb0ae8b120746dfbcf644599b500ae6L.jpg\"><\/p>\n<p><img decoding=\"async\" alt=\"Guantes de dedo completo moto hombres pantalla t\u00e1ctil al aire libre offroad deporte moto protecci\u00f3n anti-ca\u00edda moto dedo guantes-S0e3168f9b44d495baf4a02059cc2c73ak\" title=\"Guantes de dedo completo moto hombres pantalla t\u00e1ctil al aire libre offroad deporte moto protecci\u00f3n anti-ca\u00edda moto dedo guantes-S0e3168f9b44d495baf4a02059cc2c73ak\" src=\"https:\/\/ae01.alicdn.com\/kf\/S0e3168f9b44d495baf4a02059cc2c73ak.jpg\"><\/p>\n<p><\/p>\n<p><img decoding=\"async\" alt=\"Guantes de dedo completo moto hombres pantalla t\u00e1ctil al aire libre offroad deporte moto protecci\u00f3n anti-ca\u00edda moto dedo guantes-See9de9b3a27f4408b86e71459c8818a5T\" title=\"Guantes de dedo completo moto hombres pantalla t\u00e1ctil al aire libre offroad deporte moto protecci\u00f3n anti-ca\u00edda moto dedo guantes-See9de9b3a27f4408b86e71459c8818a5T\" src=\"https:\/\/ae01.alicdn.com\/kf\/See9de9b3a27f4408b86e71459c8818a5T.jpg\"><img decoding=\"async\" alt=\"Guantes de dedo completo moto hombres pantalla t\u00e1ctil al aire libre offroad deporte moto protecci\u00f3n anti-ca\u00edda moto dedo guantes-Sb72ba183348c4756b018392cca184a9eL\" title=\"Guantes de dedo completo moto hombres pantalla t\u00e1ctil al aire libre offroad deporte moto protecci\u00f3n anti-ca\u00edda moto dedo guantes-Sb72ba183348c4756b018392cca184a9eL\" src=\"https:\/\/ae01.alicdn.com\/kf\/Sb72ba183348c4756b018392cca184a9eL.jpg\"><img decoding=\"async\" alt=\"Guantes de dedo completo moto hombres pantalla t\u00e1ctil al aire libre offroad deporte moto protecci\u00f3n anti-ca\u00edda moto dedo guantes-S471e734725bb4c7395cdb75f51c7bfc7m\" title=\"Guantes de dedo completo moto hombres pantalla t\u00e1ctil al aire libre offroad deporte moto protecci\u00f3n anti-ca\u00edda moto dedo guantes-S471e734725bb4c7395cdb75f51c7bfc7m\" src=\"https:\/\/ae01.alicdn.com\/kf\/S471e734725bb4c7395cdb75f51c7bfc7m.jpg\"><img decoding=\"async\" alt=\"Dedo completo moto guantes hombres pantalla t\u00e1ctil al aire libre offroad deporte moto protecci\u00f3n anti-ca\u00edda moto dedo guantes-S878d580d4206432f897842e993b42cdeC\" title=\"Dedo completo moto guantes hombres pantalla t\u00e1ctil al aire libre offroad deporte moto protecci\u00f3n anti-ca\u00edda moto dedo guantes-S878d580d4206432f897842e993b42cdeC\" src=\"https:\/\/ae01.alicdn.com\/kf\/S878d580d4206432f897842e993b42cdeC.jpg\"><\/p>\n<p><img decoding=\"async\" alt=\"Guantes de dedo completo moto hombres pantalla t\u00e1ctil al aire libre offroad deporte moto protecci\u00f3n anti-ca\u00edda moto dedo guantes-S8bfa1183333642fc90da028f0de8938dq\" title=\"Guantes de dedo completo moto hombres pantalla t\u00e1ctil al aire libre offroad deporte moto protecci\u00f3n anti-ca\u00edda moto dedo guantes-S8bfa1183333642fc90da028f0de8938dq\" src=\"https:\/\/ae01.alicdn.com\/kf\/S8bfa1183333642fc90da028f0de8938dq.jpg\"><\/p>\n<p><img decoding=\"async\" alt=\"Guantes de dedo completo moto hombres pantalla t\u00e1ctil al aire libre offroad deporte moto protecci\u00f3n anti-ca\u00edda moto dedo guantes-S67c6d53fa5e3454c832d9c91bd571c29N\" title=\"Guantes de dedo completo moto hombres pantalla t\u00e1ctil al aire libre offroad deporte moto protecci\u00f3n anti-ca\u00edda moto dedo guantes-S67c6d53fa5e3454c832d9c91bd571c29N\" src=\"https:\/\/ae01.alicdn.com\/kf\/S67c6d53fa5e3454c832d9c91bd571c29N.jpg\"><img decoding=\"async\" alt=\"Guantes de dedo completo moto hombres pantalla t\u00e1ctil al aire libre offroad deporte moto protecci\u00f3n anti-ca\u00edda moto dedo guantes-Sa4ba23ab1e074280b1ddf8f8d12af4c2J\" title=\"Guantes de dedo completo moto hombres pantalla t\u00e1ctil al aire libre offroad deporte moto protecci\u00f3n anti-ca\u00edda moto dedo guantes-Sa4ba23ab1e074280b1ddf8f8d12af4c2J\" src=\"https:\/\/ae01.alicdn.com\/kf\/Sa4ba23ab1e074280b1ddf8f8d12af4c2J.jpg\"><img decoding=\"async\" alt=\"Guantes de dedo completo moto hombres pantalla t\u00e1ctil al aire libre offroad deporte moto protecci\u00f3n anti-ca\u00edda moto dedo guantes-Sf3ca9bf51bc74a228fcc1a2e0e16f487o\" title=\"Guantes de dedo completo moto hombres pantalla t\u00e1ctil al aire libre offroad deporte moto protecci\u00f3n anti-ca\u00edda moto dedo guantes-Sf3ca9bf51bc74a228fcc1a2e0e16f487o\" src=\"https:\/\/ae01.alicdn.com\/kf\/Sf3ca9bf51bc74a228fcc1a2e0e16f487o.jpg\"><\/p>","protected":false},"excerpt":{"rendered":"<p>Origen: CN (Origen) - Material transpirable :Los guantes est\u00e1n hechos de material transpirable que permite que el aire circule, manteniendo las manos frescas y c\u00f3modas durante los viajes largos. - Protecci\u00f3n completa de los dedos :Los guantes ofrecen una protecci\u00f3n completa de los dedos y protegen las manos de ara\u00f1azos, cortes y otras lesiones durante la conducci\u00f3n. - Dise\u00f1o de c\u00e1scara dura :Los guantes tienen [...]<\/p>","protected":false},"featured_media":5527,"comment_status":"open","ping_status":"closed","template":"","meta":{"site-sidebar-layout":"default","site-content-layout":"","ast-site-content-layout":"default","site-content-style":"default","site-sidebar-style":"default","ast-global-header-display":"","ast-banner-title-visibility":"","ast-main-header-display":"","ast-hfb-above-header-display":"","ast-hfb-below-header-display":"","ast-hfb-mobile-header-display":"","site-post-title":"","ast-breadcrumbs-content":"","ast-featured-img":"","footer-sml-layout":"","theme-transparent-header-meta":"default","adv-header-id-meta":"","stick-header-meta":"default","header-above-stick-meta":"","header-main-stick-meta":"","header-below-stick-meta":"","astra-migrate-meta-layouts":"set","ast-page-background-enabled":"default","ast-page-background-meta":{"desktop":{"background-color":"","background-image":"","background-repeat":"repeat","background-position":"center center","background-size":"auto","background-attachment":"scroll","background-type":"","background-media":"","overlay-type":"","overlay-color":"","overlay-opacity":"","overlay-gradient":""},"tablet":{"background-color":"","background-image":"","background-repeat":"repeat","background-position":"center center","background-size":"auto","background-attachment":"scroll","background-type":"","background-media":"","overlay-type":"","overlay-color":"","overlay-opacity":"","overlay-gradient":""},"mobile":{"background-color":"","background-image":"","background-repeat":"repeat","background-position":"center center","background-size":"auto","background-attachment":"scroll","background-type":"","background-media":"","overlay-type":"","overlay-color":"","overlay-opacity":"","overlay-gradient":""}},"ast-content-background-meta":{"desktop":{"background-color":"var(--ast-global-color-5)","background-image":"","background-repeat":"repeat","background-position":"center center","background-size":"auto","background-attachment":"scroll","background-type":"","background-media":"","overlay-type":"","overlay-color":"","overlay-opacity":"","overlay-gradient":""},"tablet":{"background-color":"var(--ast-global-color-5)","background-image":"","background-repeat":"repeat","background-position":"center center","background-size":"auto","background-attachment":"scroll","background-type":"","background-media":"","overlay-type":"","overlay-color":"","overlay-opacity":"","overlay-gradient":""},"mobile":{"background-color":"var(--ast-global-color-5)","background-image":"","background-repeat":"repeat","background-position":"center center","background-size":"auto","background-attachment":"scroll","background-type":"","background-media":"","overlay-type":"","overlay-color":"","overlay-opacity":"","overlay-gradient":""}}},"product_brand":[],"product_cat":[15],"product_tag":[],"class_list":{"0":"post-5526","1":"product","2":"type-product","3":"status-publish","4":"has-post-thumbnail","6":"product_cat-handschuhe","7":"desktop-align-center","8":"tablet-align-center","9":"mobile-align-center","10":"ast-product-gallery-layout-horizontal-slider","11":"ast-product-single-variable","12":"ast-product-tabs-layout-horizontal","13":"ast-qv-on-image","15":"first","16":"instock","17":"shipping-taxable","18":"purchasable","19":"product-type-variable"},"tiered_pricing_type":"fixed","tiered_pricing_fixed_rules":[],"tiered_pricing_product_settings":{"layout":"default","base_unit_name":{"singular":null,"plural":null},"default_variation":null},"tiered_pricing_minimum_quantity":null,"tiered_pricing_roles_data":[],"tiered_pricing_percentage_rules":[],"_links":{"self":[{"href":"https:\/\/www.lifecitypro.com\/es\/wp-json\/wp\/v2\/product\/5526","targetHints":{"allow":["GET"]}}],"collection":[{"href":"https:\/\/www.lifecitypro.com\/es\/wp-json\/wp\/v2\/product"}],"about":[{"href":"https:\/\/www.lifecitypro.com\/es\/wp-json\/wp\/v2\/types\/product"}],"replies":[{"embeddable":true,"href":"https:\/\/www.lifecitypro.com\/es\/wp-json\/wp\/v2\/comments?post=5526"}],"version-history":[{"count":0,"href":"https:\/\/www.lifecitypro.com\/es\/wp-json\/wp\/v2\/product\/5526\/revisions"}],"wp:featuredmedia":[{"embeddable":true,"href":"https:\/\/www.lifecitypro.com\/es\/wp-json\/wp\/v2\/media\/5527"}],"wp:attachment":[{"href":"https:\/\/www.lifecitypro.com\/es\/wp-json\/wp\/v2\/media?parent=5526"}],"wp:term":[{"taxonomy":"product_brand","embeddable":true,"href":"https:\/\/www.lifecitypro.com\/es\/wp-json\/wp\/v2\/product_brand?post=5526"},{"taxonomy":"product_cat","embeddable":true,"href":"https:\/\/www.lifecitypro.com\/es\/wp-json\/wp\/v2\/product_cat?post=5526"},{"taxonomy":"product_tag","embeddable":true,"href":"https:\/\/www.lifecitypro.com\/es\/wp-json\/wp\/v2\/product_tag?post=5526"}],"curies":[{"name":"wp","href":"https:\/\/api.w.org\/{rel}","templated":true}]}}