{"id":5506,"date":"2024-02-18T11:20:28","date_gmt":"2024-02-18T11:20:28","guid":{"rendered":"https:\/\/www.lifecitypro.com\/?post_type=product&#038;p=5506"},"modified":"2024-02-23T04:24:23","modified_gmt":"2024-02-23T04:24:23","slug":"20-50-100pcs-schwarze-nitril-handschuhe-verdickt-haltbare-haushalts-reinigungs-handschuhe-geschirrs-pul-handschuh-fur-gartenhaar-farbe-tattoos","status":"publish","type":"product","link":"https:\/\/www.lifecitypro.com\/es\/product\/20-50-100pcs-schwarze-nitril-handschuhe-verdickt-haltbare-haushalts-reinigungs-handschuhe-geschirrs-pul-handschuh-fur-gartenhaar-farbe-tattoos\/","title":{"rendered":"20\/50\/100pcs guantes de nitrilo negro engrosada duradera guantes de limpieza del hogar guantes de lavavajillas para el jard\u00edn de coloraci\u00f3n del cabello tatuajes"},"content":{"rendered":"<p>&nbsp;<\/p>\n<div class=\"product-specs-list-container\">\n<ul class=\"product-specs-list util-clearfix\">\n<li class=\"product-prop line-limit-length\"><span class=\"property-title\">Material:\u00a0<\/span><span class=\"property-desc line-limit-length\">Forro de l\u00e1tex suave<\/span><\/li>\n<li class=\"product-prop line-limit-length\"><span class=\"property-title\">Origen:\u00a0<\/span><span class=\"property-desc line-limit-length\">CN (origen)<\/span><\/li>\n<li class=\"product-prop line-limit-length\"><span class=\"property-title\">CN:\u00a0<\/span><span class=\"property-desc line-limit-length\">Zhejiang<\/span><\/li>\n<li class=\"product-prop line-limit-length\"><span class=\"property-title\">Guantes de nitrilo Color:\u00a0<\/span><span class=\"property-desc line-limit-length\">Guantes de nitrilo negro<\/span><\/li>\n<li class=\"product-prop line-limit-length\"><span class=\"property-title\">Guantes de nitrilo Talla:\u00a0<\/span><span class=\"property-desc line-limit-length\">S\/M\/L\/XL<\/span><\/li>\n<li class=\"product-prop line-limit-length\"><span class=\"property-title\">Guantes de nitrilo Cantidad:\u00a0<\/span><span class=\"property-desc line-limit-length\">20\/50\/100PCS<\/span><\/li>\n<\/ul>\n<\/div>\n<div class=\"detailmodule_html\">\n<div class=\"detail-desc-decorate-richtext\">\n<h2 class=\"FSPfUoK9\" style=\"border: 0px; margin: 0px; padding: 0px; vertical-align: baseline; font-weight: 600; font-size: 18px; , helvetica, arial, sans-serif;line-height: normal; font-style: normal; letter-spacing: normal; text-align: start; text-indent: 0px; text-transform: none;\"><span id=\"tl_1\" style=\"font-size: 24px;\">detalles<\/span><\/h2>\n<div style=\"border: 0px; margin: 0px 0px 16px; padding: 0px; align-items: center; font-size: 14px; line-height: 20px; , helvetica, arial, sans-serif;font-style: normal; font-weight: 400; letter-spacing: normal; text-align: start; text-indent: 0px; text-transform: none;\" role=\"button\" aria-label=\"Escena aplicable: Exterior,Cocina,Coche,Mascotas,Suelo\"><span id=\"tl_2\" style=\"font-size: 24px;\"><br \/>\nMultifuncional: se puede utilizar para cocinar, tatuar, limpiar el hogar, lavar la vajilla, te\u00f1ir el pelo, reparar coches y preparar alimentos.<\/span><\/div>\n<div style=\"border: 0px; margin: 0px 0px 10px; padding: 0px 0px 0px 12px; align-items: center; font-size: 14px; position: relative; line-height: 21px; , helvetica, arial, sans-serif;font-style: normal; font-weight: 400; letter-spacing: normal; text-align: start; text-indent: 0px; text-transform: none;\" role=\"button\" aria-label=\"1TP4Disponible en diferentes cantidades: 20, 50 \u00f3 100 unidades.\"><span id=\"tl_3\" style=\"font-size: 24px;\">Disponible en diferentes cantidades: elija entre 20, 50 o 100 piezas.<\/span><\/div>\n<div style=\"border: 0px; margin: 0px 0px 10px; padding: 0px 0px 0px 12px; align-items: center; font-size: 14px; position: relative; line-height: 21px; , helvetica, arial, sans-serif;font-style: normal; font-weight: 400; letter-spacing: normal; text-align: start; text-indent: 0px; text-transform: none;\" role=\"button\" aria-label=\"1TP4Material de alta calidad: fabricados con PVC, l\u00e1tex y material sint\u00e9tico de nitrilo, estos guantes no contienen aceite y son resistentes a los aceites.\"><span id=\"tl_4\" style=\"font-size: 24px;\">Impermeable: protege las manos para que no se mojen al fregar los platos o limpiar.<\/span><\/div>\n<div style=\"border: 0px; margin: 0px 0px 10px; padding: 0px 0px 0px 12px; align-items: center; font-size: 14px; position: relative; line-height: 21px; , helvetica, arial, sans-serif;font-style: normal; font-weight: 400; letter-spacing: normal; text-align: start; text-indent: 0px; text-transform: none;\" role=\"button\" aria-label=\"1TP4Desechable: F\u00e1cil de usar y desechar despu\u00e9s de su uso.\"><span id=\"tl_5\" style=\"font-size: 24px;\">Art\u00edculo desechable: f\u00e1cil de usar y desechar tras su uso.<\/span><\/div>\n<div style=\"border: 0px; margin: 0px 0px 10px; padding: 0px 0px 0px 12px; align-items: center; font-size: 14px; position: relative; line-height: 21px; , helvetica, arial, sans-serif;font-style: normal; font-weight: 400; letter-spacing: normal; text-align: start; text-indent: 0px; text-transform: none;\" role=\"button\" aria-label=\"$ Color negro: tiene un aspecto elegante y profesional a la vez que oculta las manchas y la suciedad.\"><span id=\"tl_6\" style=\"font-size: 24px;\">Color negro: tiene un aspecto elegante y profesional y oculta las manchas y la suciedad.<\/span><\/div>\n<div style=\"border: 0px; margin: 0px 0px 10px; padding: 0px 0px 0px 12px; align-items: center; font-size: 14px; position: relative; line-height: 21px; , helvetica, arial, sans-serif;font-style: normal; font-weight: 400; letter-spacing: normal; text-align: start; text-indent: 0px; text-transform: none;\" role=\"button\" aria-label=\"1TP4Adecuados para pieles sensibles: Fabricados con material no irritante, estos guantes son suaves con la piel sensible.\"><span id=\"tl_7\" style=\"font-size: 24px;\">Adecuados para pieles sensibles: fabricados con material no irritante, estos guantes son suaves con la piel sensible.<\/span><\/div>\n<div style=\"border: 0px; margin: 0px; padding: 0px 0px 0px 12px; align-items: center; font-size: 14px; position: relative; line-height: 21px; , helvetica, arial, sans-serif;font-style: normal; font-weight: 400; letter-spacing: normal; text-align: start; text-indent: 0px; text-transform: none;\" role=\"button\" aria-label=\"1TP4F\u00e1cil de llevar: el dise\u00f1o Slip-on garantiza un uso f\u00e1cil y r\u00e1pido.\"><\/div>\n<p style=\"text-align: left; margin: 0;\"><img decoding=\"async\" title=\"20\/50\/100pcs guantes de nitrilo negro engrosada duradera guantes de limpieza del hogar guante de lavavajillas para el jard\u00edn de coloraci\u00f3n del cabello tatuajes-S0747dd942cfe42c0b408a5dbcf46a600O\" src=\"https:\/\/ae03.alicdn.com\/kf\/S0747dd942cfe42c0b408a5dbcf46a600O.jpg\" alt=\"20\/50\/100pcs guantes de nitrilo negro engrosada duradera guantes de limpieza del hogar guante de lavavajillas para el jard\u00edn de coloraci\u00f3n del cabello tatuajes-S0747dd942cfe42c0b408a5dbcf46a600O\" \/><img decoding=\"async\" title=\"20\/50\/100pcs guantes de nitrilo negro engrosada duradera guantes de limpieza del hogar guante de lavavajillas para el jard\u00edn de coloraci\u00f3n del cabello tatuajes-S08771856606c43fdb58a54cc8d343fe8D\" src=\"https:\/\/ae03.alicdn.com\/kf\/S08771856606c43fdb58a54cc8d343fe8D.jpg\" alt=\"20\/50\/100pcs guantes de nitrilo negro engrosada duradera guantes de limpieza del hogar guante de lavavajillas para el jard\u00edn de coloraci\u00f3n del cabello tatuajes-S08771856606c43fdb58a54cc8d343fe8D\" \/><img decoding=\"async\" title=\"20\/50\/100pcs guantes de nitrilo negro engrosada duradera guantes de limpieza del hogar guante de lavavajillas para el jard\u00edn de coloraci\u00f3n del cabello tatuajes-Sd32918d23cfb41bf901db59c0a18bd4aB\" src=\"https:\/\/ae03.alicdn.com\/kf\/Sd32918d23cfb41bf901db59c0a18bd4aB.jpg\" alt=\"20\/50\/100pcs guantes de nitrilo negro engrosada duradera guantes de limpieza del hogar guante de lavavajillas para el jard\u00edn de coloraci\u00f3n del cabello tatuajes-Sd32918d23cfb41bf901db59c0a18bd4aB\" \/><img decoding=\"async\" title=\"20\/50\/100pcs guantes de nitrilo negro engrosada guantes de limpieza del hogar duradera guante de lavavajillas para el jard\u00edn de coloraci\u00f3n del cabello tatuajes-S9dfeb22aa29d417996d7b44471ea29a4z\" src=\"https:\/\/ae03.alicdn.com\/kf\/S9dfeb22aa29d417996d7b44471ea29a4z.jpg\" alt=\"20\/50\/100pcs guantes de nitrilo negro engrosada guantes de limpieza del hogar duradera guante de lavavajillas para el jard\u00edn de coloraci\u00f3n del cabello tatuajes-S9dfeb22aa29d417996d7b44471ea29a4z\" \/><img decoding=\"async\" title=\"20\/50\/100pcs guantes de nitrilo negro engrosada duradera guantes de limpieza del hogar guante de lavavajillas para el jard\u00edn de coloraci\u00f3n del cabello tatuajes-S24f4726b62ff43cbace734518eab9d3c2\" src=\"https:\/\/ae03.alicdn.com\/kf\/S24f4726b62ff43cbace734518eab9d3c2.jpg\" alt=\"20\/50\/100pcs guantes de nitrilo negro engrosada duradera guantes de limpieza del hogar guante de lavavajillas para el jard\u00edn de coloraci\u00f3n del cabello tatuajes-S24f4726b62ff43cbace734518eab9d3c2\" \/><img decoding=\"async\" title=\"20\/50\/100pcs guantes de nitrilo negro engrosada duradera guantes de limpieza del hogar guante de lavavajillas para el jard\u00edn de coloraci\u00f3n del cabello tatuajes-S3c4d5e399429491ba405f1d9b0016ffcp\" src=\"https:\/\/ae03.alicdn.com\/kf\/S3c4d5e399429491ba405f1d9b0016ffcp.jpg\" alt=\"20\/50\/100pcs guantes de nitrilo negro engrosada duradera guantes de limpieza del hogar guante de lavavajillas para el jard\u00edn de coloraci\u00f3n del cabello tatuajes-S3c4d5e399429491ba405f1d9b0016ffcp\" \/><img decoding=\"async\" title=\"20\/50\/100pcs guantes de nitrilo negro engrosada duradera guantes de limpieza del hogar guante de lavavajillas para el jard\u00edn de coloraci\u00f3n del cabello tatuajes-S75974b7d2634432f8f41987a8f50516bZ\" src=\"https:\/\/ae03.alicdn.com\/kf\/S75974b7d2634432f8f41987a8f50516bZ.jpg\" alt=\"20\/50\/100pcs guantes de nitrilo negro engrosada duradera guantes de limpieza del hogar guante de lavavajillas para el jard\u00edn de coloraci\u00f3n del cabello tatuajes-S75974b7d2634432f8f41987a8f50516bZ\" \/><img decoding=\"async\" title=\"20\/50\/100pcs guantes de nitrilo negro engrosada duradera guantes de limpieza del hogar guante de lavavajillas para el jard\u00edn de coloraci\u00f3n del cabello tatuajes-S285015433f354b8288e20f04a8cdc9dd7\" src=\"https:\/\/ae03.alicdn.com\/kf\/S285015433f354b8288e20f04a8cdc9dd7.jpg\" alt=\"20\/50\/100pcs guantes de nitrilo negro engrosada duradera guantes de limpieza del hogar guante de lavavajillas para el jard\u00edn de coloraci\u00f3n del cabello tatuajes-S285015433f354b8288e20f04a8cdc9dd7\" \/><\/p>\n<\/div>\n<\/div>","protected":false},"excerpt":{"rendered":"<p>&nbsp; Material: L\u00e1tex de forro liso Origen: CN (Origen) CN: Zhejiang Guantes de nitrilo Color: Negro Guantes de nitrilo Guantes de nitrilo Talla: S\/M\/L\/XL Guantes de nitrilo Cantidad: 20\/50\/100PCS Detalles Multifuncional: se puede utilizar para la cocina, el tatuaje, la limpieza del hogar, el lavado de vajilla, el te\u00f1ido del cabello, la reparaci\u00f3n de autom\u00f3viles y la preparaci\u00f3n de alimentos. Disponibles en diferentes cantidades: elija entre 20, 50 o 100 piezas. Impermeable: protege sus manos de mojarse cuando [...]<\/p>","protected":false},"featured_media":5508,"comment_status":"open","ping_status":"closed","template":"","meta":{"site-sidebar-layout":"default","site-content-layout":"","ast-site-content-layout":"default","site-content-style":"default","site-sidebar-style":"default","ast-global-header-display":"","ast-banner-title-visibility":"","ast-main-header-display":"","ast-hfb-above-header-display":"","ast-hfb-below-header-display":"","ast-hfb-mobile-header-display":"","site-post-title":"","ast-breadcrumbs-content":"","ast-featured-img":"","footer-sml-layout":"","ast-disable-related-posts":"","theme-transparent-header-meta":"default","adv-header-id-meta":"","stick-header-meta":"default","header-above-stick-meta":"","header-main-stick-meta":"","header-below-stick-meta":"","astra-migrate-meta-layouts":"set","ast-page-background-enabled":"default","ast-page-background-meta":{"desktop":{"background-color":"","background-image":"","background-repeat":"repeat","background-position":"center center","background-size":"auto","background-attachment":"scroll","background-type":"","background-media":"","overlay-type":"","overlay-color":"","overlay-opacity":"","overlay-gradient":""},"tablet":{"background-color":"","background-image":"","background-repeat":"repeat","background-position":"center center","background-size":"auto","background-attachment":"scroll","background-type":"","background-media":"","overlay-type":"","overlay-color":"","overlay-opacity":"","overlay-gradient":""},"mobile":{"background-color":"","background-image":"","background-repeat":"repeat","background-position":"center center","background-size":"auto","background-attachment":"scroll","background-type":"","background-media":"","overlay-type":"","overlay-color":"","overlay-opacity":"","overlay-gradient":""}},"ast-content-background-meta":{"desktop":{"background-color":"var(--ast-global-color-4)","background-image":"","background-repeat":"repeat","background-position":"center center","background-size":"auto","background-attachment":"scroll","background-type":"","background-media":"","overlay-type":"","overlay-color":"","overlay-opacity":"","overlay-gradient":""},"tablet":{"background-color":"var(--ast-global-color-4)","background-image":"","background-repeat":"repeat","background-position":"center center","background-size":"auto","background-attachment":"scroll","background-type":"","background-media":"","overlay-type":"","overlay-color":"","overlay-opacity":"","overlay-gradient":""},"mobile":{"background-color":"var(--ast-global-color-4)","background-image":"","background-repeat":"repeat","background-position":"center center","background-size":"auto","background-attachment":"scroll","background-type":"","background-media":"","overlay-type":"","overlay-color":"","overlay-opacity":"","overlay-gradient":""}}},"product_brand":[],"product_cat":[15],"product_tag":[],"class_list":{"0":"post-5506","1":"product","2":"type-product","3":"status-publish","4":"has-post-thumbnail","6":"product_cat-handschuhe","7":"desktop-align-center","8":"tablet-align-center","9":"mobile-align-center","10":"ast-product-gallery-layout-horizontal-slider","11":"ast-product-single-variable","12":"ast-product-tabs-layout-horizontal","13":"ast-qv-on-image","15":"first","16":"instock","17":"shipping-taxable","18":"purchasable","19":"product-type-variable"},"tiered_pricing_type":"fixed","tiered_pricing_fixed_rules":[],"tiered_pricing_product_settings":{"layout":"default","base_unit_name":{"singular":null,"plural":null},"default_variation":null},"tiered_pricing_minimum_quantity":null,"tiered_pricing_roles_data":[],"tiered_pricing_percentage_rules":[],"_links":{"self":[{"href":"https:\/\/www.lifecitypro.com\/es\/wp-json\/wp\/v2\/product\/5506","targetHints":{"allow":["GET"]}}],"collection":[{"href":"https:\/\/www.lifecitypro.com\/es\/wp-json\/wp\/v2\/product"}],"about":[{"href":"https:\/\/www.lifecitypro.com\/es\/wp-json\/wp\/v2\/types\/product"}],"replies":[{"embeddable":true,"href":"https:\/\/www.lifecitypro.com\/es\/wp-json\/wp\/v2\/comments?post=5506"}],"version-history":[{"count":0,"href":"https:\/\/www.lifecitypro.com\/es\/wp-json\/wp\/v2\/product\/5506\/revisions"}],"wp:featuredmedia":[{"embeddable":true,"href":"https:\/\/www.lifecitypro.com\/es\/wp-json\/wp\/v2\/media\/5508"}],"wp:attachment":[{"href":"https:\/\/www.lifecitypro.com\/es\/wp-json\/wp\/v2\/media?parent=5506"}],"wp:term":[{"taxonomy":"product_brand","embeddable":true,"href":"https:\/\/www.lifecitypro.com\/es\/wp-json\/wp\/v2\/product_brand?post=5506"},{"taxonomy":"product_cat","embeddable":true,"href":"https:\/\/www.lifecitypro.com\/es\/wp-json\/wp\/v2\/product_cat?post=5506"},{"taxonomy":"product_tag","embeddable":true,"href":"https:\/\/www.lifecitypro.com\/es\/wp-json\/wp\/v2\/product_tag?post=5506"}],"curies":[{"name":"wp","href":"https:\/\/api.w.org\/{rel}","templated":true}]}}