{"id":96,"date":"2018-06-18T06:57:57","date_gmt":"2018-06-18T06:57:57","guid":{"rendered":"https:\/\/www.lifecitypro.com\/about\/"},"modified":"2024-07-01T14:28:16","modified_gmt":"2024-07-01T14:28:16","slug":"about","status":"publish","type":"page","link":"https:\/\/www.lifecitypro.com\/es\/about\/","title":{"rendered":"Acerca de LifeCityPro"},"content":{"rendered":"<div data-elementor-type=\"wp-post\" data-elementor-id=\"96\" class=\"elementor elementor-96\">\n\t\t\t\t<div class=\"elementor-element elementor-element-dfdc5a6 e-flex e-con-boxed e-con e-parent\" data-id=\"dfdc5a6\" data-element_type=\"container\" data-e-type=\"container\" data-settings=\"{&quot;background_background&quot;:&quot;classic&quot;}\">\n\t\t\t\t\t<div class=\"e-con-inner\">\n\t\t<div class=\"elementor-element elementor-element-1eaf493 e-con-full e-flex e-con e-child\" data-id=\"1eaf493\" data-element_type=\"container\" data-e-type=\"container\">\n\t\t\t\t<div class=\"elementor-element elementor-element-2ea6a7d elementor-widget elementor-widget-heading\" data-id=\"2ea6a7d\" data-element_type=\"widget\" data-e-type=\"widget\" data-widget_type=\"heading.default\">\n\t\t\t\t<div class=\"elementor-widget-container\">\n\t\t\t\t\t<h1 class=\"elementor-heading-title elementor-size-default\">Qui\u00e9nes somos<\/h1>\t\t\t\t<\/div>\n\t\t\t\t<\/div>\n\t\t\t\t<\/div>\n\t\t\t\t\t<\/div>\n\t\t\t\t<\/div>\n\t\t<div class=\"elementor-element elementor-element-6578245 e-flex e-con-boxed e-con e-parent\" data-id=\"6578245\" data-element_type=\"container\" data-e-type=\"container\">\n\t\t\t\t\t<div class=\"e-con-inner\">\n\t\t<div class=\"elementor-element elementor-element-625da73 e-con-full e-flex e-con e-child\" data-id=\"625da73\" data-element_type=\"container\" data-e-type=\"container\">\n\t\t\t\t<div class=\"elementor-element elementor-element-d62b39a elementor-widget elementor-widget-image\" data-id=\"d62b39a\" data-element_type=\"widget\" data-e-type=\"widget\" data-widget_type=\"image.default\">\n\t\t\t\t<div class=\"elementor-widget-container\">\n\t\t\t\t\t\t\t\t\t\t\t\t\t\t\t<img decoding=\"async\" width=\"209\" height=\"90\" src=\"https:\/\/www.lifecitypro.com\/wp-content\/uploads\/2021\/03\/basil-leaf.png\" class=\"attachment-full size-full wp-image-4204\" alt=\"Hoja de albahaca casera\" \/>\t\t\t\t\t\t\t\t\t\t\t\t\t\t\t<\/div>\n\t\t\t\t<\/div>\n\t\t\t\t<\/div>\n\t\t\t\t\t<\/div>\n\t\t\t\t<\/div>\n\t\t<div class=\"elementor-element elementor-element-748980c e-flex e-con-boxed e-con e-parent\" data-id=\"748980c\" data-element_type=\"container\" data-e-type=\"container\">\n\t\t\t\t\t<div class=\"e-con-inner\">\n\t\t<div class=\"elementor-element elementor-element-9945606 e-con-full e-flex e-con e-child\" data-id=\"9945606\" data-element_type=\"container\" data-e-type=\"container\">\n\t\t\t\t<div class=\"elementor-element elementor-element-fe4d709 elementor-widget elementor-widget-text-editor\" data-id=\"fe4d709\" data-element_type=\"widget\" data-e-type=\"widget\" data-widget_type=\"text-editor.default\">\n\t\t\t\t<div class=\"elementor-widget-container\">\n\t\t\t\t\t\t\t\t\tOfrecemos ofertas personalizadas y al por mayor de una gran variedad de art\u00edculos de primera necesidad para satisfacer al m\u00e1ximo sus necesidades.<br><br>\n\nEmpresa: Shenzhen Jinruijie Comercio Electr\u00f3nico Co., Ltd.<br><br>\n\nNuestro correo electr\u00f3nico: <a href=\"mailto:lifecitypro@outlook.com\" rel=\"nofollow\">lifecitypro@outlook.com<\/a>\t\t\t\t\t\t\t\t<\/div>\n\t\t\t\t<\/div>\n\t\t\t\t<div class=\"elementor-element elementor-element-2c7a0f8 elementor-widget elementor-widget-image-box\" data-id=\"2c7a0f8\" data-element_type=\"widget\" data-e-type=\"widget\" data-widget_type=\"image-box.default\">\n\t\t\t\t<div class=\"elementor-widget-container\">\n\t\t\t\t\t<div class=\"elementor-image-box-wrapper\"><div class=\"elementor-image-box-content\"><h2 class=\"elementor-image-box-title\">Somos su tienda favorita.<\/h2><p class=\"elementor-image-box-description\">Bienvenido a lifecitypro.com, su destino \u00fanico para comprar productos b\u00e1sicos de uso diario y mucho m\u00e1s. Somos una plataforma l\u00edder de comercio electr\u00f3nico con sede en Europa que tiene como objetivo ofrecerte una experiencia de compra fluida con una amplia gama de productos para satisfacer tus necesidades diarias.<br><br>\n\n<h3>nuestra tarea<\/h3>\n\nEn lifecitypro.com, nuestra misi\u00f3n es simplificarle la vida ofreci\u00e9ndole una amplia selecci\u00f3n de productos esenciales para el d\u00eda a d\u00eda cuidadosamente seleccionados. Somos conscientes de la importancia de la comodidad y la calidad, y nos esforzamos por ofrecerte los mejores productos en todas las categor\u00edas, desde art\u00edculos para el hogar hasta productos de cuidado personal.<br><br>\n\n<h3>Nuestra ventaja<\/h3>\n\nAmplia gama de productos: Consulte nuestro extenso cat\u00e1logo de productos, que incluye una amplia gama de productos de diversas categor\u00edas, como art\u00edculos para el hogar, cuidado personal, electr\u00f3nica y mucho m\u00e1s. Necesite lo que necesite, lo tenemos.<br><br>\nGarant\u00eda de calidad: Nos comprometemos a ofrecer productos de la m\u00e1xima calidad. Nuestro equipo selecciona y prueba cuidadosamente cada producto para garantizar que cumple nuestros rigurosos est\u00e1ndares, para que pueda estar tranquilo con cada compra.<br><br>\nComodidad al alcance de su mano: Disfrute de la comodidad de comprar en l\u00ednea con nuestra interfaz f\u00e1cil de usar. Navegue f\u00e1cilmente por las categor\u00edas, encuentre lo que busca y disfrute de un proceso de compra sin complicaciones desde la comodidad de su hogar.<br><br>\n\nEnv\u00edos r\u00e1pidos y fiables: Su tiempo es valioso y nosotros lo sabemos. Nuestro servicio de entrega r\u00e1pido y fiable garantiza que sus art\u00edculos m\u00e1s importantes lleguen a tiempo.<br><br>\n\n<h3>Nuestra promesa<\/h3>\n\nEnfoque centrado en el cliente: su satisfacci\u00f3n es nuestra m\u00e1xima prioridad. Nuestro equipo de atenci\u00f3n al cliente est\u00e1 a su disposici\u00f3n para responder a cualquier pregunta o duda que pueda tener o para proporcionarle asistencia si la necesita.<br><br>\nTransacciones seguras: Compre con confianza y sepa que sus transacciones son seguras. Damos gran importancia a la privacidad y seguridad de sus datos personales.<br><br>\nMejora continua: nos esforzamos por satisfacer sus necesidades. Sus comentarios son muy valiosos y pueden ayudarnos a mejorar continuamente nuestros servicios y ofrecerle mejores prestaciones.<br><br>\n\n<h3>\u00danete a la comunidad lifecitypro<\/h3>\n\n\u00a1Forme parte de la familia lifecitypro.com! S\u00edguenos en las redes sociales, suscr\u00edbete a nuestro bolet\u00edn y \u00fanete a una comunidad que comparte tu pasi\u00f3n por el confort y la calidad.<br><br>\n\nGracias por elegir lifecitypro.com como su socio de comercio electr\u00f3nico de confianza. Esperamos formar parte de tu d\u00eda a d\u00eda y hacer que comprar sea un placer y la vida m\u00e1s agradable. \u00a1Feliz compra!<\/p><\/div><\/div>\t\t\t\t<\/div>\n\t\t\t\t<\/div>\n\t\t\t\t<\/div>\n\t\t<div class=\"elementor-element elementor-element-f499284 e-con-full e-flex e-con e-child\" data-id=\"f499284\" data-element_type=\"container\" data-e-type=\"container\">\n\t\t\t\t<div class=\"elementor-element elementor-element-12d7e03 elementor-widget elementor-widget-image\" data-id=\"12d7e03\" data-element_type=\"widget\" data-e-type=\"widget\" data-widget_type=\"image.default\">\n\t\t\t\t<div class=\"elementor-widget-container\">\n\t\t\t\t\t\t\t\t\t\t\t\t\t\t\t<img fetchpriority=\"high\" decoding=\"async\" width=\"640\" height=\"640\" src=\"https:\/\/ae01.alicdn.com\/kf\/S1e6c84c5d4fb4f768619b365f9d32471e\/Verl-ngerte-verdickte-Fleece-Haushalts-handschuhe-K-che-Geschirrs-p-l-kleidung-Waschen-wasserdichten-Frostschutz-mittel.png_640x640.png_640x640.png\" class=\"attachment-large size-large wp-image-5631\" alt=\"Elongated thickened fleece household gloves kitchen dishwashing clothes washing waterproof antifreeze medium wear resistant plastic elongated thickened fleece household gloves kitchen dishwashing clothes washing waterproof antifreeze medium.png 640x640\" srcset=\"https:\/\/ae01.alicdn.com\/kf\/S1e6c84c5d4fb4f768619b365f9d32471e\/Verl-ngerte-verdickte-Fleece-Haushalts-handschuhe-K-che-Geschirrs-p-l-kleidung-Waschen-wasserdichten-Frostschutz-mittel.png_640x640.png 640w, https:\/\/ae01.alicdn.com\/kf\/S1e6c84c5d4fb4f768619b365f9d32471e\/Verl-ngerte-verdickte-Fleece-Haushalts-handschuhe-K-che-Geschirrs-p-l-kleidung-Waschen-wasserdichten-Frostschutz-mittel.png_640x640.png_200x200.png 200w, https:\/\/ae01.alicdn.com\/kf\/S1e6c84c5d4fb4f768619b365f9d32471e\/Verl-ngerte-verdickte-Fleece-Haushalts-handschuhe-K-che-Geschirrs-p-l-kleidung-Waschen-wasserdichten-Frostschutz-mittel.png_640x640.png_350x350.png 350w, https:\/\/ae01.alicdn.com\/kf\/S1e6c84c5d4fb4f768619b365f9d32471e\/Verl-ngerte-verdickte-Fleece-Haushalts-handschuhe-K-che-Geschirrs-p-l-kleidung-Waschen-wasserdichten-Frostschutz-mittel.png_640x640.png_100x100.png 100w\" sizes=\"(max-width: 640px) 100vw, 640px\" \/>\t\t\t\t\t\t\t\t\t\t\t\t\t\t\t<\/div>\n\t\t\t\t<\/div>\n\t\t\t\t<div class=\"elementor-element elementor-element-faeb515 elementor-widget elementor-widget-image\" data-id=\"faeb515\" data-element_type=\"widget\" data-e-type=\"widget\" data-widget_type=\"image.default\">\n\t\t\t\t<div class=\"elementor-widget-container\">\n\t\t\t\t\t\t\t\t\t\t\t\t\t\t\t<img decoding=\"async\" width=\"790\" height=\"872\" src=\"https:\/\/ae01.alicdn.com\/kf\/S4d1a5442a994429ca758efcdb9b2c012b\/Verl-ngerte-verdickte-Fleece-Haushalts-handschuhe-K-che-Geschirrs-p-l-kleidung-Waschen-wasserdichten-Frostschutz-mittel.png\" class=\"attachment-large size-large wp-image-5534\" alt=\"Guantes de vell\u00f3n grueso para el hogar guantes de vell\u00f3n grueso para el hogar guantes de vell\u00f3n grueso para el hogar guantes de vell\u00f3n grueso para el hogar guantes de vell\u00f3n grueso para el hogar guantes de vell\u00f3n grueso para el hogar guantes de vell\u00f3n grueso para el hogar\" \/>\t\t\t\t\t\t\t\t\t\t\t\t\t\t\t<\/div>\n\t\t\t\t<\/div>\n\t\t\t\t<div class=\"elementor-element elementor-element-45b61a1 elementor-widget elementor-widget-image\" data-id=\"45b61a1\" data-element_type=\"widget\" data-e-type=\"widget\" data-widget_type=\"image.default\">\n\t\t\t\t<div class=\"elementor-widget-container\">\n\t\t\t\t\t\t\t\t\t\t\t\t\t\t\t<img loading=\"lazy\" decoding=\"async\" width=\"640\" height=\"640\" src=\"https:\/\/ae01.alicdn.com\/kf\/Se64860d0ae364440af0578bed8c2dd46l\/Winter-wasserdichte-Herren-handschuhe-Touchscreen-wind-dichte-Sport-fischerei-fahren-Motorrad-Ski-rutsch-feste-warme-Fahrrad.jpg_640x640.jpg_640x640.jpg\" class=\"attachment-large size-large wp-image-5659\" alt=\"invierno impermeable hombres guantes de pantalla t\u00e1ctil a prueba de viento deporte pesca conducci\u00f3n moto esqu\u00ed antideslizante bicicleta caliente mujeres guantes-invierno impermeable hombres guantes de pantalla t\u00e1ctil a prueba de viento deporte pesca conducci\u00f3n moto esqu\u00ed antideslizante bicicleta caliente.jpg 640x640\" srcset=\"https:\/\/ae01.alicdn.com\/kf\/Se64860d0ae364440af0578bed8c2dd46l\/Winter-wasserdichte-Herren-handschuhe-Touchscreen-wind-dichte-Sport-fischerei-fahren-Motorrad-Ski-rutsch-feste-warme-Fahrrad.jpg_640x640.jpg 640w, https:\/\/ae01.alicdn.com\/kf\/Se64860d0ae364440af0578bed8c2dd46l\/Winter-wasserdichte-Herren-handschuhe-Touchscreen-wind-dichte-Sport-fischerei-fahren-Motorrad-Ski-rutsch-feste-warme-Fahrrad.jpg_640x640.jpg_200x200.jpg 200w, https:\/\/ae01.alicdn.com\/kf\/Se64860d0ae364440af0578bed8c2dd46l\/Winter-wasserdichte-Herren-handschuhe-Touchscreen-wind-dichte-Sport-fischerei-fahren-Motorrad-Ski-rutsch-feste-warme-Fahrrad.jpg_640x640.jpg_350x350.jpg 350w, https:\/\/ae01.alicdn.com\/kf\/Se64860d0ae364440af0578bed8c2dd46l\/Winter-wasserdichte-Herren-handschuhe-Touchscreen-wind-dichte-Sport-fischerei-fahren-Motorrad-Ski-rutsch-feste-warme-Fahrrad.jpg_640x640.jpg_100x100.jpg 100w\" sizes=\"(max-width: 640px) 100vw, 640px\" \/>\t\t\t\t\t\t\t\t\t\t\t\t\t\t\t<\/div>\n\t\t\t\t<\/div>\n\t\t\t\t<\/div>\n\t\t\t\t\t<\/div>\n\t\t\t\t<\/div>\n\t\t<div class=\"elementor-element elementor-element-ca03802 e-flex e-con-boxed e-con e-parent\" data-id=\"ca03802\" data-element_type=\"container\" data-e-type=\"container\" data-settings=\"{&quot;background_background&quot;:&quot;classic&quot;}\">\n\t\t\t\t\t<div class=\"e-con-inner\">\n\t\t<div class=\"elementor-element elementor-element-0d4186e e-con-full e-flex e-con e-child\" data-id=\"0d4186e\" data-element_type=\"container\" data-e-type=\"container\">\n\t\t\t\t<div class=\"elementor-element elementor-element-487df91 elementor-widget elementor-widget-heading\" data-id=\"487df91\" data-element_type=\"widget\" data-e-type=\"widget\" data-widget_type=\"heading.default\">\n\t\t\t\t<div class=\"elementor-widget-container\">\n\t\t\t\t\t<h4 class=\"elementor-heading-title elementor-size-default\">Productos de alta calidad<\/h4>\t\t\t\t<\/div>\n\t\t\t\t<\/div>\n\t\t\t\t<\/div>\n\t\t<div class=\"elementor-element elementor-element-ee6f4f5 e-con-full e-flex e-con e-child\" data-id=\"ee6f4f5\" data-element_type=\"container\" data-e-type=\"container\">\n\t\t\t\t<div class=\"elementor-element elementor-element-877f9c4 elementor-widget elementor-widget-counter\" data-id=\"877f9c4\" data-element_type=\"widget\" data-e-type=\"widget\" data-widget_type=\"counter.default\">\n\t\t\t\t<div class=\"elementor-widget-container\">\n\t\t\t\t\t\t\t<div class=\"elementor-counter\">\n\t\t\t<div class=\"elementor-counter-title\">ENV\u00cdO GRATUITO<\/div>\t\t\t<div class=\"elementor-counter-number-wrapper\">\n\t\t\t\t<span class=\"elementor-counter-number-prefix\"><\/span>\n\t\t\t\t<span class=\"elementor-counter-number\" data-duration=\"2000\" data-to-value=\"100\" data-from-value=\"10\" data-delimiter=\",\">10<\/span>\n\t\t\t\t<span class=\"elementor-counter-number-suffix\">+<\/span>\n\t\t\t<\/div>\n\t\t<\/div>\n\t\t\t\t\t\t<\/div>\n\t\t\t\t<\/div>\n\t\t\t\t<\/div>\n\t\t<div class=\"elementor-element elementor-element-401c905 e-con-full e-flex e-con e-child\" data-id=\"401c905\" data-element_type=\"container\" data-e-type=\"container\">\n\t\t\t\t<div class=\"elementor-element elementor-element-5f36df3 elementor-widget elementor-widget-counter\" data-id=\"5f36df3\" data-element_type=\"widget\" data-e-type=\"widget\" data-widget_type=\"counter.default\">\n\t\t\t\t<div class=\"elementor-widget-container\">\n\t\t\t\t\t\t\t<div class=\"elementor-counter\">\n\t\t\t<div class=\"elementor-counter-title\">PAGO ONLINE<\/div>\t\t\t<div class=\"elementor-counter-number-wrapper\">\n\t\t\t\t<span class=\"elementor-counter-number-prefix\"><\/span>\n\t\t\t\t<span class=\"elementor-counter-number\" data-duration=\"2000\" data-to-value=\"100\" data-from-value=\"10\" data-delimiter=\",\">10<\/span>\n\t\t\t\t<span class=\"elementor-counter-number-suffix\">+<\/span>\n\t\t\t<\/div>\n\t\t<\/div>\n\t\t\t\t\t\t<\/div>\n\t\t\t\t<\/div>\n\t\t\t\t<\/div>\n\t\t<div class=\"elementor-element elementor-element-20ce247 e-con-full e-flex e-con e-child\" data-id=\"20ce247\" data-element_type=\"container\" data-e-type=\"container\">\n\t\t\t\t<div class=\"elementor-element elementor-element-0cf57ae elementor-widget elementor-widget-counter\" data-id=\"0cf57ae\" data-element_type=\"widget\" data-e-type=\"widget\" data-widget_type=\"counter.default\">\n\t\t\t\t<div class=\"elementor-widget-container\">\n\t\t\t\t\t\t\t<div class=\"elementor-counter\">\n\t\t\t<div class=\"elementor-counter-title\">SOPORTE 24\/7<\/div>\t\t\t<div class=\"elementor-counter-number-wrapper\">\n\t\t\t\t<span class=\"elementor-counter-number-prefix\"><\/span>\n\t\t\t\t<span class=\"elementor-counter-number\" data-duration=\"2000\" data-to-value=\"100\" data-from-value=\"10\" data-delimiter=\",\">10<\/span>\n\t\t\t\t<span class=\"elementor-counter-number-suffix\">+<\/span>\n\t\t\t<\/div>\n\t\t<\/div>\n\t\t\t\t\t\t<\/div>\n\t\t\t\t<\/div>\n\t\t\t\t<\/div>\n\t\t\t\t\t<\/div>\n\t\t\t\t<\/div>\n\t\t\t\t<\/div>","protected":false},"excerpt":{"rendered":"<p>Acerca de nosotros \u00a1Ofrecemos ofertas personalizadas y al por mayor de una gran variedad de art\u00edculos de primera necesidad para satisfacer al m\u00e1ximo sus necesidades! Empresa: Shenzhen Jinruijie Electronic Commerce Co, Ltd Nuestro correo electr\u00f3nico: lifecitypro@outlook.com Somos su tienda favorita. Bienvenido a lifecitypro.com, su destino \u00fanico para las necesidades diarias y mucho m\u00e1s. Somos una [...]<\/p>","protected":false},"author":1,"featured_media":0,"parent":0,"menu_order":0,"comment_status":"closed","ping_status":"closed","template":"","meta":{"site-sidebar-layout":"no-sidebar","site-content-layout":"page-builder","ast-site-content-layout":"full-width-container","site-content-style":"unboxed","site-sidebar-style":"unboxed","ast-global-header-display":"","ast-banner-title-visibility":"","ast-main-header-display":"","ast-hfb-above-header-display":"","ast-hfb-below-header-display":"","ast-hfb-mobile-header-display":"","site-post-title":"disabled","ast-breadcrumbs-content":"","ast-featured-img":"disabled","footer-sml-layout":"","ast-disable-related-posts":"","theme-transparent-header-meta":"enabled","adv-header-id-meta":"","stick-header-meta":"","header-above-stick-meta":"","header-main-stick-meta":"","header-below-stick-meta":"","astra-migrate-meta-layouts":"set","ast-page-background-enabled":"default","ast-page-background-meta":{"desktop":{"background-color":"","background-image":"","background-repeat":"repeat","background-position":"center center","background-size":"auto","background-attachment":"scroll","background-type":"","background-media":"","overlay-type":"","overlay-color":"","overlay-opacity":"","overlay-gradient":""},"tablet":{"background-color":"","background-image":"","background-repeat":"repeat","background-position":"center center","background-size":"auto","background-attachment":"scroll","background-type":"","background-media":"","overlay-type":"","overlay-color":"","overlay-opacity":"","overlay-gradient":""},"mobile":{"background-color":"","background-image":"","background-repeat":"repeat","background-position":"center center","background-size":"auto","background-attachment":"scroll","background-type":"","background-media":"","overlay-type":"","overlay-color":"","overlay-opacity":"","overlay-gradient":""}},"ast-content-background-meta":{"desktop":{"background-color":"var(--ast-global-color-4)","background-image":"","background-repeat":"repeat","background-position":"center center","background-size":"auto","background-attachment":"scroll","background-type":"","background-media":"","overlay-type":"","overlay-color":"","overlay-opacity":"","overlay-gradient":""},"tablet":{"background-color":"var(--ast-global-color-4)","background-image":"","background-repeat":"repeat","background-position":"center center","background-size":"auto","background-attachment":"scroll","background-type":"","background-media":"","overlay-type":"","overlay-color":"","overlay-opacity":"","overlay-gradient":""},"mobile":{"background-color":"var(--ast-global-color-4)","background-image":"","background-repeat":"repeat","background-position":"center center","background-size":"auto","background-attachment":"scroll","background-type":"","background-media":"","overlay-type":"","overlay-color":"","overlay-opacity":"","overlay-gradient":""}},"footnotes":""},"class_list":["post-96","page","type-page","status-publish","hentry"],"_links":{"self":[{"href":"https:\/\/www.lifecitypro.com\/es\/wp-json\/wp\/v2\/pages\/96","targetHints":{"allow":["GET"]}}],"collection":[{"href":"https:\/\/www.lifecitypro.com\/es\/wp-json\/wp\/v2\/pages"}],"about":[{"href":"https:\/\/www.lifecitypro.com\/es\/wp-json\/wp\/v2\/types\/page"}],"author":[{"embeddable":true,"href":"https:\/\/www.lifecitypro.com\/es\/wp-json\/wp\/v2\/users\/1"}],"replies":[{"embeddable":true,"href":"https:\/\/www.lifecitypro.com\/es\/wp-json\/wp\/v2\/comments?post=96"}],"version-history":[{"count":18,"href":"https:\/\/www.lifecitypro.com\/es\/wp-json\/wp\/v2\/pages\/96\/revisions"}],"predecessor-version":[{"id":5801,"href":"https:\/\/www.lifecitypro.com\/es\/wp-json\/wp\/v2\/pages\/96\/revisions\/5801"}],"wp:attachment":[{"href":"https:\/\/www.lifecitypro.com\/es\/wp-json\/wp\/v2\/media?parent=96"}],"curies":[{"name":"wp","href":"https:\/\/api.w.org\/{rel}","templated":true}]}}