{"id":9,"date":"2024-07-01T14:13:32","date_gmt":"2024-07-01T14:13:32","guid":{"rendered":"https:\/\/www.lifecitypro.com\/?page_id=9"},"modified":"2024-07-01T14:13:34","modified_gmt":"2024-07-01T14:13:34","slug":"refund_returns","status":"publish","type":"page","link":"https:\/\/www.lifecitypro.com\/es\/refund_returns\/","title":{"rendered":"Pol\u00edtica de devoluciones y reembolsos"},"content":{"rendered":"<p>Gracias por comprar en lifecitypro.com. Su satisfacci\u00f3n es importante para nosotros y queremos asegurarnos de que tenga una experiencia sin problemas con nuestros productos. Por favor, lea nuestra Pol\u00edtica de Devoluciones y Reembolsos para m\u00e1s detalles sobre la devoluci\u00f3n de art\u00edculos y la solicitud de reembolsos.<\/p>\n\n\n\n<h2 class=\"wp-block-heading\">Devuelve<\/h2>\n\n\n\n<p>Plazo: Aceptamos devoluciones en un plazo de 15 d\u00edas a partir de la fecha de compra. Transcurrido este plazo, lamentablemente no podemos ofrecer reembolsos ni cambios.<\/p>\n\n\n\n<p>Condiciones: Para que una devoluci\u00f3n sea posible, el art\u00edculo debe estar sin usar, en las mismas condiciones en que lo recibi\u00f3 y en su embalaje original. El art\u00edculo tambi\u00e9n debe tener el recibo\/factura original.<\/p>\n\n\n\n<h2 class=\"wp-block-heading\">Reembolsos<\/h2>\n\n\n\n<p>Importe del reembolso: Si se aprueba su devoluci\u00f3n, se le reembolsar\u00e1n 80 % del importe de la compra. Los 20 % restantes se deducir\u00e1n en concepto de gastos de almacenamiento.<\/p>\n\n\n\n<p>Plazo de tramitaci\u00f3n: Los reembolsos se tramitan en un plazo de 5 a 7 d\u00edas laborables tras la recepci\u00f3n del art\u00edculo devuelto.<\/p>\n\n\n\n<h2 class=\"wp-block-heading\">Intercambio<\/h2>\n\n\n\n<p>S\u00f3lo cambiaremos art\u00edculos si est\u00e1n defectuosos o da\u00f1ados. Si necesitas cambiar un art\u00edculo defectuoso o da\u00f1ado por el mismo art\u00edculo, ponte en contacto con nuestro equipo de atenci\u00f3n al cliente.<\/p>\n\n\n\n<h2 class=\"wp-block-heading\">Art\u00edculos da\u00f1ados<\/h2>\n\n\n\n<p>Si el art\u00edculo resulta da\u00f1ado durante el env\u00edo o al recibirlo, p\u00f3ngase en contacto inmediatamente con nuestro equipo de atenci\u00f3n al cliente. Organizaremos la devoluci\u00f3n o el reembolso seg\u00fan sea necesario.<\/p>\n\n\n\n<h2 class=\"wp-block-heading\">Devoluci\u00f3n<\/h2>\n\n\n\n<p>Usted es responsable de pagar sus propios gastos de env\u00edo para devolver su art\u00edculo. Los gastos de env\u00edo no son reembolsables. Si recibe un reembolso, el coste del env\u00edo de devoluci\u00f3n se deducir\u00e1 de su reembolso.<\/p>\n\n\n\n<h3 class=\"wp-block-heading\">C\u00f3mo iniciar una devoluci\u00f3n<\/h3>\n\n\n\n<p>Para iniciar una devoluci\u00f3n, siga estos pasos:<\/p>\n\n\n\n<p>P\u00f3ngase en contacto con nuestro equipo de atenci\u00f3n al cliente en [info@lifecitypro.com] para solicitar un n\u00famero de autorizaci\u00f3n de devoluci\u00f3n (RA).<\/p>\n\n\n\n<p>Marque claramente el n\u00famero RA en el exterior del paquete.<\/p>\n\n\n\n<p>Devuelva el producto a la direcci\u00f3n facilitada por nuestro equipo de atenci\u00f3n al cliente.<\/p>\n\n\n\n<h3 class=\"wp-block-heading\">P\u00f3ngase en contacto con nosotros<\/h3>\n\n\n\n<p>Si tiene alguna pregunta sobre nuestra pol\u00edtica de devoluciones y reembolsos, p\u00f3ngase en contacto con nuestro equipo de atenci\u00f3n al cliente en [info@lifecitypro.com].<\/p>\n\n\n\n<p>Gracias por elegir lifecitypro.com. Estamos aqu\u00ed para ayudarle a tener la mejor experiencia de compra posible y apreciamos su confianza en nuestros productos.<\/p>","protected":false},"excerpt":{"rendered":"<p>Gracias por comprar en lifecitypro.com. Su satisfacci\u00f3n es importante para nosotros y queremos asegurarnos de que tenga una experiencia sin problemas con nuestros productos. Por favor, lea nuestra Pol\u00edtica de Devoluciones y Reembolsos para m\u00e1s detalles sobre la devoluci\u00f3n de art\u00edculos y la solicitud de reembolsos. Plazo de devoluci\u00f3n: Aceptamos devoluciones dentro de los 15 d\u00edas siguientes a la fecha de compra. Despu\u00e9s [...]<\/p>","protected":false},"author":1,"featured_media":0,"parent":0,"menu_order":0,"comment_status":"closed","ping_status":"closed","template":"","meta":{"site-sidebar-layout":"default","site-content-layout":"","ast-site-content-layout":"default","site-content-style":"default","site-sidebar-style":"default","ast-global-header-display":"","ast-banner-title-visibility":"","ast-main-header-display":"","ast-hfb-above-header-display":"","ast-hfb-below-header-display":"","ast-hfb-mobile-header-display":"","site-post-title":"","ast-breadcrumbs-content":"","ast-featured-img":"","footer-sml-layout":"","theme-transparent-header-meta":"","adv-header-id-meta":"","stick-header-meta":"","header-above-stick-meta":"","header-main-stick-meta":"","header-below-stick-meta":"","astra-migrate-meta-layouts":"set","ast-page-background-enabled":"default","ast-page-background-meta":{"desktop":{"background-color":"","background-image":"","background-repeat":"repeat","background-position":"center center","background-size":"auto","background-attachment":"scroll","background-type":"","background-media":"","overlay-type":"","overlay-color":"","overlay-opacity":"","overlay-gradient":""},"tablet":{"background-color":"","background-image":"","background-repeat":"repeat","background-position":"center center","background-size":"auto","background-attachment":"scroll","background-type":"","background-media":"","overlay-type":"","overlay-color":"","overlay-opacity":"","overlay-gradient":""},"mobile":{"background-color":"","background-image":"","background-repeat":"repeat","background-position":"center center","background-size":"auto","background-attachment":"scroll","background-type":"","background-media":"","overlay-type":"","overlay-color":"","overlay-opacity":"","overlay-gradient":""}},"ast-content-background-meta":{"desktop":{"background-color":"var(--ast-global-color-5)","background-image":"","background-repeat":"repeat","background-position":"center center","background-size":"auto","background-attachment":"scroll","background-type":"","background-media":"","overlay-type":"","overlay-color":"","overlay-opacity":"","overlay-gradient":""},"tablet":{"background-color":"var(--ast-global-color-5)","background-image":"","background-repeat":"repeat","background-position":"center center","background-size":"auto","background-attachment":"scroll","background-type":"","background-media":"","overlay-type":"","overlay-color":"","overlay-opacity":"","overlay-gradient":""},"mobile":{"background-color":"var(--ast-global-color-5)","background-image":"","background-repeat":"repeat","background-position":"center center","background-size":"auto","background-attachment":"scroll","background-type":"","background-media":"","overlay-type":"","overlay-color":"","overlay-opacity":"","overlay-gradient":""}},"footnotes":""},"class_list":["post-9","page","type-page","status-publish","hentry"],"_links":{"self":[{"href":"https:\/\/www.lifecitypro.com\/es\/wp-json\/wp\/v2\/pages\/9","targetHints":{"allow":["GET"]}}],"collection":[{"href":"https:\/\/www.lifecitypro.com\/es\/wp-json\/wp\/v2\/pages"}],"about":[{"href":"https:\/\/www.lifecitypro.com\/es\/wp-json\/wp\/v2\/types\/page"}],"author":[{"embeddable":true,"href":"https:\/\/www.lifecitypro.com\/es\/wp-json\/wp\/v2\/users\/1"}],"replies":[{"embeddable":true,"href":"https:\/\/www.lifecitypro.com\/es\/wp-json\/wp\/v2\/comments?post=9"}],"version-history":[{"count":2,"href":"https:\/\/www.lifecitypro.com\/es\/wp-json\/wp\/v2\/pages\/9\/revisions"}],"predecessor-version":[{"id":5772,"href":"https:\/\/www.lifecitypro.com\/es\/wp-json\/wp\/v2\/pages\/9\/revisions\/5772"}],"wp:attachment":[{"href":"https:\/\/www.lifecitypro.com\/es\/wp-json\/wp\/v2\/media?parent=9"}],"curies":[{"name":"wp","href":"https:\/\/api.w.org\/{rel}","templated":true}]}}