{"id":6032,"date":"2025-01-13T01:04:52","date_gmt":"2025-01-13T01:04:52","guid":{"rendered":"https:\/\/www.lifecitypro.com\/?post_type=product&#038;p=6032"},"modified":"2025-12-13T07:05:17","modified_gmt":"2025-12-13T07:05:17","slug":"ultra-premium-9h-displayschutzfolien-aus-gehaertetem-glas-fuer-classic-model-3-model-y","status":"publish","type":"product","link":"https:\/\/www.lifecitypro.com\/en\/product\/ultra-premium-9h-displayschutzfolien-aus-gehaertetem-glas-fuer-classic-model-3-model-y\/","title":{"rendered":"Ultra-Premium 9H Displayschutzfolien aus geh\u00e4rtetem Glas f\u00fcr Classic Model 3 &#038; Model Y"},"content":{"rendered":"<div data-elementor-type=\"wp-post\" data-elementor-id=\"6032\" class=\"elementor elementor-6032\">\n\t\t\t\t<div class=\"elementor-element elementor-element-6d950cd e-flex e-con-boxed e-con e-parent\" data-id=\"6d950cd\" data-element_type=\"container\">\n\t\t\t\t\t<div class=\"e-con-inner\">\n\t\t\t\t<div class=\"elementor-element elementor-element-8145249 elementor-widget elementor-widget-text-editor\" data-id=\"8145249\" data-element_type=\"widget\" data-widget_type=\"text-editor.default\">\n\t\t\t\t<div class=\"elementor-widget-container\">\n\t\t\t\t\t\t\t\t\t<h2>Hauptmerkmale:<\/h2><p><strong>Un\u00fcbertroffene Haltbarkeit<\/strong>: Der einzige Tesla-Displayschutz aus hochwertigem Aluminosilikatglas \u2013 st\u00e4rker und h\u00e4rter als herk\u00f6mmliches geh\u00e4rtetes Glas.<\/p><p><strong>Permanente antimikrobielle Beschichtung<\/strong>: Mit Silberionen-Technologie, die Keime bei Kontakt abt\u00f6tet.<\/p><p><strong>M\u00fchelose Installation<\/strong>: Inklusive aufsteckbarer Ausrichtungshilfe und komplettem Reinigungsset f\u00fcr eine makellose, blasenfreie Anbringung.<\/p><p><strong>Sorgloser Ersatz<\/strong>: Sollte der Displayschutz w\u00e4hrend der Nutzung besch\u00e4digt werden, senden Sie uns einfach ein Foto und wir ersetzen ihn kostenlos.<\/p>\t\t\t\t\t\t\t\t<\/div>\n\t\t\t\t<\/div>\n\t\t\t\t\t<\/div>\n\t\t\t\t<\/div>\n\t\t<div class=\"elementor-element elementor-element-5f35ce6 e-flex e-con-boxed e-con e-parent\" data-id=\"5f35ce6\" data-element_type=\"container\">\n\t\t\t\t\t<div class=\"e-con-inner\">\n\t\t\t\t<div class=\"elementor-element elementor-element-b608990 elementor-widget elementor-widget-image-gallery\" data-id=\"b608990\" data-element_type=\"widget\" data-widget_type=\"image-gallery.default\">\n\t\t\t\t<div class=\"elementor-widget-container\">\n\t\t\t\t\t\t\t<div class=\"elementor-image-gallery\">\n\t\t\t<div id='gallery-1' class='gallery galleryid-6032 gallery-columns-3 gallery-size-medium_large'><figure class='gallery-item'>\n\t\t\t<div class='gallery-icon landscape'>\n\t\t\t\t<img fetchpriority=\"high\" decoding=\"async\" width=\"700\" height=\"700\" src=\"https:\/\/www.lifecitypro.com\/wp-content\/uploads\/2025\/12\/Ultra-Premium-9H-Tempered-Glass-Screen-Protectors-for-Classic-Model-3-Model-Y.jpg\" class=\"attachment-medium_large size-medium_large\" alt=\"Ultra-Premium 9H Displayschutzfolien aus geh\u00e4rtetem Glas f\u00fcr Classic Model 3 &amp; Model Y-Ultra Premium 9H Tempered Glass Screen Protectors for Classic Model 3 Model Y\" aria-describedby=\"gallery-1-6019\" srcset=\"https:\/\/www.lifecitypro.com\/wp-content\/uploads\/2025\/12\/Ultra-Premium-9H-Tempered-Glass-Screen-Protectors-for-Classic-Model-3-Model-Y.jpg 700w, https:\/\/www.lifecitypro.com\/wp-content\/uploads\/2025\/12\/Ultra-Premium-9H-Tempered-Glass-Screen-Protectors-for-Classic-Model-3-Model-Y-300x300.jpg 300w, https:\/\/www.lifecitypro.com\/wp-content\/uploads\/2025\/12\/Ultra-Premium-9H-Tempered-Glass-Screen-Protectors-for-Classic-Model-3-Model-Y-150x150.jpg 150w, https:\/\/www.lifecitypro.com\/wp-content\/uploads\/2025\/12\/Ultra-Premium-9H-Tempered-Glass-Screen-Protectors-for-Classic-Model-3-Model-Y-12x12.jpg 12w, https:\/\/www.lifecitypro.com\/wp-content\/uploads\/2025\/12\/Ultra-Premium-9H-Tempered-Glass-Screen-Protectors-for-Classic-Model-3-Model-Y-600x600.jpg 600w, https:\/\/www.lifecitypro.com\/wp-content\/uploads\/2025\/12\/Ultra-Premium-9H-Tempered-Glass-Screen-Protectors-for-Classic-Model-3-Model-Y-100x100.jpg 100w\" sizes=\"(max-width: 700px) 100vw, 700px\" \/>\n\t\t\t<\/div>\n\t\t\t\t<figcaption class='wp-caption-text gallery-caption' id='gallery-1-6019'>\n\t\t\t\tUltra-Premium 9H Displayschutzfolien aus geh\u00e4rtetem Glas f\u00fcr Classic Model 3 &#038; Model Y-Ultra Premium 9H Tempered Glass Screen Protectors for Classic Model 3 Model Y\n\t\t\t\t<\/figcaption><\/figure><figure class='gallery-item'>\n\t\t\t<div class='gallery-icon landscape'>\n\t\t\t\t<img decoding=\"async\" width=\"700\" height=\"700\" src=\"https:\/\/www.lifecitypro.com\/wp-content\/uploads\/2025\/12\/Ultra-Premium-9H-Tempered-Glass-Screen-Protectors-for-Classic-Model-3-Model-Y-1-.jpg\" class=\"attachment-medium_large size-medium_large\" alt=\"Ultra-Premium 9H Displayschutzfolien aus geh\u00e4rtetem Glas f\u00fcr Classic Model 3 &amp; Model Y-Ultra Premium 9H Tempered Glass Screen Protectors for Classic Model 3 Model Y 1\" aria-describedby=\"gallery-1-6020\" srcset=\"https:\/\/www.lifecitypro.com\/wp-content\/uploads\/2025\/12\/Ultra-Premium-9H-Tempered-Glass-Screen-Protectors-for-Classic-Model-3-Model-Y-1-.jpg 700w, https:\/\/www.lifecitypro.com\/wp-content\/uploads\/2025\/12\/Ultra-Premium-9H-Tempered-Glass-Screen-Protectors-for-Classic-Model-3-Model-Y-1--300x300.jpg 300w, https:\/\/www.lifecitypro.com\/wp-content\/uploads\/2025\/12\/Ultra-Premium-9H-Tempered-Glass-Screen-Protectors-for-Classic-Model-3-Model-Y-1--150x150.jpg 150w, https:\/\/www.lifecitypro.com\/wp-content\/uploads\/2025\/12\/Ultra-Premium-9H-Tempered-Glass-Screen-Protectors-for-Classic-Model-3-Model-Y-1--12x12.jpg 12w, https:\/\/www.lifecitypro.com\/wp-content\/uploads\/2025\/12\/Ultra-Premium-9H-Tempered-Glass-Screen-Protectors-for-Classic-Model-3-Model-Y-1--600x600.jpg 600w, https:\/\/www.lifecitypro.com\/wp-content\/uploads\/2025\/12\/Ultra-Premium-9H-Tempered-Glass-Screen-Protectors-for-Classic-Model-3-Model-Y-1--100x100.jpg 100w\" sizes=\"(max-width: 700px) 100vw, 700px\" \/>\n\t\t\t<\/div>\n\t\t\t\t<figcaption class='wp-caption-text gallery-caption' id='gallery-1-6020'>\n\t\t\t\tUltra-Premium 9H Displayschutzfolien aus geh\u00e4rtetem Glas f\u00fcr Classic Model 3 &#038; Model Y-Ultra Premium 9H Tempered Glass Screen Protectors for Classic Model 3 Model Y 1\n\t\t\t\t<\/figcaption><\/figure><figure class='gallery-item'>\n\t\t\t<div class='gallery-icon landscape'>\n\t\t\t\t<img decoding=\"async\" width=\"700\" height=\"700\" src=\"https:\/\/www.lifecitypro.com\/wp-content\/uploads\/2025\/12\/Ultra-Premium-9H-Tempered-Glass-Screen-Protectors-for-Classic-Model-3-Model-Y-2-.jpg\" class=\"attachment-medium_large size-medium_large\" alt=\"Ultra-Premium 9H Displayschutzfolien aus geh\u00e4rtetem Glas f\u00fcr Classic Model 3 &amp; Model Y-Ultra Premium 9H Tempered Glass Screen Protectors for Classic Model 3 Model Y 2\" aria-describedby=\"gallery-1-6021\" srcset=\"https:\/\/www.lifecitypro.com\/wp-content\/uploads\/2025\/12\/Ultra-Premium-9H-Tempered-Glass-Screen-Protectors-for-Classic-Model-3-Model-Y-2-.jpg 700w, https:\/\/www.lifecitypro.com\/wp-content\/uploads\/2025\/12\/Ultra-Premium-9H-Tempered-Glass-Screen-Protectors-for-Classic-Model-3-Model-Y-2--300x300.jpg 300w, https:\/\/www.lifecitypro.com\/wp-content\/uploads\/2025\/12\/Ultra-Premium-9H-Tempered-Glass-Screen-Protectors-for-Classic-Model-3-Model-Y-2--150x150.jpg 150w, https:\/\/www.lifecitypro.com\/wp-content\/uploads\/2025\/12\/Ultra-Premium-9H-Tempered-Glass-Screen-Protectors-for-Classic-Model-3-Model-Y-2--12x12.jpg 12w, https:\/\/www.lifecitypro.com\/wp-content\/uploads\/2025\/12\/Ultra-Premium-9H-Tempered-Glass-Screen-Protectors-for-Classic-Model-3-Model-Y-2--600x600.jpg 600w, https:\/\/www.lifecitypro.com\/wp-content\/uploads\/2025\/12\/Ultra-Premium-9H-Tempered-Glass-Screen-Protectors-for-Classic-Model-3-Model-Y-2--100x100.jpg 100w\" sizes=\"(max-width: 700px) 100vw, 700px\" \/>\n\t\t\t<\/div>\n\t\t\t\t<figcaption class='wp-caption-text gallery-caption' id='gallery-1-6021'>\n\t\t\t\tUltra-Premium 9H Displayschutzfolien aus geh\u00e4rtetem Glas f\u00fcr Classic Model 3 &#038; Model Y-Ultra Premium 9H Tempered Glass Screen Protectors for Classic Model 3 Model Y 2\n\t\t\t\t<\/figcaption><\/figure>\n\t\t<\/div>\n\t\t<\/div>\n\t\t\t\t\t\t<\/div>\n\t\t\t\t<\/div>\n\t\t\t\t\t<\/div>\n\t\t\t\t<\/div>\n\t\t<div class=\"elementor-element elementor-element-b89b94a e-flex e-con-boxed e-con e-parent\" data-id=\"b89b94a\" data-element_type=\"container\">\n\t\t\t\t\t<div class=\"e-con-inner\">\n\t\t<div class=\"elementor-element elementor-element-e6d9438 e-con-full e-flex e-con e-child\" data-id=\"e6d9438\" data-element_type=\"container\">\n\t\t\t\t<div class=\"elementor-element elementor-element-77b4c66 elementor-widget elementor-widget-text-editor\" data-id=\"77b4c66\" data-element_type=\"widget\" data-widget_type=\"text-editor.default\">\n\t\t\t\t<div class=\"elementor-widget-container\">\n\t\t\t\t\t\t\t\t\t<h2>Die Wahl zwischen Matt und HD Clear:<\/h2><p><strong>Mattglas<\/strong>: Reduziert Spiegelungen deutlich und eliminiert Fingerabdr\u00fccke nahezu vollst\u00e4ndig. Allerdings kann die Displaysch\u00e4rfe durch die matte Oberfl\u00e4che etwas geringer ausfallen.<\/p><p><strong>HD Clear<\/strong>: Kristallklar und nach der Installation praktisch unsichtbar. Dank der oleophoben, leicht zu reinigenden Beschichtung bleibt der Displayschutz stets sauber \u2013 \u00e4hnlich wie bei einem Premium-Smartphone-Display.<\/p>\t\t\t\t\t\t\t\t<\/div>\n\t\t\t\t<\/div>\n\t\t\t\t<\/div>\n\t\t<div class=\"elementor-element elementor-element-7520d47 e-con-full e-flex e-con e-child\" data-id=\"7520d47\" data-element_type=\"container\">\n\t\t\t\t<div class=\"elementor-element elementor-element-5ef38b3 elementor-widget elementor-widget-image-gallery\" data-id=\"5ef38b3\" data-element_type=\"widget\" data-widget_type=\"image-gallery.default\">\n\t\t\t\t<div class=\"elementor-widget-container\">\n\t\t\t\t\t\t\t<div class=\"elementor-image-gallery\">\n\t\t\t<div id='gallery-2' class='gallery galleryid-6032 gallery-columns-1 gallery-size-medium_large'><figure class='gallery-item'>\n\t\t\t<div class='gallery-icon landscape'>\n\t\t\t\t<img loading=\"lazy\" decoding=\"async\" width=\"700\" height=\"700\" src=\"https:\/\/www.lifecitypro.com\/wp-content\/uploads\/2025\/12\/Ultra-Premium-9H-Tempered-Glass-Screen-Protectors-for-Classic-Model-3-Model-Y.jpg\" class=\"attachment-medium_large size-medium_large\" alt=\"Ultra-Premium 9H Displayschutzfolien aus geh\u00e4rtetem Glas f\u00fcr Classic Model 3 &amp; Model Y-Ultra Premium 9H Tempered Glass Screen Protectors for Classic Model 3 Model Y\" aria-describedby=\"gallery-2-6019\" srcset=\"https:\/\/www.lifecitypro.com\/wp-content\/uploads\/2025\/12\/Ultra-Premium-9H-Tempered-Glass-Screen-Protectors-for-Classic-Model-3-Model-Y.jpg 700w, https:\/\/www.lifecitypro.com\/wp-content\/uploads\/2025\/12\/Ultra-Premium-9H-Tempered-Glass-Screen-Protectors-for-Classic-Model-3-Model-Y-300x300.jpg 300w, https:\/\/www.lifecitypro.com\/wp-content\/uploads\/2025\/12\/Ultra-Premium-9H-Tempered-Glass-Screen-Protectors-for-Classic-Model-3-Model-Y-150x150.jpg 150w, https:\/\/www.lifecitypro.com\/wp-content\/uploads\/2025\/12\/Ultra-Premium-9H-Tempered-Glass-Screen-Protectors-for-Classic-Model-3-Model-Y-12x12.jpg 12w, https:\/\/www.lifecitypro.com\/wp-content\/uploads\/2025\/12\/Ultra-Premium-9H-Tempered-Glass-Screen-Protectors-for-Classic-Model-3-Model-Y-600x600.jpg 600w, https:\/\/www.lifecitypro.com\/wp-content\/uploads\/2025\/12\/Ultra-Premium-9H-Tempered-Glass-Screen-Protectors-for-Classic-Model-3-Model-Y-100x100.jpg 100w\" sizes=\"(max-width: 700px) 100vw, 700px\" \/>\n\t\t\t<\/div>\n\t\t\t\t<figcaption class='wp-caption-text gallery-caption' id='gallery-2-6019'>\n\t\t\t\tUltra-Premium 9H Displayschutzfolien aus geh\u00e4rtetem Glas f\u00fcr Classic Model 3 &#038; Model Y-Ultra Premium 9H Tempered Glass Screen Protectors for Classic Model 3 Model Y\n\t\t\t\t<\/figcaption><\/figure>\n\t\t<\/div>\n\t\t<\/div>\n\t\t\t\t\t\t<\/div>\n\t\t\t\t<\/div>\n\t\t\t\t<\/div>\n\t\t\t\t\t<\/div>\n\t\t\t\t<\/div>\n\t\t<div class=\"elementor-element elementor-element-195ec25 e-flex e-con-boxed e-con e-parent\" data-id=\"195ec25\" data-element_type=\"container\">\n\t\t\t\t\t<div class=\"e-con-inner\">\n\t\t\t\t<div class=\"elementor-element elementor-element-8856814 elementor-widget elementor-widget-text-editor\" data-id=\"8856814\" data-element_type=\"widget\" data-widget_type=\"text-editor.default\">\n\t\t\t\t<div class=\"elementor-widget-container\">\n\t\t\t\t\t\t\t\t\t<h2>Hinweis zur Qualit\u00e4t:<\/h2><p>Nicht alle Displayschutzfolien sind gleich. Viele g\u00fcnstige Modelle weisen deutliche M\u00e4ngel in Bezug auf H\u00e4rte und Klarheit des Glases auf.<\/p><p>Jede Schutzfolie wird in einer robusten Verpackung mit einer leicht verst\u00e4ndlichen Anleitung und einem Link zu unserem Schritt-f\u00fcr-Schritt-Installationsvideo geliefert \u2013 so gelingt die Anbringung m\u00fchelos.<\/p>\t\t\t\t\t\t\t\t<\/div>\n\t\t\t\t<\/div>\n\t\t\t\t\t<\/div>\n\t\t\t\t<\/div>\n\t\t\t\t<\/div>","protected":false},"excerpt":{"rendered":"<p>Dies ist zweifellos die hochwertigste Displayschutzfolie f\u00fcr Ihr Tesla Model 3 oder Model Y. Sie verf\u00fcgt \u00fcber eine exklusive antimikrobielle Silberionen-Beschichtung, eine einfache Montagehilfe und eine H\u00e4rte, die alle anderen Schutzfolien auf dem Markt \u00fcbertrifft. Wenn Sie nur das Beste f\u00fcr Ihren Tesla wollen, ist dies die richtige Wahl.<\/p>\n<h3>Hauptmerkmale:<\/h3>\n<ul>\n<li><strong>Un\u00fcbertroffene Haltbarkeit:<\/strong> Die einzige Tesla-Displayschutzfolie aus hochwertigem Aluminosilikatglas \u2013 st\u00e4rker und h\u00e4rter als herk\u00f6mmliches geh\u00e4rtetes Glas.<\/li>\n<li><strong>Permanente antimikrobielle Beschichtung:<\/strong> Mit Silberionen-Technologie, die Keime bei Kontakt abt\u00f6tet.<\/li>\n<li><strong>M\u00fchelose Installation:<\/strong> Inklusive Montagehilfe und Reinigungsset f\u00fcr eine makellose, blasenfreie Anbringung.<\/li>\n<li><strong>Sorgloser Ersatz:<\/strong> Sollte die Folie w\u00e4hrend der Nutzung besch\u00e4digt werden, senden Sie uns einfach ein Foto und wir ersetzen sie kostenlos.<\/li>\n<\/ul>","protected":false},"featured_media":6019,"comment_status":"open","ping_status":"closed","template":"","meta":{"site-sidebar-layout":"default","site-content-layout":"","ast-site-content-layout":"default","site-content-style":"default","site-sidebar-style":"default","ast-global-header-display":"","ast-banner-title-visibility":"","ast-main-header-display":"","ast-hfb-above-header-display":"","ast-hfb-below-header-display":"","ast-hfb-mobile-header-display":"","site-post-title":"","ast-breadcrumbs-content":"","ast-featured-img":"","footer-sml-layout":"","theme-transparent-header-meta":"default","adv-header-id-meta":"","stick-header-meta":"default","header-above-stick-meta":"","header-main-stick-meta":"","header-below-stick-meta":"","astra-migrate-meta-layouts":"set","ast-page-background-enabled":"default","ast-page-background-meta":{"desktop":{"background-color":"","background-image":"","background-repeat":"repeat","background-position":"center center","background-size":"auto","background-attachment":"scroll","background-type":"","background-media":"","overlay-type":"","overlay-color":"","overlay-opacity":"","overlay-gradient":""},"tablet":{"background-color":"","background-image":"","background-repeat":"repeat","background-position":"center center","background-size":"auto","background-attachment":"scroll","background-type":"","background-media":"","overlay-type":"","overlay-color":"","overlay-opacity":"","overlay-gradient":""},"mobile":{"background-color":"","background-image":"","background-repeat":"repeat","background-position":"center center","background-size":"auto","background-attachment":"scroll","background-type":"","background-media":"","overlay-type":"","overlay-color":"","overlay-opacity":"","overlay-gradient":""}},"ast-content-background-meta":{"desktop":{"background-color":"var(--ast-global-color-5)","background-image":"","background-repeat":"repeat","background-position":"center center","background-size":"auto","background-attachment":"scroll","background-type":"","background-media":"","overlay-type":"","overlay-color":"","overlay-opacity":"","overlay-gradient":""},"tablet":{"background-color":"var(--ast-global-color-5)","background-image":"","background-repeat":"repeat","background-position":"center center","background-size":"auto","background-attachment":"scroll","background-type":"","background-media":"","overlay-type":"","overlay-color":"","overlay-opacity":"","overlay-gradient":""},"mobile":{"background-color":"var(--ast-global-color-5)","background-image":"","background-repeat":"repeat","background-position":"center center","background-size":"auto","background-attachment":"scroll","background-type":"","background-media":"","overlay-type":"","overlay-color":"","overlay-opacity":"","overlay-gradient":""}}},"product_brand":[],"product_cat":[92],"product_tag":[],"class_list":{"0":"post-6032","1":"product","2":"type-product","3":"status-publish","4":"has-post-thumbnail","6":"product_cat-autoteile","7":"desktop-align-center","8":"tablet-align-center","9":"mobile-align-center","10":"ast-product-gallery-layout-horizontal-slider","11":"ast-product-tabs-layout-horizontal","12":"ast-qv-on-image","14":"first","15":"instock","16":"sale","17":"shipping-taxable","18":"purchasable","19":"product-type-simple"},"tiered_pricing_type":"fixed","tiered_pricing_fixed_rules":[],"tiered_pricing_product_settings":{"layout":"default","base_unit_name":{"singular":null,"plural":null},"default_variation":null},"tiered_pricing_minimum_quantity":null,"tiered_pricing_roles_data":[],"tiered_pricing_percentage_rules":[],"_links":{"self":[{"href":"https:\/\/www.lifecitypro.com\/en\/wp-json\/wp\/v2\/product\/6032","targetHints":{"allow":["GET"]}}],"collection":[{"href":"https:\/\/www.lifecitypro.com\/en\/wp-json\/wp\/v2\/product"}],"about":[{"href":"https:\/\/www.lifecitypro.com\/en\/wp-json\/wp\/v2\/types\/product"}],"replies":[{"embeddable":true,"href":"https:\/\/www.lifecitypro.com\/en\/wp-json\/wp\/v2\/comments?post=6032"}],"version-history":[{"count":8,"href":"https:\/\/www.lifecitypro.com\/en\/wp-json\/wp\/v2\/product\/6032\/revisions"}],"predecessor-version":[{"id":6178,"href":"https:\/\/www.lifecitypro.com\/en\/wp-json\/wp\/v2\/product\/6032\/revisions\/6178"}],"wp:featuredmedia":[{"embeddable":true,"href":"https:\/\/www.lifecitypro.com\/en\/wp-json\/wp\/v2\/media\/6019"}],"wp:attachment":[{"href":"https:\/\/www.lifecitypro.com\/en\/wp-json\/wp\/v2\/media?parent=6032"}],"wp:term":[{"taxonomy":"product_brand","embeddable":true,"href":"https:\/\/www.lifecitypro.com\/en\/wp-json\/wp\/v2\/product_brand?post=6032"},{"taxonomy":"product_cat","embeddable":true,"href":"https:\/\/www.lifecitypro.com\/en\/wp-json\/wp\/v2\/product_cat?post=6032"},{"taxonomy":"product_tag","embeddable":true,"href":"https:\/\/www.lifecitypro.com\/en\/wp-json\/wp\/v2\/product_tag?post=6032"}],"curies":[{"name":"wp","href":"https:\/\/api.w.org\/{rel}","templated":true}]}}